{"id":10305,"date":"2026-04-01T11:12:05","date_gmt":"2026-04-01T08:12:05","guid":{"rendered":"https:\/\/etti.upb.ro\/?page_id=10305"},"modified":"2026-04-01T16:21:24","modified_gmt":"2026-04-01T13:21:24","slug":"admitere-masterat-2","status":"publish","type":"page","link":"https:\/\/etti.upb.ro\/en\/oferta-educationala\/admitere-masterat-2\/","title":{"rendered":"Master&#039;s degree"},"content":{"rendered":"<div data-elementor-type=\"wp-page\" data-elementor-id=\"10305\" class=\"elementor elementor-10305\">\n<div class=\"elementor-element elementor-element-ea9c705 e-con-full e-flex e-con e-parent\" data-id=\"ea9c705\" data-element_type=\"container\" data-e-type=\"container\">\n<div class=\"elementor-element elementor-element-8ed7c11 e-grid e-con-full e-con e-child\" data-id=\"8ed7c11\" data-element_type=\"container\" data-e-type=\"container\" data-settings=\"{&quot;shape_divider_top&quot;:&quot;arrow&quot;}\">\n<div class=\"elementor-shape elementor-shape-top\" aria-hidden=\"true\" data-negative=\"false\">\n\t\t\t<svg xmlns=\"http:\/\/www.w3.org\/2000\/svg\" viewbox=\"0 0 700 10\" preserveaspectratio=\"none\">\n\t<path class=\"elementor-shape-fill\" d=\"M350,10L340,0h20L350,10z\"\/>\n<\/svg>\t\t<\/div>\n<div class=\"elementor-element elementor-element-7721e61 elementor-widget elementor-widget-text-editor\" data-id=\"7721e61\" data-element_type=\"widget\" data-e-type=\"widget\" data-widget_type=\"text-editor.default\">\n<div class=\"elementor-widget-container\">\n<h5>EARLY ADMISSION SESSION<\/h5>\n<\/p><\/div>\n<\/p><\/div>\n<div class=\"elementor-element elementor-element-e52f0a2 elementor-widget elementor-widget-text-editor\" data-id=\"e52f0a2\" data-element_type=\"widget\" data-e-type=\"widget\" data-widget_type=\"text-editor.default\">\n<div class=\"elementor-widget-container\">\n<h5>JULY SESSION<\/h5>\n<\/p><\/div>\n<\/p><\/div>\n<div class=\"elementor-element elementor-element-4a132ab elementor-widget elementor-widget-text-editor\" data-id=\"4a132ab\" data-element_type=\"widget\" data-e-type=\"widget\" data-widget_type=\"text-editor.default\">\n<div class=\"elementor-widget-container\">\n<h5>SEPTEMBER SESSION (only for master's degrees for which places are still available)<\/h5>\n<\/p><\/div>\n<\/p><\/div>\n<div class=\"elementor-element elementor-element-cf87f90 elementor-widget elementor-widget-text-editor\" data-id=\"cf87f90\" data-element_type=\"widget\" data-e-type=\"widget\" data-widget_type=\"text-editor.default\">\n<div class=\"elementor-widget-container\">\n<p>Registering candidates*** :<\/p>\n<p><strong>15.01 2026 - 08.05.2026*<\/strong><\/p>\n<p>Admission competition :<\/p>\n<p><strong>11.05 - 14.05.2026<\/strong><\/p>\n<p>Communication of results :<\/p>\n<p><strong>15.05.2026<\/strong><\/p>\n<p>Registration of candidates :<\/p>\n<p><strong>15.05 - 20.05.2026**<\/strong><br \/><strong>02.07 - 07.07.2026**<\/strong><\/p>\n<\/p><\/div>\n<\/p><\/div>\n<div class=\"elementor-element elementor-element-0d8ecd6 elementor-widget elementor-widget-text-editor\" data-id=\"0d8ecd6\" data-element_type=\"widget\" data-e-type=\"widget\" data-widget_type=\"text-editor.default\">\n<div class=\"elementor-widget-container\">\n<p>Registering candidates*** :<\/p>\n<p><strong>30.06 - 11.07.2026*<\/strong><\/p>\n<p>Admission competition :<\/p>\n<p><strong>14.07- 15.07.2026<\/strong><\/p>\n<p>Communication of results :<\/p>\n<p><strong>16.07.2026<\/strong><\/p>\n<p>Registration of candidates :<\/p>\n<p><strong>17.07 - 23.07.2026**<\/strong><\/p>\n<\/p><\/div>\n<\/p><\/div>\n<div class=\"elementor-element elementor-element-82702bb elementor-widget elementor-widget-text-editor\" data-id=\"82702bb\" data-element_type=\"widget\" data-e-type=\"widget\" data-widget_type=\"text-editor.default\">\n<div class=\"elementor-widget-container\">\n<p>Registering candidates*** :<\/p>\n<p><strong>01.09 - 15.09.2026*<\/strong><\/p>\n<p>Admission competition :<\/p>\n<p><strong>16.09 - 17.09.2026<\/strong><\/p>\n<p>Communication of results :<\/p>\n<p><strong>17.09.2026<\/strong><\/p>\n<p>Registration of candidates :<\/p>\n<p><strong>17.09 - 18.09.2026**<\/strong><\/p>\n<\/p><\/div>\n<\/p><\/div>\n<div class=\"elementor-element elementor-element-2d3eee7 elementor-widget elementor-widget-text-editor\" data-id=\"2d3eee7\" data-element_type=\"widget\" data-e-type=\"widget\" data-widget_type=\"text-editor.default\">\n<div class=\"elementor-widget-container\">\n<h2>Session I<\/h2>\n<p>Early admission<\/p>\n<p><a href=\"\/en\/oferta-educationala\/admitere-masterat\/sesiunea-i-master-admitere-anticipata\/\">Find out more!<\/a><\/p>\n<\/p><\/div>\n<\/p><\/div>\n<div class=\"elementor-element elementor-element-535e726 elementor-widget elementor-widget-text-editor\" data-id=\"535e726\" data-element_type=\"widget\" data-e-type=\"widget\" data-widget_type=\"text-editor.default\">\n<div class=\"elementor-widget-container\">\n<h2>Session II<\/h2>\n<p>July<\/p>\n<p><a href=\"\/en\/oferta-educationala\/admitere-masterat\/sesiunea-ii-master-iulie\/\">Find out more!<\/a><\/p>\n<\/p><\/div>\n<\/p><\/div>\n<div class=\"elementor-element elementor-element-19e025a elementor-widget elementor-widget-text-editor\" data-id=\"19e025a\" data-element_type=\"widget\" data-e-type=\"widget\" data-widget_type=\"text-editor.default\">\n<div class=\"elementor-widget-container\">\n<h2>Session III<\/h2>\n<p>September<\/p>\n<p><a href=\"\/en\/oferta-educationala\/admitere-masterat\/sesiunea-iii-master-septembrie\/\">Find out more!<\/a><\/p>\n<\/p><\/div>\n<\/p><\/div>\n<\/p><\/div>\n<\/p><\/div>\n<div class=\"elementor-element elementor-element-2250b9a e-flex e-con-boxed e-con e-parent\" data-id=\"2250b9a\" data-element_type=\"container\" data-e-type=\"container\">\n<div class=\"e-con-inner\">\n<div class=\"elementor-element elementor-element-66a1189 elementor-widget elementor-widget-text-editor\" data-id=\"66a1189\" data-element_type=\"widget\" data-e-type=\"widget\" data-widget_type=\"text-editor.default\">\n<div class=\"elementor-widget-container\">\n<p style=\"text-align: center; font-size: 15px;\">*On the last registration day of each period, registration can only be done until 16:00.<\/p>\n<p>**Enrolment takes place on working days and is subject to the presentation by the admitted student of the proof of graduation from the Bachelor's Degree, for the 2025-2026 graduating class, respectively the Bachelor's Degree diploma for the previous graduating classes.<\/p>\n<p>*** A candidate can apply for budget places at only one faculty.<\/p>\n<p style=\"text-align: center; font-size: 15px;\"><a href=\"https:\/\/upb.ro\/wp-content\/uploads\/2026\/03\/Regulament-admitere-masterat_02_2026-2027.pdf\" target=\"_blank\" rel=\"noopener\"><strong>Master's admission regulations<\/strong><\/a><\/p>\n<p style=\"text-align: center; font-size: 15px;\"><strong>You can find a list of master programmes and information about them <a href=\"\/en\/oferta-educationala\/programe-de-masterat\/\" target=\"_blank\" rel=\"noopener\">here<\/a>!\u00a0<\/strong><\/p>\n<p style=\"text-align: center; font-size: 15px;\"><strong>To apply for admission to the competition for admission to university master's degree courses, candidates must submit their applications online on the website <a href=\"https:\/\/admitere.pub.ro\" target=\"_blank\" rel=\"noopener\">https:\/\/admitere.pub.ro<\/a> the application file.<\/strong><\/p>\n<p style=\"text-align: center; font-size: 15px;\"><strong>Please contact the admissions team at\u00a0<a href=\"mailto:admitere@electronica.pub.ro\">admitere.etti@upb.ro<\/a>\u00a0in case you have any questions.<\/strong><\/p>\n<\/p><\/div>\n<\/p><\/div>\n<\/p><\/div>\n<\/p><\/div>\n<\/p><\/div>","protected":false},"excerpt":{"rendered":"<p>SESIUNE ADMITERE ANTICIPAT\u0102 SESIUNEA IULIE SESIUNEA SEPTEMBRIE\u00a0(doar pentru masteratele la care mai r\u0103m\u00e2n locuri libere) \u00censcrierea candida\u021bilor*** : 15.01 2026 \u2013 08.05.2026* Concurs de admitere : 11.05 \u2013 14.05.2026 Comunicarea rezultatelor : 15.05.2026 \u00cenmatricularea candida\u021bilor : 15.05 \u2013 20.05.2026**02.07 \u2013 \u00a007.07.2026** \u00censcrierea candida\u021bilor*** : 30.06 \u2013 11.07.2026* Concurs de admitere : 14.07\u2013 15.07.2026 Comunicarea rezultatelor : 16.07.2026 \u00cenmatricularea candida\u021bilor : [&hellip;]<\/p>\n","protected":false},"author":29,"featured_media":0,"parent":555,"menu_order":0,"comment_status":"closed","ping_status":"closed","template":"","meta":{"_acf_changed":false,"_coblocks_attr":"","_coblocks_dimensions":"","_coblocks_responsive_height":"","_coblocks_accordion_ie_support":"","_eb_attr":"","_uag_custom_page_level_css":"","footnotes":""},"class_list":["post-10305","page","type-page","status-publish","hentry"],"acf":[],"featured_image_src":null,"uagb_featured_image_src":{"full":false,"thumbnail":false,"medium":false,"medium_large":false,"large":false,"elegant_blocks_team_1":false,"elegant_blocks_blog_1":false,"elegant_blocks_slider_1":false,"1536x1536":false,"2048x2048":false,"trp-custom-language-flag":false,"bizberg_medium":false,"bizberg_gallery":false,"bizberg_blog_list":false,"bizberg_detail_image":false,"bizberg_portfolio_homepage":false,"bizberg_blog_list_no_sidebar_1":false,"bizberg_detail_image_no_sidebar":false},"uagb_author_info":{"display_name":"Vanghele Ramona","author_link":"https:\/\/etti.upb.ro\/en\/author\/ramona-vanghele\/"},"uagb_comment_info":0,"uagb_excerpt":"SESIUNE ADMITERE ANTICIPAT\u0102 SESIUNEA IULIE SESIUNEA SEPTEMBRIE\u00a0(doar pentru masteratele la care mai r\u0103m\u00e2n locuri libere) \u00censcrierea candida\u021bilor*** : 15.01 2026 \u2013 08.05.2026* Concurs de admitere : 11.05 \u2013 14.05.2026 Comunicarea rezultatelor : 15.05.2026 \u00cenmatricularea candida\u021bilor : 15.05 \u2013 20.05.2026**02.07 \u2013 \u00a007.07.2026** \u00censcrierea candida\u021bilor*** : 30.06 \u2013 11.07.2026* Concurs de admitere : 14.07\u2013 15.07.2026 Comunicarea rezultatelor&hellip;","_links":{"self":[{"href":"https:\/\/etti.upb.ro\/en\/wp-json\/wp\/v2\/pages\/10305","targetHints":{"allow":["GET"]}}],"collection":[{"href":"https:\/\/etti.upb.ro\/en\/wp-json\/wp\/v2\/pages"}],"about":[{"href":"https:\/\/etti.upb.ro\/en\/wp-json\/wp\/v2\/types\/page"}],"author":[{"embeddable":true,"href":"https:\/\/etti.upb.ro\/en\/wp-json\/wp\/v2\/users\/29"}],"replies":[{"embeddable":true,"href":"https:\/\/etti.upb.ro\/en\/wp-json\/wp\/v2\/comments?post=10305"}],"version-history":[{"count":43,"href":"https:\/\/etti.upb.ro\/en\/wp-json\/wp\/v2\/pages\/10305\/revisions"}],"predecessor-version":[{"id":10361,"href":"https:\/\/etti.upb.ro\/en\/wp-json\/wp\/v2\/pages\/10305\/revisions\/10361"}],"up":[{"embeddable":true,"href":"https:\/\/etti.upb.ro\/en\/wp-json\/wp\/v2\/pages\/555"}],"wp:attachment":[{"href":"https:\/\/etti.upb.ro\/en\/wp-json\/wp\/v2\/media?parent=10305"}],"curies":[{"name":"wp","href":"https:\/\/api.w.org\/{rel}","templated":true}]}}