{"id":1241,"date":"2021-03-27T21:55:09","date_gmt":"2021-03-27T19:55:09","guid":{"rendered":"https:\/\/site.dcae.pub.ro\/?page_id=1241"},"modified":"2025-02-10T11:18:32","modified_gmt":"2025-02-10T09:18:32","slug":"tur-virtual","status":"publish","type":"page","link":"https:\/\/etti.upb.ro\/en\/despre-noi\/tur-virtual\/","title":{"rendered":"Visit ETTI"},"content":{"rendered":"<div class=\"wp-block-image is-style-default\">\n<figure class=\"aligncenter size-full is-resized\"><img decoding=\"async\" src=\"https:\/\/etti.upb.ro\/wp-content\/uploads\/2022\/04\/drag-to-move-the-mouse-pointer-and-tap-to-click-drag-and-drop-mouse-symbol-text-logo-trademark-transparent-png-1531248.webp\" alt=\"\" class=\"wp-image-2549\" style=\"width:206px;height:96px\" width=\"206\" height=\"96\" srcset=\"https:\/\/etti.upb.ro\/wp-content\/uploads\/2022\/04\/drag-to-move-the-mouse-pointer-and-tap-to-click-drag-and-drop-mouse-symbol-text-logo-trademark-transparent-png-1531248.webp 824w, https:\/\/etti.upb.ro\/wp-content\/uploads\/2022\/04\/drag-to-move-the-mouse-pointer-and-tap-to-click-drag-and-drop-mouse-symbol-text-logo-trademark-transparent-png-1531248-300x140.webp 300w, https:\/\/etti.upb.ro\/wp-content\/uploads\/2022\/04\/drag-to-move-the-mouse-pointer-and-tap-to-click-drag-and-drop-mouse-symbol-text-logo-trademark-transparent-png-1531248-768x359.webp 768w, https:\/\/etti.upb.ro\/wp-content\/uploads\/2022\/04\/drag-to-move-the-mouse-pointer-and-tap-to-click-drag-and-drop-mouse-symbol-text-logo-trademark-transparent-png-1531248-18x8.webp 18w\" sizes=\"(max-width: 206px) 100vw, 206px\" \/><\/figure>\n<\/div>\n\n\n<div class=\"wp-block-columns has-background is-layout-flex wp-container-core-columns-is-layout-9d6595d7 wp-block-columns-is-layout-flex\" style=\"background:linear-gradient(90deg,rgb(242,242,242) 0%,rgb(255,255,255) 100%)\">\n<div class=\"wp-block-column is-layout-flow wp-block-column-is-layout-flow\" style=\"flex-basis:66.66%\">\n<figure style=\"width:600px;height:300px\" class=\"wp-block-algori-360-image-block-algori-360-image alignleft\"><a-scene loading-screen=\"enabled: false;\" device-orientation-permission-ui=\"enabled: false\" embedded=\"\"><a-entity camera=\"\" look-controls=\"reverseMouseDrag: true\"><\/a-entity><a-sky src=\"https:\/\/etti.upb.ro\/wp-content\/uploads\/2021\/04\/12.webp\"><\/a-sky><\/a-scene><\/figure>\n<\/div>\n\n\n\n<div class=\"wp-block-column is-vertically-aligned-center is-layout-flow wp-block-column-is-layout-flow\" style=\"flex-basis:33.33%\">\n<p class=\"has-text-align-left\" style=\"text-align: justify;\"><strong>Multimedia Content Production Lab<\/strong> enables the training of sound engineers and technical and technological support specialists for studios specialising in digital sound capture, processing and mastering (classical and digital cinema, television studios, AV production companies), a subject at the intersection of the fields of study Electronics and Telecommunications (ETC), Computers and Information Technology (CTI) technologies and Audiovisual content production and post-production techniques - tangential to the skills formed in the relevant sections of the faculties of cinema and music.<\/p>\n<\/div>\n<\/div>\n\n\n\n<div class=\"wp-block-columns has-background is-layout-flex wp-container-core-columns-is-layout-9d6595d7 wp-block-columns-is-layout-flex\" style=\"background:linear-gradient(90deg,rgb(255,255,255) 0%,rgb(242,242,242) 100%)\">\n<div class=\"wp-block-column is-layout-flow wp-block-column-is-layout-flow\" style=\"flex-basis:33.33%\">\n<p style=\"text-align: justify;\"><strong>Electronics Technology Laboratory<\/strong>, affiliated to the Centre for Electronics Technology and Interconnection Techniques (<a data-type=\"URL\" data-id=\"www.cetti.ro\" href=\"http:\/\/www.cetti.ro\" target=\"_blank\" rel=\"noreferrer noopener\">www.cetti.ro<\/a>), offers students the opportunity to make their own electronic modules in both THT and SMT technology. The laboratory is equipped with industrial equipment according to SMT and THT IPC standards for the assembly and optical inspection of electronic modules, as well as computers for modeling and simulation of electronic circuits in terms of electrical, thermal and signal integrity. In the laboratory, students can also approach 3D design, including the realization of projects using the 3D printer. Thus, students acquire knowledge of electronic technology, design for manufacturing, 3D modeling and testing of electronic modules.<\/p>\n<\/div>\n\n\n\n<div class=\"wp-block-column is-layout-flow wp-block-column-is-layout-flow\" style=\"flex-basis:66.66%\">\n<figure style=\"width:600px;height:300px\" class=\"wp-block-algori-360-image-block-algori-360-image alignright\"><a-scene loading-screen=\"enabled: false;\" device-orientation-permission-ui=\"enabled: false\" embedded=\"\"><a-entity camera=\"\" look-controls=\"reverseMouseDrag: true\"><\/a-entity><a-sky src=\"https:\/\/etti.upb.ro\/wp-content\/uploads\/2021\/04\/1.webp\"><\/a-sky><\/a-scene><\/figure>\n<\/div>\n<\/div>\n\n\n\n<div class=\"wp-block-columns has-background is-layout-flex wp-container-core-columns-is-layout-9d6595d7 wp-block-columns-is-layout-flex\" style=\"background:linear-gradient(90deg,rgb(242,242,242) 0%,rgb(255,255,255) 100%)\">\n<div class=\"wp-block-column is-layout-flow wp-block-column-is-layout-flow\" style=\"flex-basis:66.66%\">\n<figure style=\"width:600px;height:300px\" class=\"wp-block-algori-360-image-block-algori-360-image alignleft\"><a-scene loading-screen=\"enabled: false;\" device-orientation-permission-ui=\"enabled: false\" embedded=\"\"><a-entity camera=\"\" look-controls=\"reverseMouseDrag: true\"><\/a-entity><a-sky src=\"https:\/\/etti.upb.ro\/wp-content\/uploads\/2021\/04\/10.webp\"><\/a-sky><\/a-scene><\/figure>\n<\/div>\n\n\n\n<div class=\"wp-block-column is-vertically-aligned-center is-layout-flow wp-block-column-is-layout-flow\" style=\"flex-basis:33.33%\">\n<p class=\"has-text-align-right\" style=\"text-align: justify;\"><strong>Passive Components and Circuits Laboratory<\/strong> aims at enriching students' knowledge with the specificity of discrete (in THT, SMD, including networks) and integrated passive electronic components. Practical and theoretical notions related to the measurement, use and testing of resistors, capacitors, inductors and circuits made with these components are presented. After thoroughly mastering the knowledge presented students will be able to understand the operation of passive electronic components and use them in applications. They will also be able to choose the optimal type of component for a given application taking into account the limitations of the physical components (behaviour in frequency and temperature range) and the standards and regulations for electromagnetic compatibility, safety and environmental restrictions.<\/p>\n<\/div>\n<\/div>\n\n\n\n<div class=\"wp-block-columns has-background is-layout-flex wp-container-core-columns-is-layout-9d6595d7 wp-block-columns-is-layout-flex\" style=\"background:linear-gradient(90deg,rgb(255,255,255) 0%,rgb(242,242,242) 100%)\">\n<div class=\"wp-block-column is-layout-flow wp-block-column-is-layout-flow\" style=\"flex-basis:33.33%\">\n<p style=\"text-align:justify;\"><strong>Analogue and Digital Communications Laboratory<\/strong> aims at understanding the phenomena of transmission and reception of information by acquiring practical skills, hardware and software, on modulation\/demodulation techniques related to analogue and\/or digital communications. The experimental work is intended to be a natural continuation, in an applied sense, of the theoretical knowledge acquired in the disciplines: Analogue and Digital Communications, respectively Data Communications. The applications familiarise students with the implementation of analogue and digital transmission techniques using dedicated hardware equipment (LabVolt test boards). They are mainly considered:<br>- familiarization with analog modulation techniques (AM, PM, FM);<br>- familiarization with impulse modulation techniques (PAM, PCM, DM);<br>- familiarization with phase jump modulation techniques (BPSK, QPSK).<br>The entire activity of the students is monitored by a client-server application Lab-Volt, which runs on the computer network in the laboratory.<\/p>\n<\/div>\n\n\n\n<div class=\"wp-block-column is-layout-flow wp-block-column-is-layout-flow\" style=\"flex-basis:66.66%\">\n<figure style=\"width:600px;height:300px\" class=\"wp-block-algori-360-image-block-algori-360-image alignright\"><a-scene loading-screen=\"enabled: false;\" device-orientation-permission-ui=\"enabled: false\" embedded=\"\"><a-entity camera=\"\" look-controls=\"reverseMouseDrag: true\"><\/a-entity><a-sky src=\"https:\/\/etti.upb.ro\/wp-content\/uploads\/2021\/04\/11.webp\"><\/a-sky><\/a-scene><\/figure>\n<\/div>\n<\/div>\n\n\n\n<div class=\"wp-block-columns has-background is-layout-flex wp-container-core-columns-is-layout-9d6595d7 wp-block-columns-is-layout-flex\" style=\"background:linear-gradient(90deg,rgb(242,242,242) 0%,rgb(255,255,255) 100%)\">\n<div class=\"wp-block-column is-layout-flow wp-block-column-is-layout-flow\" style=\"flex-basis:66.66%\">\n<figure style=\"width:600px;height:300px\" class=\"wp-block-algori-360-image-block-algori-360-image alignleft\"><a-scene loading-screen=\"enabled: false;\" device-orientation-permission-ui=\"enabled: false\" embedded=\"\"><a-entity camera=\"\" look-controls=\"reverseMouseDrag: true\"><\/a-entity><a-sky src=\"https:\/\/etti.upb.ro\/wp-content\/uploads\/2021\/04\/7-scaled.jpg\"><\/a-sky><\/a-scene><\/figure>\n<\/div>\n\n\n\n<div class=\"wp-block-column is-vertically-aligned-center is-layout-flow wp-block-column-is-layout-flow\" style=\"flex-basis:33.33%\">\n<p class=\"has-text-align-right\" style=\"text-align: justify;\"><strong>A414 Digital Integrated Circuits Laboratory<\/strong> is equipped with HP all-in-one computers with i5 processor and 4GB RAM, and Intel-Altera DE1-SoC FPGA development boards. Labs in computer programming, data structures and algorithms, object-oriented programming, digital integrated circuits, computer systems architecture, as well as Master's courses and labs are held here.<\/p>\n<\/div>\n<\/div>\n\n\n\n<div class=\"wp-block-columns has-background is-layout-flex wp-container-core-columns-is-layout-9d6595d7 wp-block-columns-is-layout-flex\" style=\"background:linear-gradient(90deg,rgb(255,255,255) 0%,rgb(242,242,242) 100%)\">\n<div class=\"wp-block-column is-layout-flow wp-block-column-is-layout-flow\" style=\"flex-basis:33.33%\">\n<p style=\"text-align: justify;\"><strong>Laboratory \"Audio-video mixing and mastering facilities for music, voice, television and cinema\"<\/strong> enables the training of sound and image engineers, technical and technological support specialists for studios specialising in the capture, processing and mastering of sound and digital images (classic and digital cinema, television studios, AV production companies), the subject area at the intersection of the fields of study Electronics and Telecommunications (ETC), Computers and Information Technology (CTI) technologies and Audiovisual content production and post-production techniques - tangential to the competences formed in the profile sections of the faculties of cinema and music.<\/p>\n<\/div>\n\n\n\n<div class=\"wp-block-column is-layout-flow wp-block-column-is-layout-flow\" style=\"flex-basis:66.66%\">\n<figure style=\"width:600px;height:300px\" class=\"wp-block-algori-360-image-block-algori-360-image alignright\"><a-scene loading-screen=\"enabled: false;\" device-orientation-permission-ui=\"enabled: false\" embedded=\"\"><a-entity camera=\"\" look-controls=\"reverseMouseDrag: true\"><\/a-entity><a-sky src=\"https:\/\/etti.upb.ro\/wp-content\/uploads\/2021\/04\/17.webp\"><\/a-sky><\/a-scene><\/figure>\n<\/div>\n<\/div>\n\n\n\n<div class=\"wp-block-columns has-background is-layout-flex wp-container-core-columns-is-layout-9d6595d7 wp-block-columns-is-layout-flex\" style=\"background:linear-gradient(90deg,rgb(242,242,242) 0%,rgb(255,255,255) 100%)\">\n<div class=\"wp-block-column is-layout-flow wp-block-column-is-layout-flow\" style=\"flex-basis:66.66%\">\n<figure style=\"width:600px;height:300px\" class=\"wp-block-algori-360-image-block-algori-360-image alignleft\"><a-scene loading-screen=\"enabled: false;\" device-orientation-permission-ui=\"enabled: false\" embedded=\"\"><a-entity camera=\"\" look-controls=\"reverseMouseDrag: true\"><\/a-entity><a-sky src=\"https:\/\/etti.upb.ro\/wp-content\/uploads\/2021\/04\/14.webp\"><\/a-sky><\/a-scene><\/figure>\n<\/div>\n\n\n\n<div class=\"wp-block-column is-vertically-aligned-center is-layout-flow wp-block-column-is-layout-flow\" style=\"flex-basis:33.33%\">\n<p class=\"has-text-align-right\" style=\"text-align: justify;\"><strong>Machine Learning Lab for Visual Applications<\/strong>, an integral part of the Laboratory for Image Analysis and Processing (LAPI), enables the development of machine learning algorithms and systems for a wide range of computer vision applications, from human-machine interaction to industrial and medical scenarios.<\/p>\n<\/div>\n<\/div>\n\n\n\n<div class=\"wp-block-columns has-background is-layout-flex wp-container-core-columns-is-layout-9d6595d7 wp-block-columns-is-layout-flex\" style=\"background:linear-gradient(90deg,rgb(255,255,255) 0%,rgb(242,242,242) 100%)\">\n<div class=\"wp-block-column is-layout-flow wp-block-column-is-layout-flow\" style=\"flex-basis:33.33%\">\n<p style=\"text-align: justify;\"><strong>Optoelectronics Laboratory <\/strong>aims to enrich students&#039; knowledge of the main components used in the field of optoelectronics: light emitting diode, photodiode, optocoupler and laser diode. The lab has a software component and a hardware component. The software component aims to familiarize students with how to make an optoelectronic circuit and how to simulate it in a computer-aided design environment. Within the hardware component, students make various assemblies used to familiarize themselves with various optoelectronic measurements, including: determining current-voltage and power-current characteristics, measuring laser beam divergence and measuring the spatial distribution of optical flux emitted by LED and laser diode, and incident \/ received photodiode flux.<\/p>\n<\/div>\n\n\n\n<div class=\"wp-block-column is-layout-flow wp-block-column-is-layout-flow\" style=\"flex-basis:66.66%\">\n<figure style=\"width:600px;height:300px\" class=\"wp-block-algori-360-image-block-algori-360-image alignright\"><a-scene loading-screen=\"enabled: false;\" device-orientation-permission-ui=\"enabled: false\" embedded=\"\"><a-entity camera=\"\" look-controls=\"reverseMouseDrag: true\"><\/a-entity><a-sky src=\"https:\/\/etti.upb.ro\/wp-content\/uploads\/2021\/04\/2.webp\"><\/a-sky><\/a-scene><\/figure>\n<\/div>\n<\/div>\n\n\n\n<div class=\"wp-block-columns has-background is-layout-flex wp-container-core-columns-is-layout-9d6595d7 wp-block-columns-is-layout-flex\" style=\"background:linear-gradient(90deg,rgb(242,242,242) 0%,rgb(255,255,255) 100%)\">\n<div class=\"wp-block-column is-layout-flow wp-block-column-is-layout-flow\" style=\"flex-basis:66.66%\">\n<figure style=\"width:600px;height:300px\" class=\"wp-block-algori-360-image-block-algori-360-image alignleft\"><a-scene loading-screen=\"enabled: false;\" device-orientation-permission-ui=\"enabled: false\" embedded=\"\"><a-entity camera=\"\" look-controls=\"reverseMouseDrag: true\"><\/a-entity><a-sky src=\"https:\/\/etti.upb.ro\/wp-content\/uploads\/2021\/04\/16.webp\"><\/a-sky><\/a-scene><\/figure>\n<\/div>\n\n\n\n<div class=\"wp-block-column is-vertically-aligned-center is-layout-flow wp-block-column-is-layout-flow\" style=\"flex-basis:33.33%\">\n<p class=\"has-text-align-right\" style=\"text-align: justify;\">In <strong>Electronics Laboratory<\/strong> The laboratory is equipped with 14 digital oscilloscopes, programmable digital signal sources and dual power supplies, which are used for the analysis and testing of the electronic circuits studied.<\/p>\n<\/div>\n<\/div>\n\n\n\n<div class=\"wp-block-columns has-background is-layout-flex wp-container-core-columns-is-layout-9d6595d7 wp-block-columns-is-layout-flex\" style=\"background:linear-gradient(90deg,rgb(255,255,255) 0%,rgb(242,242,242) 100%)\">\n<div class=\"wp-block-column is-layout-flow wp-block-column-is-layout-flow\" style=\"flex-basis:33.33%\">\n<p style=\"text-align: justify;\">The work in <strong>Electronics Materials Laboratory<\/strong> provides students with knowledge of the properties and characteristics of materials used in electronics. For dielectric materials and ferroelectric materials, the complex relative permittivity as a function of frequency is studied. Relative magnetic permeability is used for the analysis of high and low signal ferromagnetic and ferromagnetic materials. For optoelectronic materials, the characteristics of the main optoelectronic devices (LED and phototransistor) are measured.<\/p>\n<\/div>\n\n\n\n<div class=\"wp-block-column is-layout-flow wp-block-column-is-layout-flow\" style=\"flex-basis:66.66%\">\n<figure style=\"width:600px;height:300px\" class=\"wp-block-algori-360-image-block-algori-360-image alignright\"><a-scene loading-screen=\"enabled: false;\" device-orientation-permission-ui=\"enabled: false\" embedded=\"\"><a-entity camera=\"\" look-controls=\"reverseMouseDrag: true\"><\/a-entity><a-sky src=\"https:\/\/etti.upb.ro\/wp-content\/uploads\/2021\/04\/4-scaled.jpg\"><\/a-sky><\/a-scene><\/figure>\n<\/div>\n<\/div>\n\n\n\n<div class=\"wp-block-columns has-background is-layout-flex wp-container-core-columns-is-layout-9d6595d7 wp-block-columns-is-layout-flex\" style=\"background:linear-gradient(90deg,rgb(242,242,242) 0%,rgb(255,255,255) 100%)\">\n<div class=\"wp-block-column is-layout-flow wp-block-column-is-layout-flow\" style=\"flex-basis:66.66%\">\n<figure style=\"width:600px;height:300px\" class=\"wp-block-algori-360-image-block-algori-360-image alignleft\"><a-scene loading-screen=\"enabled: false;\" device-orientation-permission-ui=\"enabled: false\" embedded=\"\"><a-entity camera=\"\" look-controls=\"reverseMouseDrag: true\"><\/a-entity><a-sky src=\"https:\/\/etti.upb.ro\/wp-content\/uploads\/2021\/04\/8-scaled.jpg\"><\/a-sky><\/a-scene><\/figure>\n<\/div>\n\n\n\n<div class=\"wp-block-column is-vertically-aligned-center is-layout-flow wp-block-column-is-layout-flow\" style=\"flex-basis:33.33%\">\n<p class=\"has-text-align-right\" style=\"text-align: justify;\"><strong>The laboratory of <em>microwave<\/em><\/strong> aims to familiarize students with microwave equipment, but also with techniques for measuring the main parameters that characterize the propagation phenomena through rectangular waveguides. The laboratory is equipped with microwave generators capable of providing signals on frequencies around 10GHz, measuring lines, variable attenuators, millivoltmeters and various loads (fixed or mobile short circuits, adapted loads, impedance transformers). The measurements are in perfect agreement with the theory, supporting the high performance of the laboratory equipment. At the same time, the phenomena studied in this laboratory are fundamental for understanding the notions presented in other disciplines, such as microwave circuits, antennas and propagation, radar, fiber optics, but also for working with devices specific to those disciplines: couplers, chimney antennas, bistatic radar , OTDRs (Optical Time Domain Reflectometer).<\/p>\n<\/div>\n<\/div>\n\n\n\n<div class=\"wp-block-columns has-background is-layout-flex wp-container-core-columns-is-layout-9d6595d7 wp-block-columns-is-layout-flex\" style=\"background:linear-gradient(90deg,rgb(255,255,255) 0%,rgb(242,242,242) 100%)\">\n<div class=\"wp-block-column is-layout-flow wp-block-column-is-layout-flow\" style=\"flex-basis:33.33%\">\n<p style=\"text-align: justify;\">Discipline <strong>Electronic devices <\/strong>familiarizes students with the determination of the main static and dynamic parameters for basic semiconductor devices (diodes, bipolar and field effect transistors) through measurements and simulations. Study of typical methods for measuring device parameters. Introducing students to the use of simple simulators to evaluate model parameters.<\/p>\n<\/div>\n\n\n\n<div class=\"wp-block-column is-layout-flow wp-block-column-is-layout-flow\" style=\"flex-basis:66.66%\">\n<figure style=\"width:600px;height:300px\" class=\"wp-block-algori-360-image-block-algori-360-image alignright\"><a-scene loading-screen=\"enabled: false;\" device-orientation-permission-ui=\"enabled: false\" embedded=\"\"><a-entity camera=\"\" look-controls=\"reverseMouseDrag: true\"><\/a-entity><a-sky src=\"https:\/\/etti.upb.ro\/wp-content\/uploads\/2021\/04\/6-scaled.jpg\"><\/a-sky><\/a-scene><\/figure>\n<\/div>\n<\/div>\n\n\n\n<div class=\"wp-block-columns has-background is-layout-flex wp-container-core-columns-is-layout-9d6595d7 wp-block-columns-is-layout-flex\" style=\"background:linear-gradient(90deg,rgb(242,242,242) 0%,rgb(255,255,255) 100%)\">\n<div class=\"wp-block-column is-layout-flow wp-block-column-is-layout-flow\" style=\"flex-basis:66.66%\">\n<figure style=\"width:600px;height:300px\" class=\"wp-block-algori-360-image-block-algori-360-image alignleft\"><a-scene loading-screen=\"enabled: false;\" device-orientation-permission-ui=\"enabled: false\" embedded=\"\"><a-entity camera=\"\" look-controls=\"reverseMouseDrag: true\"><\/a-entity><a-sky src=\"https:\/\/etti.upb.ro\/wp-content\/uploads\/2021\/04\/18.webp\"><\/a-sky><\/a-scene><\/figure>\n<\/div>\n\n\n\n<div class=\"wp-block-column is-vertically-aligned-center is-layout-flow wp-block-column-is-layout-flow\" style=\"flex-basis:33.33%\">\n<p class=\"has-text-align-right\" style=\"text-align: justify;\">In the laboratory related to the discipline <strong>Analog integrated circuits<\/strong>, students will analyze, simulate the operation of fundamental analog circuits and validate them through experimental measurements. This goal is achieved by:<br>i) simulation of the operation of analog integrated circuits such as differential amplifiers, current sources, voltage references or operational amplifiers;<br>ii) the ample theoretical description of the operation of the analyzed circuits;<br>iii) validation by experimental measurements of the operation of linear and nonlinear applications with operational amplifiers, as well as the study of their most important parameters.<\/p>\n<\/div>\n<\/div>\n\n\n\n<div class=\"wp-block-columns has-background is-layout-flex wp-container-core-columns-is-layout-9d6595d7 wp-block-columns-is-layout-flex\" style=\"background:linear-gradient(90deg,rgb(255,255,255) 0%,rgb(242,242,242) 100%)\">\n<div class=\"wp-block-column is-layout-flow wp-block-column-is-layout-flow\" style=\"flex-basis:33.33%\">\n<p style=\"text-align: justify;\">The laboratory introduces students to how to perform typical measurements in electronics: amplitude and phase characteristics, distortions, measurement of impedances affected by parasitic elements, etc., as well as the correct use of measuring equipment in situations that may introduce less than expected errors. , such as time and frequency aliasing when using the digital oscilloscope, etc.<\/p>\n<\/div>\n\n\n\n<div class=\"wp-block-column is-layout-flow wp-block-column-is-layout-flow\" style=\"flex-basis:66.66%\">\n<figure style=\"width:600px;height:300px\" class=\"wp-block-algori-360-image-block-algori-360-image alignright\"><a-scene loading-screen=\"enabled: false;\" device-orientation-permission-ui=\"enabled: false\" embedded=\"\"><a-entity camera=\"\" look-controls=\"reverseMouseDrag: true\"><\/a-entity><a-sky src=\"https:\/\/etti.upb.ro\/wp-content\/uploads\/2021\/04\/9-scaled.jpg\"><\/a-sky><\/a-scene><\/figure>\n<\/div>\n<\/div>","protected":false},"excerpt":{"rendered":"<p>Laborator de produc\u021bie con\u021binut multimedia permite preg\u0103tirea de ingineri de sunet \u015fi speciali\u015fti de suport tehnic \u015fi tehnologic, pentru studiourile specializate \u00een captarea, prelucrarea \u015fi masterizarea sunetului digital (cinematografie clasic\u0103 \u015fi digital\u0103, studiouri de televiziune, case de produc\u0163ie AV), tematic\u0103 aflat\u0103 la intersec\u0163ia domeniilor de studiu Electronic\u0103 \u015fi Telecomunica\u0163ii (ETC), Calculatoare \u015fi Tehnologia Informa\u0163iei (CTI) tehnologii \u015fi Tehnici de produc\u0163ie [&hellip;]<\/p>\n","protected":false},"author":1,"featured_media":0,"parent":15,"menu_order":0,"comment_status":"closed","ping_status":"closed","template":"page-templates\/full-width-container.php","meta":{"_acf_changed":false,"_coblocks_attr":"","_coblocks_dimensions":"","_coblocks_responsive_height":"","_coblocks_accordion_ie_support":"","_eb_attr":"","_uag_custom_page_level_css":"","footnotes":""},"class_list":["post-1241","page","type-page","status-publish","hentry"],"acf":[],"featured_image_src":null,"uagb_featured_image_src":{"full":false,"thumbnail":false,"medium":false,"medium_large":false,"large":false,"elegant_blocks_team_1":false,"elegant_blocks_blog_1":false,"elegant_blocks_slider_1":false,"1536x1536":false,"2048x2048":false,"trp-custom-language-flag":false,"bizberg_medium":false,"bizberg_gallery":false,"bizberg_blog_list":false,"bizberg_detail_image":false,"bizberg_portfolio_homepage":false,"bizberg_blog_list_no_sidebar_1":false,"bizberg_detail_image_no_sidebar":false},"uagb_author_info":{"display_name":"Radu Hobincu","author_link":"https:\/\/etti.upb.ro\/en\/author\/radu-hobincu\/"},"uagb_comment_info":0,"uagb_excerpt":"Laborator de produc\u021bie con\u021binut multimedia permite preg\u0103tirea de ingineri de sunet \u015fi speciali\u015fti de suport tehnic \u015fi tehnologic, pentru studiourile specializate \u00een captarea, prelucrarea \u015fi masterizarea sunetului digital (cinematografie clasic\u0103 \u015fi digital\u0103, studiouri de televiziune, case de produc\u0163ie AV), tematic\u0103 aflat\u0103 la intersec\u0163ia domeniilor de studiu Electronic\u0103 \u015fi Telecomunica\u0163ii (ETC), Calculatoare \u015fi Tehnologia Informa\u0163iei (CTI)&hellip;","_links":{"self":[{"href":"https:\/\/etti.upb.ro\/en\/wp-json\/wp\/v2\/pages\/1241","targetHints":{"allow":["GET"]}}],"collection":[{"href":"https:\/\/etti.upb.ro\/en\/wp-json\/wp\/v2\/pages"}],"about":[{"href":"https:\/\/etti.upb.ro\/en\/wp-json\/wp\/v2\/types\/page"}],"author":[{"embeddable":true,"href":"https:\/\/etti.upb.ro\/en\/wp-json\/wp\/v2\/users\/1"}],"replies":[{"embeddable":true,"href":"https:\/\/etti.upb.ro\/en\/wp-json\/wp\/v2\/comments?post=1241"}],"version-history":[{"count":59,"href":"https:\/\/etti.upb.ro\/en\/wp-json\/wp\/v2\/pages\/1241\/revisions"}],"predecessor-version":[{"id":9354,"href":"https:\/\/etti.upb.ro\/en\/wp-json\/wp\/v2\/pages\/1241\/revisions\/9354"}],"up":[{"embeddable":true,"href":"https:\/\/etti.upb.ro\/en\/wp-json\/wp\/v2\/pages\/15"}],"wp:attachment":[{"href":"https:\/\/etti.upb.ro\/en\/wp-json\/wp\/v2\/media?parent=1241"}],"curies":[{"name":"wp","href":"https:\/\/api.w.org\/{rel}","templated":true}]}}