{"id":1738,"date":"2021-05-08T00:06:25","date_gmt":"2021-05-07T21:06:25","guid":{"rendered":"https:\/\/site.dcae.pub.ro\/?page_id=1738"},"modified":"2025-02-10T15:59:21","modified_gmt":"2025-02-10T13:59:21","slug":"camine-si-cazari","status":"publish","type":"page","link":"https:\/\/etti.upb.ro\/en\/studenti\/facilitati\/camine-si-cazari\/","title":{"rendered":"Housing"},"content":{"rendered":"<div data-elementor-type=\"wp-page\" data-elementor-id=\"1738\" class=\"elementor elementor-1738\">\n\t\t\t\t<div class=\"elementor-element elementor-element-6a5ca625 e-flex e-con-boxed e-con e-parent\" data-id=\"6a5ca625\" data-element_type=\"container\" data-e-type=\"container\">\n\t\t\t\t\t<div class=\"e-con-inner\">\n\t\t\t\t<div class=\"elementor-element elementor-element-463e4442 elementor-widget elementor-widget-text-editor\" data-id=\"463e4442\" data-element_type=\"widget\" data-e-type=\"widget\" data-widget_type=\"text-editor.default\">\n\t\t\t\t<div class=\"elementor-widget-container\">\n\t\t\t\t\t\t\t\t\t\n<div class=\"wp-block-columns is-layout-flex wp-container-core-columns-is-layout-9d6595d7 wp-block-columns-is-layout-flex\">\n<div class=\"wp-block-column is-layout-flow wp-block-column-is-layout-flow\" style=\"flex-basis: 75%;\">\n<div class=\"wp-block-group is-vertical is-layout-flex wp-container-core-group-is-layout-8cf370e7 wp-block-group-is-layout-flex\">\n<h3 class=\"wp-block-heading\"><strong>Introduction<\/strong>\u00a0<\/h3>\n\n\n\n<p style=\"text-align: justify; font-size: 15px; margin-bottom: 5px; padding-top: 15px;\">Students, masters and doctoral students of the Polytechnic University of Bucharest have the right to request accommodation in the university dormitories.\u00a0\u00a0<\/p>\n\n\n\n<p style=\"text-align: justify; font-size: 15px;\">Students studying on a budget receive a simple accommodation grant. This grant is not available to fee-paying students or repeat students. Students who are children of employees of the education system, and descendants of the heroes of the 1989 Revolution, as well as orphan students <strong> <span style=\"text-decoration: underline;\">with studies financed from the budget<\/span> <\/strong>, receive a double subsidy.\u00a0<\/p>\n\n\n\n<h3 class=\"wp-block-heading\"><strong>Accommodation commission<\/strong>\u00a0<\/h3>\n\n\n\n<p style=\"text-align: justify; font-size: 15px; padding-top: 15px;\">The ETTI accommodation commission consists of:\u00a0<\/p>\n\n\n\n<ol class=\"wp-block-list\">\n<li style=\"text-align: justify; font-size: 15px;\">The vice-dean responsible for accommodation at the faculty level, as chairman of the commission.\u00a0<\/li>\n\n\n\n<li style=\"text-align: justify; font-size: 15px;\">A student member of the university senate.\u00a0<\/li>\n<\/ol>\n\n\n\n<ol class=\"wp-block-list\" start=\"3\">\n<li style=\"text-align: justify; font-size: 15px;\">A student member of the student organization of the faculty, appointed by the president of the organization.\u00a0<\/li>\n\n\n\n<li style=\"text-align: justify; font-size: 15px;\">A student member of the UPB student association.\u00a0<\/li>\n\n\n\n<li style=\"text-align: justify; font-size: 15px;\">Any other students or teachers in the faculty so that they can carry out the accommodation activity in good conditions.\u00a0<\/li>\n<\/ol>\n\n\n\n<p style=\"text-align: justify; font-size: 15px; padding-top: 15px;\">The accommodation commission is responsible for:\u00a0<\/p>\n\n\n\n<ul class=\"wp-block-list\">\n<li style=\"text-align: justify; font-size: 15px;\">distribution of students in rooms according to this methodology.\u00a0<\/li>\n\n\n\n<li style=\"text-align: justify; font-size: 15px; padding-bottom: 20px;\">decisions relating to the acceptance or rejection of priority accommodation applications on the basis of medical certificates or precarious financial situation, as well as, with the opinion of the BECF, other special situations.\u00a0<\/li>\n<\/ul>\n\n\n\n<h3 class=\"wp-block-heading\"><strong>ETTI dormitories<\/strong>\u00a0<\/h3>\n\n\n\n<p style=\"text-align: justify; font-size: 15px; padding-top: 15px;\">Our faculty has places in the following dormitories:\u00a0<\/p>\n\n\n\n<ol class=\"wp-block-list\">\n<li style=\"text-align: justify; font-size: 15px;\">Leu A - 380 rooms with three beds in the room, private bathroom.<\/li>\n\n\n\n<li style=\"text-align: justify; font-size: 15px;\">Leu C - 112 rooms with two places in the room, bathroom on the landing.<\/li>\n\n\n\n<li style=\"text-align: justify; font-size: 15px;\">P20 - 102 rooms with two places in the room, bathroom on the floor. This dormitory has superior conditions (TV and fridge in the room, laundry on the ground floor and fully equipped kitchen on the landing).<\/li>\n\n\n\n<li style=\"text-align: justify; font-size: 15px; padding-bottom: 20px;\">P23 - ~60 rooms with one room, bathroom per floor. This dormitory is dedicated to foreign students.<\/li>\n<\/ol>\n\n\n\n<h3 class=\"wp-block-heading\"><strong>Registration of requests<\/strong>\u00a0<\/h3>\n\n\n\n<p style=\"text-align: justify; font-size: 15px; padding-top: 15px; margin-botom: 5px;\">You can apply for a place in the dormitory by filling in a form that will be made available by the accommodation committee on the faculty website.<\/p>\n\n\n\n<p style=\"text-align: justify; font-size: 15px;\">It is only possible to accommodate students from different faculties in the same room if the two students are second-degree relatives or married. Requests to this effect should be made by e-mail directly to the accommodation committees of the respective faculties.\u00a0<\/p>\n\n\n\n<h3 class=\"wp-block-heading\"><strong>Categories of students<\/strong>\u00a0<\/h3>\n\n\n\n<p style=\"text-align: justify; font-size: 15px; padding-top: 15px;\">Students who can benefit from accommodation are divided into the following categories:\u00a0<\/p>\n\n\n\n<ol class=\"wp-block-list\">\n<li style=\"list-style-type: none;\">\n<ol>\n<li style=\"text-align: justify; font-size: 15px;\"><strong>Foreign students, scholarship holders of the Romanian state (who do not repeat the year)<\/strong> - for this category, UPB has the obligation of accommodation, and they will benefit from free accommodation in dormitory P23 for the whole period of the calendar year (12 months). Proof of status is provided by a certificate to this effect from the office <em>foreign students<\/em>.\u00a0<\/li>\n\n\n\n<li style=\"text-align: justify; font-size: 15px;\"><strong>Budget students, orphans are both parents<\/strong> - for this category, UPB is obliged to provide accommodation and they will receive double subsidy during the academic year (without summer vacation). Proof of status is provided by copies of parents' death certificates.\u00a0<\/li>\n\n\n\n<li style=\"text-align: justify; font-size: 15px;\"><strong>Budget students, orphaned by a parent<\/strong> - this category benefits from a double grant during the academic year (excluding summer holidays). Proof of status is provided by a copy of the parent&#039;s death certificate.\u00a0<\/li>\n\n\n\n<li style=\"text-align: justify; font-size: 15px;\"><strong>Budget students with disabilities<\/strong> - this category benefits from a 50% reduction of the dormitory fee during the academic year (without summer vacation). Proof of status is provided by a disability certificate (according to Law 448\/2006, art.16 paragraph (8)).\u00a0<\/li>\n\n\n\n<li style=\"text-align: justify; font-size: 15px;\"><strong>Budget students under special protection<\/strong> - this category receives double subsidy during the academic year (without summer vacation). Proof of status is provided by a certificate from the placement center.\u00a0<\/li>\n\n\n\n<li style=\"text-align: justify; font-size: 15px;\"><strong>Budget students suffering from a medical condition<\/strong> - they benefit from priority (provided that it is validated by the accommodation commission) but not free of charge; Proof of status is made by copying the medical file, <strong>targeted by the UPB medical office. Each request is evaluated separately.<\/strong>\u00a0<\/li>\n\n\n\n<li style=\"text-align: justify; font-size: 15px;\"><strong>Budget students, teachers' kids<\/strong> - this category receives double subsidy during the academic year (without summer vacation). Proof of status is provided in the form of a certificate to this effect, which must bear the words \"to use for accommodation\" or equivalent, <strong>targeted by the county inspectorate<\/strong> in the case of pre-university educational institutions <strong>or by the Rector<\/strong>in the case of universities.\u00a0<\/li>\n\n\n\n<li style=\"text-align: justify; font-size: 15px;\"><strong>Budget students, descendants of the heroes of the 1989 revolution<\/strong> - this category receives a double subsidy during the academic year (without summer vacation). Proof of status is provided by a copy of the survivor's certificate.\u00a0<\/li>\n\n\n\n<li style=\"text-align: justify; font-size: 15px;\"><strong>Low-income students<\/strong> (who are not repeating the year) - they are given priority but not free of charge; proof of status is provided by copies of salary slips, pension slips or ANAF statements to prove family income, and birth certificates for siblings\/siblings of the student applying or death certificates for parents to show the number of family members. If the average income per family member is low enough for the social grant, it is also sufficient for priority accommodation, but depending on the situation, other requests may be accepted. <strong>Each request is evaluated separately.<\/strong>\u00a0<\/li>\n\n\n\n<li style=\"text-align: justify; font-size: 15px;\"><strong>Budget students (not in the above categories)<\/strong> - they have neither priority nor gratuity, but can be allocated places in the order of priorities and the average scholarship.\u00a0<\/li>\n\n\n\n<li style=\"text-align: justify; font-size: 15px;\"><strong>Fee students (including those who repeat the year)<\/strong> - they do not benefit from any kind of fee reduction, regardless of which other category they fall into, and must pay a fee that is higher than the fee shown for the hostel they are assigned to.\u00a0<\/li>\n\n\n<\/ol>\n<\/li>\n<\/ol>\n<p style=\"text-align: justify; font-size: 15px; padding-top: 10px;\">A student can be part of several categories, the benefit categories are cumulated, but not the same benefit several times. Example: A teacher&#039;s child who is also orphaned by a parent will not receive a triple grant. Instead, a teacher&#039;s child with a precarious financial situation will also receive double priority and a grant.\u00a0<\/p>\n<ol><\/ol>\n\n<h3 class=\"wp-block-heading\"><strong>priority<\/strong>\u00a0<\/h3>\n\n\n\n<p style=\"text-align: justify; font-size: 15px; padding-top: 15px;\">The priority for accommodation is as follows:\u00a0<\/p>\n\n\n\n<ul class=\"wp-block-list\">\n<li style=\"text-align: justify; font-size: 15px;\">Priority 0 - Foreign students (who do not repeat the year), scholarship holders of the Romanian state; Budget students, orphans of both parents;\u00a0\u00a0<\/li>\n\n\n\n<li style=\"text-align: justify; font-size: 15px;\">Priority 1 - 1st year students (not repeating); Students (not repeating) on low income; Students (not repeating) suffering from a medical condition; Students who are members of the university senate or faculty council or on dormitory committees; Students who are collaborating with the faculty in teaching or research activities.<\/li>\n\n\n\n<li style=\"text-align: justify; font-size: 15px;\">Priority 2 - Students who do not repeat the year<\/li>\n\n\n\n<li style=\"text-align: justify; font-size: 15px; padding-bottom: 20px;\">Priority 3 - Repeat students or other non-ETTI students<\/li>\n<\/ul>\n\n\n\n<h3 class=\"wp-block-heading\"><strong>The accommodation process<\/strong>\u00a0<\/h3>\n\n\n\n<ol class=\"wp-block-list\">\n<li style=\"text-align: justify; font-size: 15px; padding-top: 15px;\">At least two weeks before the start of the academic year, the accommodation process is started by a meeting of the responsible vice-deans and representatives of the UPB Board of Directors. At this meeting the following are decided: \n<ul class=\"wp-block-list\">\n<li style=\"text-align: justify; font-size: 15px; padding-top: 10px;\">Possible amendments to the framework regulation for the operation of dormitories.\u00a0<\/li>\n\n\n\n<li style=\"text-align: justify; font-size: 15px;\">Dividing places by faculties.\u00a0<\/li>\n\n\n\n<li style=\"text-align: justify; font-size: 15px;\">Fees for each hostel.\u00a0<\/li>\n\n\n\n<li style=\"text-align: justify; font-size: 15px; padding-bottom: 10px;\">Accommodation process calendar.\u00a0<\/li>\n<\/ul>\n<\/li>\n\n\n\n<li style=\"text-align: justify; font-size: 15px;\">Depending on the previously decided schedule, the accommodation commissions of each faculty announce the information received from the CA representations and the deadline for collecting accommodation requests according to the chapter <strong>Registration of requests<\/strong>, through an announcement on the faculty website.\u00a0<\/li>\n\n\n\n<li style=\"text-align: justify; font-size: 15px;\">Once the application stage is completed, the accommodation committee allocates the places received to the students. The allocation of places is sent to the students together with information about the payment of the dormitory.<\/li>\n\n\n\n<li style=\"text-align: justify; font-size: 15px;\">Students make the payment and confirm their place by uploading the receipt or documents proving the fee exemption.<\/li>\n\n\n\n<li style=\"text-align: justify; font-size: 15px;\">Once the place is confirmed, it is allocated on the studenti.pub.ro platform, the contract is downloaded and sent to the students, together with the calendar for signing and accommodation.\u00a0<\/li>\n\n\n\n<li style=\"text-align: justify; font-size: 15px;\">Students must present the following documents to the dormitory for accommodation within the specified period: \n<ul class=\"wp-block-list\">\n<li style=\"text-align: justify; font-size: 15px; padding-top: 10px;\">application and accommodation contract, both in duplicate, signed and dated;<\/li>\n\n\n\n<li style=\"text-align: justify; font-size: 15px;\">a copy of your identity card, on which the telephone number must be written in holographic form;<\/li>\n\n\n\n<li style=\"text-align: justify; font-size: 15px;\">receipt proving payment of the hostel OR copy of the death certificate OR certificate <strong> <span style=\"text-decoration: underline;\">in the original<\/span> <\/strong> a teacher's certificate, endorsed by the county inspectorate or rector, not older than 30 days OR a certificate of foreign student scholarship holder <strong> <span style=\"text-decoration: underline;\">in the original<\/span> <\/strong>from the foreign students office; on these documents you must write in handwriting the dormitory and the room you are staying in.<\/li>\n\n\n\n<li style=\"text-align: justify; font-size: 15px;\">Eventual proof for fee reduction for students with disabilities<\/li>\n\n\n\n<li style=\"text-align: justify; font-size: 15px; padding-bottom: 20px;\">two passport photographs for the dormitory card<\/li>\n<\/ul>\n<\/li>\n<\/ol>\n\n\n\n<p style=\"text-align: justify; font-size: 15px;\"><strong>Comment<\/strong>: the faculty, through the Accommodation Committee, is exclusively responsible for allocating the places received from the UPB administration to the students who request them. The Accommodation Committee is NOT in charge of:<\/p>\n\n\n\n<ul class=\"wp-block-list\">\n<li style=\"text-align: justify; font-size: 15px;\">monitoring the payment of the dormitory allowance;<\/li>\n\n\n\n<li style=\"text-align: justify; font-size: 15px;\">solving administrative problems related to access to the dormitory or room;<\/li>\n\n\n\n<li style=\"text-align: justify; font-size: 15px;\">to solve existing defects in the dormitory rooms.<\/li>\n<\/ul>\n\n\n\n<p style=\"text-align: justify; font-size: 15px; padding-top: 10px;\">These are the responsibility of the hostel administration.<\/p>\n<\/div>\n<\/div>\n\n\n\n<div class=\"wp-block-column is-layout-flow wp-block-column-is-layout-flow\" style=\"flex-basis: 25%;\">\n<h3 class=\"wp-block-heading\" style=\"padding-left: 25px;\">Announcements<\/h3>\n\n\n\n\t\t\t<div class=\"wp-block-uagb-post-grid uagb-post-grid  uagb-post__image-position-top uagb-post__image-disabled uagb-block-01c3a48c     uagb-post__items uagb-post__columns-1 is-grid uagb-post__columns-tablet-2 uagb-post__columns-mobile-1\" data-total=\"1\" style=\"\">\n\n\t\t\t\t\t\t\t\t\t\t\t\t<article class=\"uagb-post__inner-wrap\">\t\t\t\t\t\t\t\t<h5 class=\"uagb-post__title uagb-post__text\">\n\t\t\t\t<a href=\"https:\/\/etti.upb.ro\/en\/2026\/02\/05\/cazari-semestrul-2-2025-2026\/\" target=\"_self\" rel=\"bookmark noopener noreferrer\">Accommodation 2nd semester 2025-2026<\/a>\n\t\t\t<\/h5>\n\t\t\t\t\t\t<div class='uagb-post__text uagb-post-grid-byline'>\n\t\t\t\t\t\t\t\t<time datetime=\"2026-02-05T18:05:11+02:00\" class=\"uagb-post__date\">\n\t\t\t\t<span class=\"dashicons-calendar dashicons\"><\/span>\t\t\t\t\tFebruary 5, 2026\t\t\t\t<\/time>\n\t\t\t\t\t\t<\/div>\n\t\t\t\n\t\t\t\t\t\t\t\t\t<\/article>\n\t\t\t\t\t\t\t\t\t\t\t\t\t\t\t\t<article class=\"uagb-post__inner-wrap\">\t\t\t\t\t\t\t\t<h5 class=\"uagb-post__title uagb-post__text\">\n\t\t\t\t<a href=\"https:\/\/etti.upb.ro\/en\/2025\/09\/26\/sesiunea-i-de-cazari-2025-2026\/\" target=\"_self\" rel=\"bookmark noopener noreferrer\">Session I of accommodation 2025-2026<\/a>\n\t\t\t<\/h5>\n\t\t\t\t\t\t<div class='uagb-post__text uagb-post-grid-byline'>\n\t\t\t\t\t\t\t\t<time datetime=\"2025-09-26T02:21:51+03:00\" class=\"uagb-post__date\">\n\t\t\t\t<span class=\"dashicons-calendar dashicons\"><\/span>\t\t\t\t\t26 September 2025\t\t\t\t<\/time>\n\t\t\t\t\t\t<\/div>\n\t\t\t\n\t\t\t\t\t\t\t\t\t<\/article>\n\t\t\t\t\t\t\t\t\t\t\t\t\t\t\t\t<article class=\"uagb-post__inner-wrap\">\t\t\t\t\t\t\t\t<h5 class=\"uagb-post__title uagb-post__text\">\n\t\t\t\t<a href=\"https:\/\/etti.upb.ro\/en\/2025\/08\/25\/sesiune-cazare-pentru-studentii-admisi-in-anul-i-etti\/\" target=\"_self\" rel=\"bookmark noopener noreferrer\">Accommodation session for students admitted in first year - ETTI<\/a>\n\t\t\t<\/h5>\n\t\t\t\t\t\t<div class='uagb-post__text uagb-post-grid-byline'>\n\t\t\t\t\t\t\t\t<time datetime=\"2025-08-25T19:51:05+03:00\" class=\"uagb-post__date\">\n\t\t\t\t<span class=\"dashicons-calendar dashicons\"><\/span>\t\t\t\t\t25 August 2025\t\t\t\t<\/time>\n\t\t\t\t\t\t<\/div>\n\t\t\t\n\t\t\t\t\t\t\t\t\t<\/article>\n\t\t\t\t\t\t\t\t\t\t\t\t\t\t\t\t<article class=\"uagb-post__inner-wrap\">\t\t\t\t\t\t\t\t<h5 class=\"uagb-post__title uagb-post__text\">\n\t\t\t\t<a href=\"https:\/\/etti.upb.ro\/en\/2025\/07\/01\/sesiunea-i-de-cazari-2024-2025-copy\/\" target=\"_self\" rel=\"bookmark noopener noreferrer\">Accommodation process for students admitted in first year - undergraduate<\/a>\n\t\t\t<\/h5>\n\t\t\t\t\t\t<div class='uagb-post__text uagb-post-grid-byline'>\n\t\t\t\t\t\t\t\t<time datetime=\"2025-07-01T19:10:16+03:00\" class=\"uagb-post__date\">\n\t\t\t\t<span class=\"dashicons-calendar dashicons\"><\/span>\t\t\t\t\t1 July 2025\t\t\t\t<\/time>\n\t\t\t\t\t\t<\/div>\n\t\t\t\n\t\t\t\t\t\t\t\t\t<\/article>\n\t\t\t\t\t\t\t\t\t\t\t\t\t\t\t\t<article class=\"uagb-post__inner-wrap\">\t\t\t\t\t\t\t\t<h5 class=\"uagb-post__title uagb-post__text\">\n\t\t\t\t<a href=\"https:\/\/etti.upb.ro\/en\/2025\/01\/28\/cazari-semestrul-2-2024-2025\/\" target=\"_self\" rel=\"bookmark noopener noreferrer\">Accommodation 2nd semester 2024-2025<\/a>\n\t\t\t<\/h5>\n\t\t\t\t\t\t<div class='uagb-post__text uagb-post-grid-byline'>\n\t\t\t\t\t\t\t\t<time datetime=\"2025-01-28T20:04:33+02:00\" class=\"uagb-post__date\">\n\t\t\t\t<span class=\"dashicons-calendar dashicons\"><\/span>\t\t\t\t\t28 January 2025\t\t\t\t<\/time>\n\t\t\t\t\t\t<\/div>\n\t\t\t\n\t\t\t\t\t\t\t\t\t<\/article>\n\t\t\t\t\t\t\t\t\t\t\t\t\t\t\t\t<article class=\"uagb-post__inner-wrap\">\t\t\t\t\t\t\t\t<h5 class=\"uagb-post__title uagb-post__text\">\n\t\t\t\t<a href=\"https:\/\/etti.upb.ro\/en\/2024\/10\/03\/sesiunea-ii-de-cazari-2024-2025\/\" target=\"_self\" rel=\"bookmark noopener noreferrer\">Second accommodation session 2024-2025<\/a>\n\t\t\t<\/h5>\n\t\t\t\t\t\t<div class='uagb-post__text uagb-post-grid-byline'>\n\t\t\t\t\t\t\t\t<time datetime=\"2024-10-03T21:09:07+03:00\" class=\"uagb-post__date\">\n\t\t\t\t<span class=\"dashicons-calendar dashicons\"><\/span>\t\t\t\t\tOctober 3, 2024\t\t\t\t<\/time>\n\t\t\t\t\t\t<\/div>\n\t\t\t\n\t\t\t\t\t\t\t\t\t<\/article>\n\t\t\t\t\t\t\t\t\t\t\t\t\t\t\t\t<article class=\"uagb-post__inner-wrap\">\t\t\t\t\t\t\t\t<h5 class=\"uagb-post__title uagb-post__text\">\n\t\t\t\t<a href=\"https:\/\/etti.upb.ro\/en\/2024\/09\/26\/sesiunea-i-de-cazari-2024-2025\/\" target=\"_self\" rel=\"bookmark noopener noreferrer\">First accommodation session 2024-2025<\/a>\n\t\t\t<\/h5>\n\t\t\t\t\t\t<div class='uagb-post__text uagb-post-grid-byline'>\n\t\t\t\t\t\t\t\t<time datetime=\"2024-09-26T12:24:02+03:00\" class=\"uagb-post__date\">\n\t\t\t\t<span class=\"dashicons-calendar dashicons\"><\/span>\t\t\t\t\tSeptember 26, 2024\t\t\t\t<\/time>\n\t\t\t\t\t\t<\/div>\n\t\t\t\n\t\t\t\t\t\t\t\t\t<\/article>\n\t\t\t\t\t\t\t\t\t\t\t\t\t\t\t\t<article class=\"uagb-post__inner-wrap\">\t\t\t\t\t\t\t\t<h5 class=\"uagb-post__title uagb-post__text\">\n\t\t\t\t<a href=\"https:\/\/etti.upb.ro\/en\/2023\/10\/02\/sesiunea-ii-de-cazari-2023-2024\/\" target=\"_self\" rel=\"bookmark noopener noreferrer\">Housing Session II 2023-2024<\/a>\n\t\t\t<\/h5>\n\t\t\t\t\t\t<div class='uagb-post__text uagb-post-grid-byline'>\n\t\t\t\t\t\t\t\t<time datetime=\"2023-10-02T23:27:20+03:00\" class=\"uagb-post__date\">\n\t\t\t\t<span class=\"dashicons-calendar dashicons\"><\/span>\t\t\t\t\t2 October 2023\t\t\t\t<\/time>\n\t\t\t\t\t\t<\/div>\n\t\t\t\n\t\t\t\t\t\t\t\t\t<\/article>\n\t\t\t\t\t\t\t\t\t\t\t\t\t\t\t\t<article class=\"uagb-post__inner-wrap\">\t\t\t\t\t\t\t\t<h5 class=\"uagb-post__title uagb-post__text\">\n\t\t\t\t<a href=\"https:\/\/etti.upb.ro\/en\/2023\/09\/29\/cazare-studenti-straini-admisi-in-anul-i-de-licenta\/\" target=\"_self\" rel=\"bookmark noopener noreferrer\">Accommodation for foreign students admitted in the first year of undergraduate studies<\/a>\n\t\t\t<\/h5>\n\t\t\t\t\t\t<div class='uagb-post__text uagb-post-grid-byline'>\n\t\t\t\t\t\t\t\t<time datetime=\"2023-09-29T11:38:19+03:00\" class=\"uagb-post__date\">\n\t\t\t\t<span class=\"dashicons-calendar dashicons\"><\/span>\t\t\t\t\t29 September 2023\t\t\t\t<\/time>\n\t\t\t\t\t\t<\/div>\n\t\t\t\n\t\t\t\t\t\t\t\t\t<\/article>\n\t\t\t\t\t\t\t\t\t\t\t\t\t\t\t\t<article class=\"uagb-post__inner-wrap\">\t\t\t\t\t\t\t\t<h5 class=\"uagb-post__title uagb-post__text\">\n\t\t\t\t<a href=\"https:\/\/etti.upb.ro\/en\/2023\/09\/27\/sesiunea-i-de-cazari-2023-2024\/\" target=\"_self\" rel=\"bookmark noopener noreferrer\">Housing Session I 2023-2024<\/a>\n\t\t\t<\/h5>\n\t\t\t\t\t\t<div class='uagb-post__text uagb-post-grid-byline'>\n\t\t\t\t\t\t\t\t<time datetime=\"2023-09-27T23:34:17+03:00\" class=\"uagb-post__date\">\n\t\t\t\t<span class=\"dashicons-calendar dashicons\"><\/span>\t\t\t\t\t27 September 2023\t\t\t\t<\/time>\n\t\t\t\t\t\t<\/div>\n\t\t\t\n\t\t\t\t\t\t\t\t\t<\/article>\n\t\t\t\t\t\t\t\t\t\t\t<\/div>\n\t\t\t<\/div>\n<\/div>\n\t\t\t\t\t\t\t\t<\/div>\n\t\t\t\t<\/div>\n\t\t\t\t\t<\/div>\n\t\t\t\t<\/div>\n\t\t\t\t<\/div>","protected":false},"excerpt":{"rendered":"<p>Introducere\u00a0 Studen\u021bii, masteranzii \u0219i doctoranzii Universit\u0103\u021bii Politehnica din Bucure\u0219ti au dreptul de a solicita cazare \u00een c\u0103minele universit\u0103\u021bii.\u00a0\u00a0 Studen\u021bii care studiaz\u0103 \u00een regim de buget, beneficiaz\u0103 de o subven\u021bie simpl\u0103 de cazare. De aceast\u0103 subven\u021bie nu beneficiaz\u0103 \u0219i studen\u021bii care studiaz\u0103 \u00een regim cu tax\u0103 sau cei care repet\u0103 anul. Studen\u021bii copii ai angaja\u021bilor din sistemul de \u00eenv\u0103\u021b\u0103m\u00e2nt, \u0219i urma\u0219i [&hellip;]<\/p>\n","protected":false},"author":1,"featured_media":0,"parent":1246,"menu_order":0,"comment_status":"closed","ping_status":"closed","template":"","meta":{"_acf_changed":false,"_coblocks_attr":"","_coblocks_dimensions":"","_coblocks_responsive_height":"","_coblocks_accordion_ie_support":"","_eb_attr":"","_uag_custom_page_level_css":"","footnotes":""},"class_list":["post-1738","page","type-page","status-publish","hentry"],"acf":[],"featured_image_src":null,"uagb_featured_image_src":{"full":false,"thumbnail":false,"medium":false,"medium_large":false,"large":false,"elegant_blocks_team_1":false,"elegant_blocks_blog_1":false,"elegant_blocks_slider_1":false,"1536x1536":false,"2048x2048":false,"trp-custom-language-flag":false,"bizberg_medium":false,"bizberg_gallery":false,"bizberg_blog_list":false,"bizberg_detail_image":false,"bizberg_portfolio_homepage":false,"bizberg_blog_list_no_sidebar_1":false,"bizberg_detail_image_no_sidebar":false},"uagb_author_info":{"display_name":"Radu Hobincu","author_link":"https:\/\/etti.upb.ro\/en\/author\/radu-hobincu\/"},"uagb_comment_info":0,"uagb_excerpt":"Introducere\u00a0 Studen\u021bii, masteranzii \u0219i doctoranzii Universit\u0103\u021bii Politehnica din Bucure\u0219ti au dreptul de a solicita cazare \u00een c\u0103minele universit\u0103\u021bii.\u00a0\u00a0 Studen\u021bii care studiaz\u0103 \u00een regim de buget, beneficiaz\u0103 de o subven\u021bie simpl\u0103 de cazare. De aceast\u0103 subven\u021bie nu beneficiaz\u0103 \u0219i studen\u021bii care studiaz\u0103 \u00een regim cu tax\u0103 sau cei care repet\u0103 anul. Studen\u021bii copii ai angaja\u021bilor din&hellip;","_links":{"self":[{"href":"https:\/\/etti.upb.ro\/en\/wp-json\/wp\/v2\/pages\/1738","targetHints":{"allow":["GET"]}}],"collection":[{"href":"https:\/\/etti.upb.ro\/en\/wp-json\/wp\/v2\/pages"}],"about":[{"href":"https:\/\/etti.upb.ro\/en\/wp-json\/wp\/v2\/types\/page"}],"author":[{"embeddable":true,"href":"https:\/\/etti.upb.ro\/en\/wp-json\/wp\/v2\/users\/1"}],"replies":[{"embeddable":true,"href":"https:\/\/etti.upb.ro\/en\/wp-json\/wp\/v2\/comments?post=1738"}],"version-history":[{"count":20,"href":"https:\/\/etti.upb.ro\/en\/wp-json\/wp\/v2\/pages\/1738\/revisions"}],"predecessor-version":[{"id":7802,"href":"https:\/\/etti.upb.ro\/en\/wp-json\/wp\/v2\/pages\/1738\/revisions\/7802"}],"up":[{"embeddable":true,"href":"https:\/\/etti.upb.ro\/en\/wp-json\/wp\/v2\/pages\/1246"}],"wp:attachment":[{"href":"https:\/\/etti.upb.ro\/en\/wp-json\/wp\/v2\/media?parent=1738"}],"curies":[{"name":"wp","href":"https:\/\/api.w.org\/{rel}","templated":true}]}}