{"id":1741,"date":"2021-05-08T00:06:25","date_gmt":"2021-05-07T21:06:25","guid":{"rendered":"https:\/\/site.dcae.pub.ro\/?page_id=1741"},"modified":"2025-02-10T16:14:42","modified_gmt":"2025-02-10T14:14:42","slug":"tabere","status":"publish","type":"page","link":"https:\/\/etti.upb.ro\/en\/studenti\/facilitati\/tabere\/","title":{"rendered":"Student Camps"},"content":{"rendered":"<div data-elementor-type=\"wp-page\" data-elementor-id=\"1741\" class=\"elementor elementor-1741\">\n\t\t\t\t<div class=\"elementor-element elementor-element-6496823 e-flex e-con-boxed e-con e-parent\" data-id=\"6496823\" data-element_type=\"container\" data-e-type=\"container\">\n\t\t\t\t\t<div class=\"e-con-inner\">\n\t\t<div class=\"elementor-element elementor-element-dd43285 e-con-full e-flex e-con e-child\" data-id=\"dd43285\" data-element_type=\"container\" data-e-type=\"container\">\n\t\t\t\t<div class=\"elementor-element elementor-element-1ed098dd elementor-widget elementor-widget-text-editor\" data-id=\"1ed098dd\" data-element_type=\"widget\" data-e-type=\"widget\" data-widget_type=\"text-editor.default\">\n\t\t\t\t<div class=\"elementor-widget-container\">\n\t\t\t\t\t\t\t\t\t<p><\/p>\n<p style=\"text-align: justify; font-size: 15px;\">Each academic year a procedure will be announced for the selection of students for places in student camps.<\/p>\n\n<p style=\"text-align: justify; font-size: 15px;\">Details of the Student Camps will be displayed in the news section or, on this page, on the right hand side in the Camps Announcements section.\u00a0<\/p>\n<p><\/p>\t\t\t\t\t\t\t\t<\/div>\n\t\t\t\t<\/div>\n\t\t\t\t<\/div>\n\t\t<div class=\"elementor-element elementor-element-0ff51b6 e-con-full e-flex e-con e-child\" data-id=\"0ff51b6\" data-element_type=\"container\" data-e-type=\"container\">\n\t\t<div class=\"elementor-element elementor-element-344f1fc e-flex e-con-boxed e-con e-child\" data-id=\"344f1fc\" data-element_type=\"container\" data-e-type=\"container\">\n\t\t\t\t\t<div class=\"e-con-inner\">\n\t\t\t\t<div class=\"elementor-element elementor-element-e0fe466 elementor-widget elementor-widget-heading\" data-id=\"e0fe466\" data-element_type=\"widget\" data-e-type=\"widget\" data-widget_type=\"heading.default\">\n\t\t\t\t<div class=\"elementor-widget-container\">\n\t\t\t\t\t<h4 class=\"elementor-heading-title elementor-size-default\">Camps Announcements<\/h4>\t\t\t\t<\/div>\n\t\t\t\t<\/div>\n\t\t\t\t\t<\/div>\n\t\t\t\t<\/div>\n\t\t<div class=\"elementor-element elementor-element-7140ce9 e-flex e-con-boxed e-con e-child\" data-id=\"7140ce9\" data-element_type=\"container\" data-e-type=\"container\">\n\t\t\t\t\t<div class=\"e-con-inner\">\n\t\t\t\t\t<\/div>\n\t\t\t\t<\/div>\n\t\t\t\t<\/div>\n\t\t\t\t\t<\/div>\n\t\t\t\t<\/div>\n\t\t\t\t<\/div>","protected":false},"excerpt":{"rendered":"<p>\u00cen fiecare an universitar se va anun\u021ba procedura de selec\u021bie a studen\u021bilor care vor beneficia de locuri \u00een taberele studen\u021be\u0219ti. Detalii privind Taberele Studen\u021be\u0219ti se vor afi\u0219a la sec\u021biunea nout\u0103\u021bi sau, pe aceast\u0103 pagina, \u00een partea dreapt\u0103 la sec\u021biunea Anun\u021buri Tabere.\u00a0 Anun\u021buri Tabere Tabere Studen\u021be\u0219ti Vara-2024 Actualizare 09.07.2024 ETTI are alocate 30 de locuri in tabere&#8230;Read More Tabere Studen\u021be\u0219ti Ianuarie [&hellip;]<\/p>\n","protected":false},"author":1,"featured_media":0,"parent":1246,"menu_order":0,"comment_status":"closed","ping_status":"closed","template":"","meta":{"_acf_changed":false,"_coblocks_attr":"","_coblocks_dimensions":"","_coblocks_responsive_height":"","_coblocks_accordion_ie_support":"","_eb_attr":"","_uag_custom_page_level_css":"","footnotes":""},"class_list":["post-1741","page","type-page","status-publish","hentry"],"acf":[],"featured_image_src":null,"uagb_featured_image_src":{"full":false,"thumbnail":false,"medium":false,"medium_large":false,"large":false,"elegant_blocks_team_1":false,"elegant_blocks_blog_1":false,"elegant_blocks_slider_1":false,"1536x1536":false,"2048x2048":false,"trp-custom-language-flag":false,"bizberg_medium":false,"bizberg_gallery":false,"bizberg_blog_list":false,"bizberg_detail_image":false,"bizberg_portfolio_homepage":false,"bizberg_blog_list_no_sidebar_1":false,"bizberg_detail_image_no_sidebar":false},"uagb_author_info":{"display_name":"Radu Hobincu","author_link":"https:\/\/etti.upb.ro\/en\/author\/radu-hobincu\/"},"uagb_comment_info":0,"uagb_excerpt":"\u00cen fiecare an universitar se va anun\u021ba procedura de selec\u021bie a studen\u021bilor care vor beneficia de locuri \u00een taberele studen\u021be\u0219ti. Detalii privind Taberele Studen\u021be\u0219ti se vor afi\u0219a la sec\u021biunea nout\u0103\u021bi sau, pe aceast\u0103 pagina, \u00een partea dreapt\u0103 la sec\u021biunea Anun\u021buri Tabere.\u00a0 Anun\u021buri Tabere Tabere Studen\u021be\u0219ti Vara-2024 Actualizare 09.07.2024 ETTI are alocate 30 de locuri in&hellip;","_links":{"self":[{"href":"https:\/\/etti.upb.ro\/en\/wp-json\/wp\/v2\/pages\/1741","targetHints":{"allow":["GET"]}}],"collection":[{"href":"https:\/\/etti.upb.ro\/en\/wp-json\/wp\/v2\/pages"}],"about":[{"href":"https:\/\/etti.upb.ro\/en\/wp-json\/wp\/v2\/types\/page"}],"author":[{"embeddable":true,"href":"https:\/\/etti.upb.ro\/en\/wp-json\/wp\/v2\/users\/1"}],"replies":[{"embeddable":true,"href":"https:\/\/etti.upb.ro\/en\/wp-json\/wp\/v2\/comments?post=1741"}],"version-history":[{"count":35,"href":"https:\/\/etti.upb.ro\/en\/wp-json\/wp\/v2\/pages\/1741\/revisions"}],"predecessor-version":[{"id":7812,"href":"https:\/\/etti.upb.ro\/en\/wp-json\/wp\/v2\/pages\/1741\/revisions\/7812"}],"up":[{"embeddable":true,"href":"https:\/\/etti.upb.ro\/en\/wp-json\/wp\/v2\/pages\/1246"}],"wp:attachment":[{"href":"https:\/\/etti.upb.ro\/en\/wp-json\/wp\/v2\/media?parent=1741"}],"curies":[{"name":"wp","href":"https:\/\/api.w.org\/{rel}","templated":true}]}}