{"id":18,"date":"2020-05-20T20:11:14","date_gmt":"2020-05-20T17:11:14","guid":{"rendered":"http:\/\/wordpress.local\/?page_id=18"},"modified":"2023-09-26T11:59:11","modified_gmt":"2023-09-26T08:59:11","slug":"departamente","status":"publish","type":"page","link":"https:\/\/etti.upb.ro\/en\/despre-noi\/departamente\/","title":{"rendered":"Departments"},"content":{"rendered":"<div data-elementor-type=\"wp-page\" data-elementor-id=\"18\" class=\"elementor elementor-18\">\n<section class=\"elementor-section elementor-top-section elementor-element elementor-element-4741ad6 elementor-section-boxed elementor-section-height-default elementor-section-height-default\" data-id=\"4741ad6\" data-element_type=\"section\" data-e-type=\"section\">\n<div class=\"elementor-container elementor-column-gap-default\">\n<div class=\"elementor-column elementor-col-100 elementor-top-column elementor-element elementor-element-8521a5e\" data-id=\"8521a5e\" data-element_type=\"column\" data-e-type=\"column\">\n<div class=\"elementor-widget-wrap\">\n\t\t\t\t\t\t\t<\/div>\n<\/p><\/div>\n<\/p><\/div>\n<\/section><\/div>","protected":false},"excerpt":{"rendered":"<p>Dispozitive, circuite \u0219i arhitecturi electronice Director: Prof. dr. ing. Claudius DAN Adresa paginii: https:\/\/www.dcae.pub.ro Specificul&#8230; Afl\u0103 mai multe Electronic\u0103 aplicat\u0103 \u0219i ingineria informa\u021biei Director: Conf. dr. ing. Bogdan FLOREA Adresa paginii: http:\/\/www.eaii.pub.ro\/ Activitatea&#8230; Afl\u0103 mai multe Tehnologie Electronic\u0103 \u015fi Fiabilitate Director: Conf. dr. ing. Marian VL\u0102DESCU Adresa paginii: https:\/\/www.tehfi.pub.ro La&nbsp;nivel&#8230; Afl\u0103 mai multe Telecomunica\u021bii Director: \u0218.L. dr. ing. \u0218erban-Georgic\u0103 OBREJA [&hellip;]<\/p>\n","protected":false},"author":1,"featured_media":0,"parent":15,"menu_order":0,"comment_status":"closed","ping_status":"closed","template":"","meta":{"_acf_changed":false,"_coblocks_attr":"","_coblocks_dimensions":"","_coblocks_responsive_height":"","_coblocks_accordion_ie_support":"","_eb_attr":"","_uag_custom_page_level_css":"","footnotes":""},"class_list":["post-18","page","type-page","status-publish","hentry"],"acf":[],"featured_image_src":null,"uagb_featured_image_src":{"full":false,"thumbnail":false,"medium":false,"medium_large":false,"large":false,"elegant_blocks_team_1":false,"elegant_blocks_blog_1":false,"elegant_blocks_slider_1":false,"1536x1536":false,"2048x2048":false,"trp-custom-language-flag":false,"bizberg_medium":false,"bizberg_gallery":false,"bizberg_blog_list":false,"bizberg_detail_image":false,"bizberg_portfolio_homepage":false,"bizberg_blog_list_no_sidebar_1":false,"bizberg_detail_image_no_sidebar":false},"uagb_author_info":{"display_name":"Radu Hobincu","author_link":"https:\/\/etti.upb.ro\/en\/author\/radu-hobincu\/"},"uagb_comment_info":0,"uagb_excerpt":"Dispozitive, circuite \u0219i arhitecturi electronice Director: Prof. dr. ing. Claudius DAN Adresa paginii: https:\/\/www.dcae.pub.ro Specificul&#8230; Afl\u0103 mai multe Electronic\u0103 aplicat\u0103 \u0219i ingineria informa\u021biei Director: Conf. dr. ing. Bogdan FLOREA Adresa paginii: http:\/\/www.eaii.pub.ro\/ Activitatea&#8230; Afl\u0103 mai multe Tehnologie Electronic\u0103 \u015fi Fiabilitate Director: Conf. dr. ing. Marian VL\u0102DESCU Adresa paginii: https:\/\/www.tehfi.pub.ro La&nbsp;nivel&#8230; Afl\u0103 mai multe Telecomunica\u021bii Director:&hellip;","_links":{"self":[{"href":"https:\/\/etti.upb.ro\/en\/wp-json\/wp\/v2\/pages\/18","targetHints":{"allow":["GET"]}}],"collection":[{"href":"https:\/\/etti.upb.ro\/en\/wp-json\/wp\/v2\/pages"}],"about":[{"href":"https:\/\/etti.upb.ro\/en\/wp-json\/wp\/v2\/types\/page"}],"author":[{"embeddable":true,"href":"https:\/\/etti.upb.ro\/en\/wp-json\/wp\/v2\/users\/1"}],"replies":[{"embeddable":true,"href":"https:\/\/etti.upb.ro\/en\/wp-json\/wp\/v2\/comments?post=18"}],"version-history":[{"count":36,"href":"https:\/\/etti.upb.ro\/en\/wp-json\/wp\/v2\/pages\/18\/revisions"}],"predecessor-version":[{"id":3515,"href":"https:\/\/etti.upb.ro\/en\/wp-json\/wp\/v2\/pages\/18\/revisions\/3515"}],"up":[{"embeddable":true,"href":"https:\/\/etti.upb.ro\/en\/wp-json\/wp\/v2\/pages\/15"}],"wp:attachment":[{"href":"https:\/\/etti.upb.ro\/en\/wp-json\/wp\/v2\/media?parent=18"}],"curies":[{"name":"wp","href":"https:\/\/api.w.org\/{rel}","templated":true}]}}