{"id":1877,"date":"2021-10-27T17:39:10","date_gmt":"2021-10-27T14:39:10","guid":{"rendered":"https:\/\/site.dcae.pub.ro\/?page_id=1877"},"modified":"2026-04-06T19:37:05","modified_gmt":"2026-04-06T16:37:05","slug":"absolvire","status":"publish","type":"page","link":"https:\/\/etti.upb.ro\/en\/studenti\/absolvire\/","title":{"rendered":"BSc and MSc Graduation Procedures"},"content":{"rendered":"<figure class=\"wp-block-table alignwide\"><table class=\"has-fixed-layout\"><tbody><tr><td><br><strong>General information<br><\/strong>... to register for the graduation exam.<br><a href=\"https:\/\/etti.upb.ro\/en\/absolvire\/informatii-generale\/\">Find out more<\/a><br><br><strong>Activity evaluation<\/strong><br>... preparing the diploma\/ dissertation project.<br><a href=\"https:\/\/etti.upb.ro\/en\/absolvire\/evaluarea-activitatii-de-pregatire-a-proiectului-de-diploma-dizertatie\/\">Find out more<\/a><br><br><strong>Registration<\/strong><br>... for the diploma exam.<br><a href=\"https:\/\/etti.upb.ro\/en\/absolvire\/inscrierea-la-examenul-de-diploma\/\">Find out more<\/a><br><br><strong>Registration<\/strong><br>... for the dissertation exam.<br><a href=\"https:\/\/etti.upb.ro\/en\/absolvire\/inscrierea-la-examenul-de-dizertatie\/\">Find out more<\/a><\/td><td class=\"has-text-align-right\" data-align=\"right\"><strong>Announcements<\/strong><br><br><a href=\"https:\/\/etti.upb.ro\/en\/2024\/06\/05\/calendar-absolvire-2025-2026\/\">Graduation calendar 2025-2026<\/a><br>April 06, 2026<br><br><a href=\"https:\/\/etti.upb.ro\/en\/2023\/11\/22\/aplicatia-absolvire-2023\/\">Graduation application 2023<\/a><br>November 22, 2023<br><\/td><\/tr><\/tbody><\/table><\/figure>\n\n\n\n<p><\/p>","protected":false},"excerpt":{"rendered":"<p>Informa\u021bii generale\u2026 pentru \u00eenscrierea la examenul de absolvire.Afl\u0103 mai multeEvaluarea activit\u0103\u021bii\u2026 de preg\u0103tire a proiectului de diplom\u0103\/ dizerta\u021bie.Afl\u0103 mai multe\u00censcrierea\u2026 la examenul de diplom\u0103.Afl\u0103 mai multe\u00censcrierea\u2026 la examenul de diserta\u021bie.Afl\u0103 mai multeAnun\u021buriCalendar absolvire 2025-202606 aprilie 2026Aplica\u021bia absolvire 202322 noiembrie 2023<\/p>","protected":false},"author":1,"featured_media":0,"parent":43,"menu_order":0,"comment_status":"closed","ping_status":"closed","template":"","meta":{"_acf_changed":false,"_coblocks_attr":"","_coblocks_dimensions":"","_coblocks_responsive_height":"","_coblocks_accordion_ie_support":"","_eb_attr":"","_uag_custom_page_level_css":"","footnotes":""},"class_list":["post-1877","page","type-page","status-publish","hentry"],"acf":[],"featured_image_src":null,"uagb_featured_image_src":{"full":false,"thumbnail":false,"medium":false,"medium_large":false,"large":false,"elegant_blocks_team_1":false,"elegant_blocks_blog_1":false,"elegant_blocks_slider_1":false,"1536x1536":false,"2048x2048":false,"trp-custom-language-flag":false,"bizberg_medium":false,"bizberg_gallery":false,"bizberg_blog_list":false,"bizberg_detail_image":false,"bizberg_portfolio_homepage":false,"bizberg_blog_list_no_sidebar_1":false,"bizberg_detail_image_no_sidebar":false},"uagb_author_info":{"display_name":"Radu Hobincu","author_link":"https:\/\/etti.upb.ro\/en\/author\/radu-hobincu\/"},"uagb_comment_info":0,"uagb_excerpt":"Informa\u021bii generale\u2026 pentru \u00eenscrierea la examenul de absolvire.Afl\u0103 mai multeEvaluarea activit\u0103\u021bii\u2026 de preg\u0103tire a proiectului de diplom\u0103\/ dizerta\u021bie.Afl\u0103 mai multe\u00censcrierea\u2026 la examenul de diplom\u0103.Afl\u0103 mai multe\u00censcrierea\u2026 la examenul de diserta\u021bie.Afl\u0103 mai multeAnun\u021buriCalendar absolvire 2025-202606 aprilie 2026Aplica\u021bia absolvire 202322 noiembrie 2023","_links":{"self":[{"href":"https:\/\/etti.upb.ro\/en\/wp-json\/wp\/v2\/pages\/1877","targetHints":{"allow":["GET"]}}],"collection":[{"href":"https:\/\/etti.upb.ro\/en\/wp-json\/wp\/v2\/pages"}],"about":[{"href":"https:\/\/etti.upb.ro\/en\/wp-json\/wp\/v2\/types\/page"}],"author":[{"embeddable":true,"href":"https:\/\/etti.upb.ro\/en\/wp-json\/wp\/v2\/users\/1"}],"replies":[{"embeddable":true,"href":"https:\/\/etti.upb.ro\/en\/wp-json\/wp\/v2\/comments?post=1877"}],"version-history":[{"count":87,"href":"https:\/\/etti.upb.ro\/en\/wp-json\/wp\/v2\/pages\/1877\/revisions"}],"predecessor-version":[{"id":10453,"href":"https:\/\/etti.upb.ro\/en\/wp-json\/wp\/v2\/pages\/1877\/revisions\/10453"}],"up":[{"embeddable":true,"href":"https:\/\/etti.upb.ro\/en\/wp-json\/wp\/v2\/pages\/43"}],"wp:attachment":[{"href":"https:\/\/etti.upb.ro\/en\/wp-json\/wp\/v2\/media?parent=1877"}],"curies":[{"name":"wp","href":"https:\/\/api.w.org\/{rel}","templated":true}]}}