{"id":1901,"date":"2025-08-23T12:23:13","date_gmt":"2025-08-23T09:23:13","guid":{"rendered":"https:\/\/site.dcae.pub.ro\/?p=1901"},"modified":"2025-08-23T12:23:13","modified_gmt":"2025-08-23T09:23:13","slug":"inscrierea-la-examenul-de-dizertatie","status":"publish","type":"page","link":"https:\/\/etti.upb.ro\/en\/studenti\/absolvire\/inscrierea-la-examenul-de-dizertatie\/","title":{"rendered":"Registration for the dissertation exam"},"content":{"rendered":"<div data-elementor-type=\"wp-page\" data-elementor-id=\"1901\" class=\"elementor elementor-1901\">\n\t\t\t\t<div class=\"elementor-element elementor-element-350ba95c e-flex e-con-boxed e-con e-parent\" data-id=\"350ba95c\" data-element_type=\"container\" data-e-type=\"container\">\n\t\t\t\t\t<div class=\"e-con-inner\">\n\t\t\t\t<div class=\"elementor-element elementor-element-66b7815a elementor-widget elementor-widget-text-editor\" data-id=\"66b7815a\" data-element_type=\"widget\" data-e-type=\"widget\" data-widget_type=\"text-editor.default\">\n\t\t\t\t<div class=\"elementor-widget-container\">\n\t\t\t\t\t\t\t\t\t\n<p style=\"font-size: 15px; text-align: justify;\">To register for the dissertation exam the following steps must be followed:<\/p>\n\n<p style=\"font-size: 15px; text-align: justify;\">Upload to your personal account on the ETTI platform <strong><a href=\"http:\/\/etti.pub.ro\/absolvire\">http:\/\/etti.pub.ro\/absolvire<\/a><\/strong>the following documents during the registration period in the calendar:<\/p>\n<ol>\n<li style=\"font-size: 15px; text-align: justify;\"><strong>Application form<\/strong> on <strong><a href=\"https:\/\/studenti.pub.ro\" target=\"_blank\" rel=\"noreferrer noopener\">students.pub.ro<\/a><\/strong> with the opinion of the project leader. It is <strong>optional<\/strong> the presence of the graduation average on this application (especially if some grades are passed late), provided, however, that the student is a full-time student. <strong>Application form<\/strong> must be completed online on the <a href=\"https:\/\/studenti.pub.ro\">students.pub.ro<\/a> by each graduate on his\/her own account. In the <strong>Dissertation project<\/strong> the graduate must select the current session, fill in the project title (<strong>with diacritics, IDENTICAL to the subject title in Annex 2<\/strong>), select the coordinator from the list, and if the coordinator does not appear in the list, select \"other university\" and write the name of the coordinator. The form will then be saved and signed by the student and the coordinator.<br \/><strong style=\"color: red;\">ATTENTION! The title of the theme must be in Romanian, and for English programmes the title in English must be added.<\/strong><\/li>\n<li style=\"font-size: 15px; text-align: justify; padding-top: 15px;\"><strong><a href=\"\/wp-content\/uploads\/2024\/06\/Anexa-2_Regulament-finalizare-studii-Politehnica-Bucuresti-2023-2024.pdf\" target=\"_blank\" rel=\"noreferrer noopener\">Declaration of originality<\/a>:<\/strong> is printed, signed and dated, scanned and different from the declaration of <em>honesty<\/em> to be included in the project (Annex 5 of the ETTI graduation regulations).<\/li>\n<li style=\"font-size: 15px; text-align: justify;\"><strong>Identity card<\/strong>, scanned<\/li>\n<li><span data-v-69f450f9=\"\"><strong>Employability questionnaire<\/strong> complete online, save and upload the proof that appears after completion. For students in year 2 (ongoing) who have access to studenti.pub.ro, they can use the platform to fill in the questionnaire. For students who do not have access to studenti.pub.ro, the questionnaire can be found here: <a href=\"https:\/\/alumni.upb.ro\/contact\/chestionar-angajabilitate-2025\/\">https:\/\/alumni.upb.ro\/contact\/chestionar-angajabilitate-2025\/<\/a><\/span><\/li>\n<li style=\"font-size: 15px; text-align: justify;\"><strong>Similarity ratio<\/strong> generated from Plagiarism Detector (only the relevant pages signed by the student and his\/her supervisor), together with <strong>analysis and interpretation of the report<\/strong>. In order to comply with the new regulations on the conduct of graduation exams issued by the university and approved by the senate, available <a href=\"https:\/\/upb.ro\/wp-content\/uploads\/2022\/11\/Regulament-finalizare-studii-Politehnica-Bucuresti-2023-2024.pdf\" target=\"_blank\" rel=\"noopener\">here<\/a>, we apply the following methodology for the graduation of ETTI Master programmes:\n<ul>\n<li style=\"font-size: 15px; text-align: justify; padding-top: 15px;\"><strong>Step 1: <\/strong>All students who wish to register for the dissertation exam must upload on the graduation platform, in the section \"Upload preliminary draft\" the preliminary version (as close as possible to the final one) of the thesis.<\/li>\n<li><strong>Step 2: <\/strong>The tutor downloads from the graduation platform (menu \"<a href=\"https:\/\/etti.pub.ro\/absolvire\/teme_profesor.php\">Tracking assigned topics<\/a>\") preliminary draft submitted to <strong>Step 1 <\/strong>and check for similarity using the Plagiarism Detector program (<a href=\"https:\/\/etti.upb.ro\/wp-content\/uploads\/2025\/08\/20250823_Tutorial_Plagiarism_Detector.pdf\">Tutorial using Plagiarism Detector<\/a>The tutor then analyzes the report, shares the report with the student (\"<a href=\"https:\/\/etti.pub.ro\/absolvire\/teme_profesor.php\">Tracking assigned topics<\/a>\", section \"Upload preliminary similarity report:\") and gives his\/her agreement to submit the work to the secretariat or, if necessary, asks the student to revise certain sections to improve originality.<br \/><strong>Note<\/strong>: The report will be analyzed and interpreted using the available template <strong><a href=\"\/wp-content\/uploads\/2024\/06\/Analiza_Raportului_de_Similitudine_2024.docx\" target=\"_blank\" rel=\"noopener\">here<\/a><\/strong>.<\/li>\n<li><strong>Step 3:<\/strong> The tutors send the relevant pages of the signed similarity report (the first 2) to the students along with their analysis, and the students will upload them along with the rest of the documents to the graduation platform at the time of enrollment. A new field called \"Signed Similarity Report\" has become available in the \"Upload Enrollment Documents\" section for this purpose.<br \/><strong>Note:<\/strong> Upload a single document containing: i) <span data-v-69f450f9=\"\">the first two pages of the signed similarity report<\/span> and ii) analyze and interpret the report using the above template.<\/li>\n<\/ul>\n<\/li>\n<\/ol>\n<p style=\"font-size: 15px; text-align: justify;\"><!-- \/wp:image --><!-- wp:paragraph --><\/p>\n<p style=\"font-size: 15px; text-align: justify;\">The following documents are not uploaded to your personal account:<\/p>\n<p style=\"font-size: 15px; text-align: justify;\"><!-- \/wp:paragraph --><!-- wp:list {\"ordered\":true} --><\/p>\n<ol>\n<li style=\"font-size: 15px; text-align: justify;\"><strong>Proof of payment of the examination fee<\/strong> for those who have studied on a fee-paying basis or are repeating the school-leaving exam - to be sent by e-mail to <a href=\"mailto:secretariat@etti.pub.ro\"><span data-olk-copy-source=\"MessageBody\">secretariat@etti.pub.ro<\/span><\/a><\/li>\n<li style=\"font-size: 15px; text-align: justify;\"><strong>Liquidation sheet<\/strong> it is no longer part of the documents that the student submits when registering, as from the 2019-2020 academic year it is filled in by the secretariat.<\/li>\n<\/ol>\n<p style=\"font-size: 15px; text-align: justify;\"><!-- \/wp:list --><!-- wp:paragraph --><\/p>\n<p style=\"font-size: 15px; text-align: justify; padding-top: 15px;\">After registration:<\/p>\n<p style=\"font-size: 15px; text-align: justify;\"><!-- \/wp:paragraph --><!-- wp:list --><\/p>\n<ul>\n<li style=\"font-size: 15px; text-align: justify;\">The Secretariat will check the conformity of the documents submitted. Once they are complete and correct, the upload buttons will become inactive.<\/li>\n<li style=\"font-size: 15px; text-align: justify;\"><strong>Diploma project<\/strong> (in PDF format) as well as <strong>Poster <\/strong>(in PDF format) is uploaded to the <strong><a href=\"http:\/\/etti.pub.ro\/absolvire\" target=\"_blank\" rel=\"noopener\">http:\/\/etti.pub.ro\/absolvire<\/a> (attention, not on studenti.pub.ro; <\/strong>you can upload there too but it does not count) in the calendar period.<\/li>\n<\/ul>\n<p style=\"font-size: 15px; text-align: justify;\"><!-- \/wp:list --><!-- wp:paragraph --><\/p>\n<p style=\"font-size: 15px; text-align: justify; padding-top: 30px;\">The schedule will be posted on the faculty website approximately two days in advance.<\/p>\n<p style=\"font-size: 15px; text-align: justify;\"><!-- \/wp:paragraph --><\/p>\t\t\t\t\t\t\t\t<\/div>\n\t\t\t\t<\/div>\n\t\t\t\t\t<\/div>\n\t\t\t\t<\/div>\n\t\t\t\t<\/div>","protected":false},"excerpt":{"rendered":"<p>Pentru \u00eenscrierea la examenul de diserta\u021bie trebuie parcur\u0219i urm\u0103torii pa\u0219i: \u00cenc\u0103rcarea \u00een contul personal de pe platforma ETTI http:\/\/etti.pub.ro\/absolvire, \u00een perioada de \u00eenscriere din calendar, a urm\u0103toarelor documente: Cererea de \u00eenscriere de pe studenti.pub.ro cu avizul conduc\u0103torului de proiect. Este op\u021bional\u0103 prezen\u021ba mediei de absolvire pe aceast\u0103 cerere (\u00een special \u00een situa\u021bia \u00een care unele note sunt trecute cu \u00eent\u00e2rziere), [&hellip;]<\/p>\n","protected":false},"author":7,"featured_media":0,"parent":1877,"menu_order":0,"comment_status":"closed","ping_status":"closed","template":"","meta":{"_acf_changed":false,"_coblocks_attr":"","_coblocks_dimensions":"","_coblocks_responsive_height":"","_coblocks_accordion_ie_support":"","_eb_attr":"","_uag_custom_page_level_css":"","footnotes":""},"class_list":["post-1901","page","type-page","status-publish","hentry"],"acf":[],"featured_image_src":null,"uagb_featured_image_src":{"full":false,"thumbnail":false,"medium":false,"medium_large":false,"large":false,"elegant_blocks_team_1":false,"elegant_blocks_blog_1":false,"elegant_blocks_slider_1":false,"1536x1536":false,"2048x2048":false,"trp-custom-language-flag":false,"bizberg_medium":false,"bizberg_gallery":false,"bizberg_blog_list":false,"bizberg_detail_image":false,"bizberg_portfolio_homepage":false,"bizberg_blog_list_no_sidebar_1":false,"bizberg_detail_image_no_sidebar":false},"uagb_author_info":{"display_name":"En\u0103chescu Marius","author_link":"https:\/\/etti.upb.ro\/en\/author\/m-enachescu\/"},"uagb_comment_info":0,"uagb_excerpt":"Pentru \u00eenscrierea la examenul de diserta\u021bie trebuie parcur\u0219i urm\u0103torii pa\u0219i: \u00cenc\u0103rcarea \u00een contul personal de pe platforma ETTI http:\/\/etti.pub.ro\/absolvire, \u00een perioada de \u00eenscriere din calendar, a urm\u0103toarelor documente: Cererea de \u00eenscriere de pe studenti.pub.ro cu avizul conduc\u0103torului de proiect. Este op\u021bional\u0103 prezen\u021ba mediei de absolvire pe aceast\u0103 cerere (\u00een special \u00een situa\u021bia \u00een care unele&hellip;","_links":{"self":[{"href":"https:\/\/etti.upb.ro\/en\/wp-json\/wp\/v2\/pages\/1901","targetHints":{"allow":["GET"]}}],"collection":[{"href":"https:\/\/etti.upb.ro\/en\/wp-json\/wp\/v2\/pages"}],"about":[{"href":"https:\/\/etti.upb.ro\/en\/wp-json\/wp\/v2\/types\/page"}],"author":[{"embeddable":true,"href":"https:\/\/etti.upb.ro\/en\/wp-json\/wp\/v2\/users\/7"}],"replies":[{"embeddable":true,"href":"https:\/\/etti.upb.ro\/en\/wp-json\/wp\/v2\/comments?post=1901"}],"version-history":[{"count":57,"href":"https:\/\/etti.upb.ro\/en\/wp-json\/wp\/v2\/pages\/1901\/revisions"}],"predecessor-version":[{"id":8840,"href":"https:\/\/etti.upb.ro\/en\/wp-json\/wp\/v2\/pages\/1901\/revisions\/8840"}],"up":[{"embeddable":true,"href":"https:\/\/etti.upb.ro\/en\/wp-json\/wp\/v2\/pages\/1877"}],"wp:attachment":[{"href":"https:\/\/etti.upb.ro\/en\/wp-json\/wp\/v2\/media?parent=1901"}],"curies":[{"name":"wp","href":"https:\/\/api.w.org\/{rel}","templated":true}]}}