{"id":2006,"date":"2021-12-10T17:10:23","date_gmt":"2021-12-10T15:10:23","guid":{"rendered":"https:\/\/site.dcae.pub.ro\/?page_id=2006"},"modified":"2025-02-11T11:47:21","modified_gmt":"2025-02-11T09:47:21","slug":"antreprenoriatetti","status":"publish","type":"page","link":"https:\/\/etti.upb.ro\/en\/studenti\/antreprenoriatetti\/","title":{"rendered":"Entrepreneurship@ETTI\u00a0"},"content":{"rendered":"<div data-elementor-type=\"wp-page\" data-elementor-id=\"2006\" class=\"elementor elementor-2006\">\n\t\t\t\t<div class=\"elementor-element elementor-element-117bf31a e-flex e-con-boxed e-con e-parent\" data-id=\"117bf31a\" data-element_type=\"container\" data-e-type=\"container\">\n\t\t\t\t\t<div class=\"e-con-inner\">\n\t\t\t\t<div class=\"elementor-element elementor-element-786af9a6 elementor-widget elementor-widget-text-editor\" data-id=\"786af9a6\" data-element_type=\"widget\" data-e-type=\"widget\" data-widget_type=\"text-editor.default\">\n\t\t\t\t<div class=\"elementor-widget-container\">\n\t\t\t\t\t\t\t\t\t<p>\n<\/p>\n<p style=\"font-size: 18px;\">\n    <em>\n        <strong>What is @ETTI Entrepreneurship?<\/strong>\n    <\/em>\n<\/p>\n\n<p style=\"font-size: 15px; text-align: justify;\">Entrepreneurship @ ETTI is the ETTI initiative in collaboration with <a\n        href=\"https:\/\/www.facebook.com\/CA.UPBizz\/\" target=\"_blank\">UPBizz<\/a>\u00a0 through which we promote and help\n    the entrepreneurial initiatives of students, teachers or alumni\n    ETTI. We want, together with UPBizz, to be the first point of contact in the entrepreneurial journey\n    of any member of the ETTI community.<\/p>\n\n<p style=\"font-size: 18px;\">\n    <strong>\n        <em>What services do we offer:\u00a0<\/em>\n    <\/strong>\n<\/p>\n\n<ul>\n    <li style=\"font-size: 15px; text-align: justify;\">We offer mentoring services for ETTI students\/professors who want to start a\n        startup<\/li>\n    <li style=\"font-size: 15px; text-align: justify;\">We offer mentoring services for ETTI professors\/researchers who wish to set up\n        a spin-off using the results of research projects developed through contracts\n        research<\/li>\n    <li style=\"font-size: 15px; text-align: justify;\">Services to put ETTI students\/teachers in touch with specialists in the following fields\n        different fields or partner companies<\/li>\n    <li style=\"font-size: 15px; text-align: justify;\">Mentoring at various hackathons attended by ETTI students \/ teachers \/ researchers<\/li>\n<\/ul>\n\n<p style=\"font-size: 18px; padding-top: 25px;\">\n    <b>\n        <i>Contact person<\/i>\n    <\/b>\n<\/p>\n\n<ul>\n    <li style=\"font-size: 15px; text-align: justify;\">R\u0103zvan Craciunescu (<a href=\"mailto:razvan.craciunescu@upb.ro\">razvan.craciunescu@upb.ro<\/a>\n        )<\/li>\n<\/ul>\n\n<p style=\"font-size: 18px; padding-top: 40px;\">\n    <em>\n        <strong>Entrepreneurship Success Stories @ ETTI<\/strong>\n    <\/em>\n<\/p>\n\n<p  style=\"font-size: 15px; text-align: justify;\"><a href=\"http:\/\/www.trustycamera.com\" target=\"_blank\">Trusty Camera<\/a> is an image security solution\n    against counterfeiting and detection of falsified images for both companies and\n    and private individuals. Photos captured with the app's camera are dated and secured\n    using its own authentication algorithm so that any subsequent falsification of\n    their content can be accurately detected and localized by the Trusty\n    Camera, which can run on mobile devices or on a server.<\/p>\n\n<p  style=\"font-size: 15px; text-align: justify;\">The team behind the startup Trusty Camera consists of three experienced academics\n    from the Faculty of Electronics, Telecommunications and Information Technology, University\n    Politehnica of Bucharest: as. eng. Alina-Elena Marcu and Dr. Eng. Robert-Alexandru Dobre from\n    from the Department of Electronic Technology and Reliability and conf. dr. eng. Radu-Ovidiu Preda from\n    from the Department of Telecommunications.<\/p>\n\n<p style=\"font-size: 15px; text-align: justify;\">Trusty Camera has participated in various startup accelerators and competitions, being\n    Innovation Labs \"Startup of the Year\" and the PatriotFest Award for Innovation in\n    Creativity for Security.<\/p>\n\n<p style=\"font-size: 18px; padding-top: 20px;\">\n    <em>\n        <strong>About <a href=\"https:\/\/www.facebook.com\/CA.UPBizz\/\" target=\"_blank\">UPBizz<\/a><\/strong>\n    <\/em>\n<\/p>\n\n\n<p style=\"font-size: 15px; text-align: justify;\">UPBizz Entrepreneurship Center is a new department dedicated to the students of the University\n    POLITEHNICA of Bucharest which serves as an additional measure to ensure a\n    optimal transition of young people from student to young entrepreneur.<\/p>\n\n<p style=\"font-size: 15px; text-align: justify;\">To see what event they are preparing you can follow their Facebook page @<a\n        href=\"https:\/\/www.facebook.com\/CA.UPBizz\/\" target=\"_blank\">UPBizz<\/a>.\u00a0<\/p>\n\n<p style=\"font-size: 15px; text-align: justify;\">Other entrepreneurial initiatives in UPB that we support:\u00a0<\/p>\n<ul>\n    <li style=\"font-size: 15px; text-align: justify;\"><a href=\"https:\/\/www.innovationlabs.ro\/\" target=\"_blank\">Innovation Labs<\/a>\u00a0<\/li>\n    <li style=\"font-size: 15px; text-align: justify;\"><a href=\"http:\/\/techallenge.pub.ro\/\" target=\"_blank\">Techchallenge UPB<\/a>\u00a0<\/li>\n<\/ul>\n\n<p style=\"font-size: 15px; text-align: justify; padding-top: 10px;\">Entrepreneurial initiatives \/ idea contests \/ hackathons \/ accelerators that we recommend\u00a0<\/p>\n\n<ul>\n    <li style=\"font-size: 15px; text-align: justify;\">\n        <a href=\"https:\/\/www.patriotfest.ro\/\" target=\"_blank\">PatriotFest<\/a>\n    <\/li>\n    <li style=\"font-size: 15px; text-align: justify;\">\n        <a href=\"https:\/\/rubikhub.ro\/rubik-garage\/rubik-garage-2020\/\" target=\"_blank\">Rubik Garage<\/a>\n    <\/li>\n    <li style=\"font-size: 15px; text-align: justify;\">\n        <a href=\"https:\/\/www.impacthub.ro\/programe-startup\/\" target=\"_blank\">ImpactHub initiatives<\/a>\n    <\/li>\n    <li style=\"font-size: 15px; text-align: justify;\">\n        <a href=\"https:\/\/launch.ro\/\" target=\"_blank\">Launch Initiatives<\/a>\n    <\/li>\n    <li style=\"font-size: 15px; text-align: justify;\">\n        <a href=\"https:\/\/magurelesciencepark.ro\/\" target=\"_blank\">M\u0103gurele Science Park Initiatives<\/a>\n    <\/li>\n<\/ul>\n\n<p style=\"font-size: 18px; padding-top: 20px;\">\n    <em>\n        <strong>External partners<\/strong>\n    <\/em>\n<\/p>\n\n<ol>\n    <li style=\"font-size: 15px; text-align: justify;\">Orange - through <a href=\"https:\/\/www.orangefab.ro\/\" target=\"_blank\">Orange Fab<\/a><\/li>\n    <li style=\"font-size: 15px; text-align: justify;\">\n        <a href=\"https:\/\/startup.google.com\/\" target=\"_blank\">Google for Startups<\/a>\n    <\/li>\n    <li style=\"font-size: 15px; text-align: justify;\">\n        <a href=\"https:\/\/startups.microsoft.com\/en-us\/\" target=\"_blank\">Microsoft for Startups<\/a>\n    <\/li>\n    <li style=\"font-size: 15px; text-align: justify;\">\n        <a\n            href=\"http:\/\/startantreprenoriat.eu\/antreprenoriat-si-inovatie-pentru-inginerii-de-maine\/\" target=\"_blank\">Association\n            for Entrepreneurship Education<\/a>\n    <\/li>\n<\/ol>\n\t\t\t\t\t\t\t\t<\/div>\n\t\t\t\t<\/div>\n\t\t\t\t\t<\/div>\n\t\t\t\t<\/div>\n\t\t\t\t<\/div>","protected":false},"excerpt":{"rendered":"<p>Ce este Antreprenoriat @ETTI ? Antreprenoriat@ETTI este ini\u021biativa ETTI \u00een colaborare cu UPBizz\u00a0 prin care promov\u0103m \u0219i ajut\u0103m la dezvoltarea ini\u021biativele antreprenoriale, ale studen\u021bilor, cadrelor didactice sau\u00a0 alumnilor ETTI. Ne dorim, \u00eempreuna cu UPBizz, sa fim primul punct de contact \u00een c\u0103l\u0103toria antreprenorial\u0103 a oric\u0103rui membru al comunit\u0103\u021bii ETTI. Ce servicii oferim:\u00a0 Oferim servicii de mentorat pentru studen\u021bii\/profesorii ETTI care [&hellip;]<\/p>\n","protected":false},"author":1,"featured_media":0,"parent":43,"menu_order":0,"comment_status":"closed","ping_status":"closed","template":"","meta":{"_acf_changed":false,"_coblocks_attr":"","_coblocks_dimensions":"","_coblocks_responsive_height":"","_coblocks_accordion_ie_support":"","_eb_attr":"","_uag_custom_page_level_css":"","footnotes":""},"class_list":["post-2006","page","type-page","status-publish","hentry"],"acf":[],"featured_image_src":null,"uagb_featured_image_src":{"full":false,"thumbnail":false,"medium":false,"medium_large":false,"large":false,"elegant_blocks_team_1":false,"elegant_blocks_blog_1":false,"elegant_blocks_slider_1":false,"1536x1536":false,"2048x2048":false,"trp-custom-language-flag":false,"bizberg_medium":false,"bizberg_gallery":false,"bizberg_blog_list":false,"bizberg_detail_image":false,"bizberg_portfolio_homepage":false,"bizberg_blog_list_no_sidebar_1":false,"bizberg_detail_image_no_sidebar":false},"uagb_author_info":{"display_name":"Radu Hobincu","author_link":"https:\/\/etti.upb.ro\/en\/author\/radu-hobincu\/"},"uagb_comment_info":0,"uagb_excerpt":"Ce este Antreprenoriat @ETTI ? Antreprenoriat@ETTI este ini\u021biativa ETTI \u00een colaborare cu UPBizz\u00a0 prin care promov\u0103m \u0219i ajut\u0103m la dezvoltarea ini\u021biativele antreprenoriale, ale studen\u021bilor, cadrelor didactice sau\u00a0 alumnilor ETTI. Ne dorim, \u00eempreuna cu UPBizz, sa fim primul punct de contact \u00een c\u0103l\u0103toria antreprenorial\u0103 a oric\u0103rui membru al comunit\u0103\u021bii ETTI. Ce servicii oferim:\u00a0 Oferim servicii de&hellip;","_links":{"self":[{"href":"https:\/\/etti.upb.ro\/en\/wp-json\/wp\/v2\/pages\/2006","targetHints":{"allow":["GET"]}}],"collection":[{"href":"https:\/\/etti.upb.ro\/en\/wp-json\/wp\/v2\/pages"}],"about":[{"href":"https:\/\/etti.upb.ro\/en\/wp-json\/wp\/v2\/types\/page"}],"author":[{"embeddable":true,"href":"https:\/\/etti.upb.ro\/en\/wp-json\/wp\/v2\/users\/1"}],"replies":[{"embeddable":true,"href":"https:\/\/etti.upb.ro\/en\/wp-json\/wp\/v2\/comments?post=2006"}],"version-history":[{"count":13,"href":"https:\/\/etti.upb.ro\/en\/wp-json\/wp\/v2\/pages\/2006\/revisions"}],"predecessor-version":[{"id":7880,"href":"https:\/\/etti.upb.ro\/en\/wp-json\/wp\/v2\/pages\/2006\/revisions\/7880"}],"up":[{"embeddable":true,"href":"https:\/\/etti.upb.ro\/en\/wp-json\/wp\/v2\/pages\/43"}],"wp:attachment":[{"href":"https:\/\/etti.upb.ro\/en\/wp-json\/wp\/v2\/media?parent=2006"}],"curies":[{"name":"wp","href":"https:\/\/api.w.org\/{rel}","templated":true}]}}