{"id":2010,"date":"2021-12-10T17:43:01","date_gmt":"2021-12-10T15:43:01","guid":{"rendered":"https:\/\/site.dcae.pub.ro\/?page_id=2010"},"modified":"2026-03-19T09:35:54","modified_gmt":"2026-03-19T07:35:54","slug":"practica","status":"publish","type":"page","link":"https:\/\/etti.upb.ro\/en\/studenti\/practica\/","title":{"rendered":"Summer Internship"},"content":{"rendered":"<p>\n\n\n<div class=\"wp-block-columns is-layout-flex wp-container-core-columns-is-layout-9d6595d7 wp-block-columns-is-layout-flex\">\n<div class=\"wp-block-column is-layout-flow wp-block-column-is-layout-flow\" style=\"flex-basis:80%\">\n<\/p>\n<h3 class=\"wp-block-heading\" style=\"text-align: center; padding-bottom: 3vh;\">Summer Internship for 3rd year Undergraduates<\/h3>\n<p>\n\n\n\n<p>The internship is organized according to\u00a0<a href=\"https:\/\/etti.upb.ro\/wp-content\/uploads\/2021\/12\/LegeaPracticii_258_2007.pdf\">Law no. 258\/2007<\/a>\u00a0of 19\/07\/2007 published in the Official Gazette, Part I, no. 493 of 24\/07\/2007 and\u00a0<a href=\"https:\/\/etti.upb.ro\/wp-content\/uploads\/2021\/12\/Ordin_3955_din_-9_05_2008.pdf\">Order no. 3955<\/a>\u00a0of 09\/05\/2008 of the Minister of Education, Research and Youth published in the Official Gazette no. 440 of 12\/06\/2008.<\/p>\n<p><strong>The PRACTICUM PERIOD for third year students in the academic year 2025-2026 is June 22 - September 4, 2026.<\/strong><\/p>\n\n\n\n<p>Students' internships are organized and carried out only in companies that have signed a collaboration protocol with the ETTI Faculty in the respective academic year, or in its research laboratories.<\/p>\n<p>Internship within the faculty will continue to be carried out only through the CONNECT UPB platform - <a href=\"https:\/\/connect.upb.ro\"><strong>https:\/\/connect.upb.ro<\/strong><\/a>.<\/p>\n\n\n\n<p>The internship partner companies that have signed an agreement with the faculty are listed on the internship platform (the list of these companies will be updated as new agreements are signed).<\/p>\n\n\n\n<p style=\"text-align: justify; font-size: 15px;\">The collaboration protocol can be signed electronically and is automatically generated when creating an account in the platform. In case the legal representative of the company is unable to sign digitally and\/or opts for a holograph signature, the document must be brought to the faculty, physically, in original format and submitted to the office A220, Leu A, 2nd floor.<\/p>\n\n\n\n<p style=\"text-align: justify; font-size: 15px;\">The organization of the practice in the Faculty of Electronics, Telecommunications and Information Technology will be done according to the following calendar:<\/p>\n<p><strong>Until April 30, 2026<\/strong><\/p>\n<p>Conclusion of a collaboration protocol for the organization of the internship between the company and the Faculty of Electronics, Telecommunications and Information Technology of the National University of Science and Technology POPITEHNICA Bucharest. (CONNECT platform <a href=\"https:\/\/connect.upb.ro\">https:\/\/connect.upb.ro<\/a>)<\/p>\n<p><strong>February 23 - April 30, 2026<\/strong><\/p>\n<p style=\"text-align: justify; font-size: 15px;\">Publication of internship vacancies by companies on the platform <a href=\"https:\/\/connect.upb.ro\" target=\"_blank\" rel=\"noopener\">CONNECT<\/a>.<\/p>\n<p><strong>March 18, 2026<\/strong><\/p>\n<p style=\"text-align: justify; font-size: 15px;\">\"Internship at ETTI\" event - presentation of internship offers to ETTI students. Further details will be communicated later.<\/p>\n<p style=\"text-align: justify; font-size: 15px;\"><strong>February 23 - May 15, 2026<\/strong><\/p>\n<p style=\"text-align: justify; font-size: 15px;\">Enrol students on the places available through the platform <a href=\"https:\/\/connect.upb.ro\" target=\"_blank\" rel=\"noopener\">CONNECT<\/a>.<\/p>\n<p style=\"text-align: justify; font-size: 15px;\">Organizing the selection process by companies (CV evaluation, interviews, etc.).<\/p>\n<p style=\"text-align: justify; font-size: 15px;\">Announcement of the results of the selection process and the choice of ONLY ONE internship by each student.<\/p>\n<p style=\"text-align: justify; font-size: 15px;\">Signing of the tripartite practice contract (agreement) between <strong>faculty, company and student.<\/strong><\/p>\n\n\n\n<p style=\"text-align: justify; font-size: 15px;\"><em><strong>Other observations:<\/strong><\/em><\/p>\n\n\n\n<\/p>\n<ul>\n<li style=\"text-align: justify; font-size: 15px;\">During the internship period, the internship partner may hire the practitioner, according to the legislation in force, on the basis of a fixed-term employment contract.<\/li>\n<li style=\"text-align: justify; font-size: 15px;\">If the internship is not carried out with an employment contract, the internship partner may still, if he wishes, grant the practitioner an indemnity, gratuity, bonus or benefits in kind.<\/li>\n<li style=\"text-align: justify; font-size: 15px;\">\n<p style=\"text-align: justify; font-size: 15px;\"><strong>Both the Collaboration Protocol and the Framework Agreement - Tripartite Agreement are essential steps for the implementation of the internships<\/strong>.<\/p>\n<\/li>\n<\/ul>\n<p>\n\n\n\n<\/p>\n<p><center><\/p>\n<p><iframe style=\"width: 816px; height: 1000px;\" src=\"https:\/\/etti.upb.ro\/wp-content\/plugins\/algori-pdf-viewer\/dist\/web\/viewer.html?file=https%3A%2F%2Fetti.upb.ro%2Fwp-content%2Fuploads%2F2025%2F01%2FManualUPBConnectCompanii.pdf\"><\/iframe><\/p>\n<p><\/center><\/p>\n<p>\n\n\n\n<\/p>\n<hr>\n<p>\n\n\n\n<div class=\"wp-block-uagb-call-to-action uagb-block-7d5e98f8 wp-block-button\"><div class=\"uagb-cta__wrap\"><h3 class=\"uagb-cta__title\"><br>Stage 1 - populating the practice platform with offers<\/h3><\/div><div class=\"uagb-cta__buttons\"><a href=\"\/en\/practica-etapa-i\/\" class=\"uagb-cta__button-link-wrapper wp-block-button__link\" target=\"_self\" rel=\"noopener noreferrer\">Find out more<\/a><\/div><\/div>\n\n\n\n<div class=\"wp-block-uagb-call-to-action uagb-block-bb712b76 wp-block-button\"><div class=\"uagb-cta__wrap\"><h3 class=\"uagb-cta__title\">Stage 2 - selection of students by companies<\/h3><\/div><div class=\"uagb-cta__buttons\"><a href=\"\/en\/practica\/practica-etapa-iii\/\" class=\"uagb-cta__button-link-wrapper wp-block-button__link\" target=\"_self\" rel=\"noopener noreferrer\">Find out more<\/a><\/div><\/div>\n\n\n\n<div class=\"wp-block-uagb-call-to-action uagb-block-b18b81bb wp-block-button\"><div class=\"uagb-cta__wrap\"><h3 class=\"uagb-cta__title\">Stage 3 - Selection period<\/h3><\/div><div class=\"uagb-cta__buttons\"><a href=\"\/en\/practica\/practica-etapa-iv\/\" class=\"uagb-cta__button-link-wrapper wp-block-button__link\" target=\"_self\" rel=\"noopener noreferrer\">Find out more<\/a><\/div><\/div>\n\n\n\n<div class=\"wp-block-uagb-call-to-action uagb-block-72f92a93 wp-block-button\"><div class=\"uagb-cta__wrap\"><h3 class=\"uagb-cta__title\">Stage 4 - Finalizing the procedure<\/h3><\/div><div class=\"uagb-cta__buttons\"><a href=\"\/en\/practica\/practica-etapa-vi\/\" class=\"uagb-cta__button-link-wrapper wp-block-button__link\" target=\"_self\" rel=\"noopener noreferrer\">Find out more<\/a><\/div><\/div>\n\n\n\n<div class=\"wp-block-uagb-call-to-action uagb-block-23a69225 wp-block-button\"><div class=\"uagb-cta__wrap\"><h3 class=\"uagb-cta__title\">Stage 5 - The actual work placement<\/h3><\/div><div class=\"uagb-cta__buttons\"><a href=\"\/en\/practica-etapa-v\/\" class=\"uagb-cta__button-link-wrapper wp-block-button__link\" target=\"_self\" rel=\"noopener noreferrer\">Find out more<\/a><\/div><\/div>\n\n\n\n<div class=\"wp-block-uagb-call-to-action uagb-block-53e46aa4 wp-block-button\"><div class=\"uagb-cta__wrap\"><h3 class=\"uagb-cta__title\">Stage 6 - Holding practice colloquia as planned.<\/h3><\/div><div class=\"uagb-cta__buttons\"><a href=\"\/en\/practica-etapa-vi-2\/\" class=\"uagb-cta__button-link-wrapper wp-block-button__link\" target=\"_self\" rel=\"noopener noreferrer\">Find out more<\/a><\/div><\/div>\n<\/div>\n\n\n\n<\/p>\n<p class=\"is-layout-flow wp-block-column-is-layout-flow\">\n\n<\/p>\n<h4 class=\"wp-block-heading\">Announcements<\/h4>\n<p>\n\n<\/p>\n<p>\n\n\t\t\t<div class=\"wp-block-uagb-post-grid uagb-post-grid  uagb-post__image-position-top uagb-post__image-disabled uagb-block-4647a5cb     uagb-post__items uagb-post__columns-1 is-grid uagb-post__columns-tablet-2 uagb-post__columns-mobile-1\" data-total=\"1\" style=\"\">\n\n\t\t\t\t\t\t\t\t\t\t\t\t<article class=\"uagb-post__inner-wrap\">\t\t\t\t\t\t\t\t<h4 class=\"uagb-post__title uagb-post__text\">\n\t\t\t\t<a href=\"https:\/\/etti.upb.ro\/en\/2024\/11\/04\/targ-de-joburi-polijobs-2024\/\" target=\"_self\" rel=\"bookmark noopener noreferrer\">Job Fair - POLIJOBS 2024<\/a>\n\t\t\t<\/h4>\n\t\t\t\t\t\t<div class='uagb-post__text uagb-post-grid-byline'>\n\t\t\t\t\t\t\t\t<time datetime=\"2024-11-04T16:44:14+02:00\" class=\"uagb-post__date\">\n\t\t\t\t\t\t\t\t\tNovember 4, 2024\t\t\t\t<\/time>\n\t\t\t\t\t\t<\/div>\n\t\t\t\n\t\t\t\t\t\t\t\t\t<\/article>\n\t\t\t\t\t\t\t\t\t\t\t\t\t\t\t\t<article class=\"uagb-post__inner-wrap\">\t\t\t\t\t\t\t\t<h4 class=\"uagb-post__title uagb-post__text\">\n\t\t\t\t<a href=\"https:\/\/etti.upb.ro\/en\/2024\/03\/19\/descopera-oportunitatile\/\" target=\"_self\" rel=\"bookmark noopener noreferrer\">Discover Opportunities<\/a>\n\t\t\t<\/h4>\n\t\t\t\t\t\t<div class='uagb-post__text uagb-post-grid-byline'>\n\t\t\t\t\t\t\t\t<time datetime=\"2024-03-19T10:05:33+02:00\" class=\"uagb-post__date\">\n\t\t\t\t\t\t\t\t\t19 March 2024\t\t\t\t<\/time>\n\t\t\t\t\t\t<\/div>\n\t\t\t\n\t\t\t\t\t\t\t\t\t<\/article>\n\t\t\t\t\t\t\t\t\t\t\t<\/div>\n\t\t\t\n<\/p>\n<p>\n<\/div>\n\n\n<\/p>\n<p>\n\n\n<\/p>\n<p>\n\n\n<\/p>","protected":false},"excerpt":{"rendered":"<p>Desf\u0103\u0219urarea activit\u0103\u021bii de practic\u0103 obligatorie prev\u0103zut\u0103 \u00een planul de \u00eenv\u0103\u021b\u0103m\u00e2nt pentru studen\u021bii anului III din ciclul de licen\u021b\u0103 Stagiul de practic\u0103 a studen\u0163ilor se organizeaz\u0103 \u00een conformitate cu\u00a0Legea nr. 258\/2007\u00a0din 19\/07\/2007 publicat\u0103 \u00een Monitorul Oficial, Partea I, nr. 493 din 24\/07\/2007 \u015fi\u00a0Ordinul nr. 3955\u00a0din 09\/05\/2008 al Ministrului Educa\u0163iei, Cercet\u0103rii \u015fi Tineretului publicat \u00een Monitorul Oficial nr. 440 din 12\/06\/2008. PERIOADA [&hellip;]<\/p>\n","protected":false},"author":1,"featured_media":0,"parent":43,"menu_order":0,"comment_status":"closed","ping_status":"closed","template":"page-templates\/full-width-container.php","meta":{"_acf_changed":false,"_coblocks_attr":"","_coblocks_dimensions":"","_coblocks_responsive_height":"","_coblocks_accordion_ie_support":"","_eb_attr":"","_uag_custom_page_level_css":"","footnotes":""},"class_list":["post-2010","page","type-page","status-publish","hentry"],"acf":[],"featured_image_src":null,"uagb_featured_image_src":{"full":false,"thumbnail":false,"medium":false,"medium_large":false,"large":false,"elegant_blocks_team_1":false,"elegant_blocks_blog_1":false,"elegant_blocks_slider_1":false,"1536x1536":false,"2048x2048":false,"trp-custom-language-flag":false,"bizberg_medium":false,"bizberg_gallery":false,"bizberg_blog_list":false,"bizberg_detail_image":false,"bizberg_portfolio_homepage":false,"bizberg_blog_list_no_sidebar_1":false,"bizberg_detail_image_no_sidebar":false},"uagb_author_info":{"display_name":"Radu Hobincu","author_link":"https:\/\/etti.upb.ro\/en\/author\/radu-hobincu\/"},"uagb_comment_info":0,"uagb_excerpt":"Desf\u0103\u0219urarea activit\u0103\u021bii de practic\u0103 obligatorie prev\u0103zut\u0103 \u00een planul de \u00eenv\u0103\u021b\u0103m\u00e2nt pentru studen\u021bii anului III din ciclul de licen\u021b\u0103 Stagiul de practic\u0103 a studen\u0163ilor se organizeaz\u0103 \u00een conformitate cu\u00a0Legea nr. 258\/2007\u00a0din 19\/07\/2007 publicat\u0103 \u00een Monitorul Oficial, Partea I, nr. 493 din 24\/07\/2007 \u015fi\u00a0Ordinul nr. 3955\u00a0din 09\/05\/2008 al Ministrului Educa\u0163iei, Cercet\u0103rii \u015fi Tineretului publicat \u00een Monitorul Oficial&hellip;","_links":{"self":[{"href":"https:\/\/etti.upb.ro\/en\/wp-json\/wp\/v2\/pages\/2010","targetHints":{"allow":["GET"]}}],"collection":[{"href":"https:\/\/etti.upb.ro\/en\/wp-json\/wp\/v2\/pages"}],"about":[{"href":"https:\/\/etti.upb.ro\/en\/wp-json\/wp\/v2\/types\/page"}],"author":[{"embeddable":true,"href":"https:\/\/etti.upb.ro\/en\/wp-json\/wp\/v2\/users\/1"}],"replies":[{"embeddable":true,"href":"https:\/\/etti.upb.ro\/en\/wp-json\/wp\/v2\/comments?post=2010"}],"version-history":[{"count":55,"href":"https:\/\/etti.upb.ro\/en\/wp-json\/wp\/v2\/pages\/2010\/revisions"}],"predecessor-version":[{"id":10239,"href":"https:\/\/etti.upb.ro\/en\/wp-json\/wp\/v2\/pages\/2010\/revisions\/10239"}],"up":[{"embeddable":true,"href":"https:\/\/etti.upb.ro\/en\/wp-json\/wp\/v2\/pages\/43"}],"wp:attachment":[{"href":"https:\/\/etti.upb.ro\/en\/wp-json\/wp\/v2\/media?parent=2010"}],"curies":[{"name":"wp","href":"https:\/\/api.w.org\/{rel}","templated":true}]}}