{"id":2026,"date":"2021-12-10T18:59:55","date_gmt":"2021-12-10T16:59:55","guid":{"rendered":"https:\/\/site.dcae.pub.ro\/?page_id=2026"},"modified":"2026-03-19T09:53:59","modified_gmt":"2026-03-19T07:53:59","slug":"practica-etapa-i","status":"publish","type":"page","link":"https:\/\/etti.upb.ro\/en\/studenti\/practica\/practica-etapa-i\/","title":{"rendered":"Practice - stage I"},"content":{"rendered":"<ul class=\"wp-block-list\"><\/ul>\n\n\n\n<p>In accordance with the legislation in force and in order to ensure the transparency and efficiency of the process, we inform you that the internship activity implies the registration of the company in the CONNECT UPB platform - <a href=\"https:\/\/connect.upb.ro\">https:\/\/connect.upb.ro<\/a>.<br>From the account created, the company can add an image or description (or contact) to help students get a better idea of its specifics.<\/p>\n\n\n\n<p>Before the company can enter the internship offers, it will generate the Collaboration Protocol. This is a bilateral act that attests the partnership between the company and the faculty.<\/p>\n\n\n\n<p>In case the company opts for the physical signing of the documents, the collaboration protocol should be physically brought\/dropped off at the faculty: Bd. Iuliu Maniu, Nr. 1-3, Corp Leu A, 2nd floor, Office A220.<\/p>\n\n\n\n<center><div class=\"wp-block-algori-pdf-viewer-block-algori-pdf-viewer\"><iframe class=\"wp-block-algori-pdf-viewer-block-algori-pdf-viewer-iframe\" src=\"https:\/\/etti.upb.ro\/wp-content\/plugins\/algori-pdf-viewer\/dist\/web\/viewer.html?file=https%3A%2F%2Fetti.upb.ro%2Fwp-content%2Fuploads%2F2025%2F01%2FManualUPBConnectCompanii.pdf\" style=\"width:816px;height:1056px\"><\/iframe><\/div><\/center>\n\n\n\n<p><\/p>","protected":false},"excerpt":{"rendered":"<p>\u00cen conformitate cu legisla\u021bia \u00een vigoare \u0219i pentru a asigura transparen\u021ba \u0219i eficien\u021ba procesului, v\u0103 inform\u0103m c\u0103 activitatea de practic\u0103 presupune \u00eenregistrarea companiei \u00een platforma CONNECT UPB &#8211; https:\/\/connect.upb.ro.Din contul creat, compania poate ad\u0103uga o imagine sau descriere (sau contact) care s\u0103 ajute studen\u021bii s\u0103 aib\u0103 o idee mai bun\u0103 despre specificul acesteia. \u00cenainte de a putea introduce ofertele de [&hellip;]<\/p>\n","protected":false},"author":1,"featured_media":0,"parent":2010,"menu_order":0,"comment_status":"closed","ping_status":"closed","template":"","meta":{"_acf_changed":false,"_coblocks_attr":"","_coblocks_dimensions":"","_coblocks_responsive_height":"","_coblocks_accordion_ie_support":"","_eb_attr":"","_uag_custom_page_level_css":"","footnotes":""},"class_list":["post-2026","page","type-page","status-publish","hentry"],"acf":[],"featured_image_src":null,"uagb_featured_image_src":{"full":false,"thumbnail":false,"medium":false,"medium_large":false,"large":false,"elegant_blocks_team_1":false,"elegant_blocks_blog_1":false,"elegant_blocks_slider_1":false,"1536x1536":false,"2048x2048":false,"trp-custom-language-flag":false,"bizberg_medium":false,"bizberg_gallery":false,"bizberg_blog_list":false,"bizberg_detail_image":false,"bizberg_portfolio_homepage":false,"bizberg_blog_list_no_sidebar_1":false,"bizberg_detail_image_no_sidebar":false},"uagb_author_info":{"display_name":"Radu Hobincu","author_link":"https:\/\/etti.upb.ro\/en\/author\/radu-hobincu\/"},"uagb_comment_info":0,"uagb_excerpt":"\u00cen conformitate cu legisla\u021bia \u00een vigoare \u0219i pentru a asigura transparen\u021ba \u0219i eficien\u021ba procesului, v\u0103 inform\u0103m c\u0103 activitatea de practic\u0103 presupune \u00eenregistrarea companiei \u00een platforma CONNECT UPB &#8211; https:\/\/connect.upb.ro.Din contul creat, compania poate ad\u0103uga o imagine sau descriere (sau contact) care s\u0103 ajute studen\u021bii s\u0103 aib\u0103 o idee mai bun\u0103 despre specificul acesteia. \u00cenainte de&hellip;","_links":{"self":[{"href":"https:\/\/etti.upb.ro\/en\/wp-json\/wp\/v2\/pages\/2026","targetHints":{"allow":["GET"]}}],"collection":[{"href":"https:\/\/etti.upb.ro\/en\/wp-json\/wp\/v2\/pages"}],"about":[{"href":"https:\/\/etti.upb.ro\/en\/wp-json\/wp\/v2\/types\/page"}],"author":[{"embeddable":true,"href":"https:\/\/etti.upb.ro\/en\/wp-json\/wp\/v2\/users\/1"}],"replies":[{"embeddable":true,"href":"https:\/\/etti.upb.ro\/en\/wp-json\/wp\/v2\/comments?post=2026"}],"version-history":[{"count":14,"href":"https:\/\/etti.upb.ro\/en\/wp-json\/wp\/v2\/pages\/2026\/revisions"}],"predecessor-version":[{"id":10242,"href":"https:\/\/etti.upb.ro\/en\/wp-json\/wp\/v2\/pages\/2026\/revisions\/10242"}],"up":[{"embeddable":true,"href":"https:\/\/etti.upb.ro\/en\/wp-json\/wp\/v2\/pages\/2010"}],"wp:attachment":[{"href":"https:\/\/etti.upb.ro\/en\/wp-json\/wp\/v2\/media?parent=2026"}],"curies":[{"name":"wp","href":"https:\/\/api.w.org\/{rel}","templated":true}]}}