{"id":2115,"date":"2022-01-02T15:19:58","date_gmt":"2022-01-02T13:19:58","guid":{"rendered":"https:\/\/site.dcae.pub.ro\/?page_id=2115"},"modified":"2025-01-30T10:18:51","modified_gmt":"2025-01-30T08:18:51","slug":"practica-etapa-iii","status":"publish","type":"page","link":"https:\/\/etti.upb.ro\/en\/studenti\/practica\/practica-etapa-iii\/","title":{"rendered":"Practice - stage II"},"content":{"rendered":"<p>Once the Protocol of Collaboration with the Faculty of Electronics, Telecommunications and Information Technology is signed by all parties and uploaded to the platform, the company can register the offer of internship places. Internship offers registered by companies will be validated by the faculty.<\/p>\n\n\n\n<p><\/p>","protected":false},"excerpt":{"rendered":"<p>Once the Protocol of Collaboration with the Faculty of Electronics, Telecommunications and Information Technology is signed by all parties and uploaded to the platform, the company can register the offer of internship places. Internship offers registered by companies will be validated by the faculty.<\/p>","protected":false},"author":1,"featured_media":0,"parent":2010,"menu_order":0,"comment_status":"closed","ping_status":"closed","template":"","meta":{"_acf_changed":false,"_coblocks_attr":"","_coblocks_dimensions":"","_coblocks_responsive_height":"","_coblocks_accordion_ie_support":"","_eb_attr":"","_uag_custom_page_level_css":"","footnotes":""},"class_list":["post-2115","page","type-page","status-publish","hentry"],"acf":[],"featured_image_src":null,"uagb_featured_image_src":{"full":false,"thumbnail":false,"medium":false,"medium_large":false,"large":false,"elegant_blocks_team_1":false,"elegant_blocks_blog_1":false,"elegant_blocks_slider_1":false,"1536x1536":false,"2048x2048":false,"trp-custom-language-flag":false,"bizberg_medium":false,"bizberg_gallery":false,"bizberg_blog_list":false,"bizberg_detail_image":false,"bizberg_portfolio_homepage":false,"bizberg_blog_list_no_sidebar_1":false,"bizberg_detail_image_no_sidebar":false},"uagb_author_info":{"display_name":"Radu Hobincu","author_link":"https:\/\/etti.upb.ro\/en\/author\/radu-hobincu\/"},"uagb_comment_info":0,"uagb_excerpt":"Dup\u0103 ce Protocolul de Colaborare cu facultatea de Electronic\u0103, Telecomunica\u021bii \u0219i Tehnologia Informa\u021biei este semnat de toate p\u0103r\u021bile \u0219i \u00eenc\u0103rcat \u00een platform\u0103, compania poate \u00eenregistra oferta locurilor de practic\u0103. Ofertele de practic\u0103 \u00eenregistrate de companii vor fi validate de facultate.","_links":{"self":[{"href":"https:\/\/etti.upb.ro\/en\/wp-json\/wp\/v2\/pages\/2115","targetHints":{"allow":["GET"]}}],"collection":[{"href":"https:\/\/etti.upb.ro\/en\/wp-json\/wp\/v2\/pages"}],"about":[{"href":"https:\/\/etti.upb.ro\/en\/wp-json\/wp\/v2\/types\/page"}],"author":[{"embeddable":true,"href":"https:\/\/etti.upb.ro\/en\/wp-json\/wp\/v2\/users\/1"}],"replies":[{"embeddable":true,"href":"https:\/\/etti.upb.ro\/en\/wp-json\/wp\/v2\/comments?post=2115"}],"version-history":[{"count":8,"href":"https:\/\/etti.upb.ro\/en\/wp-json\/wp\/v2\/pages\/2115\/revisions"}],"predecessor-version":[{"id":7729,"href":"https:\/\/etti.upb.ro\/en\/wp-json\/wp\/v2\/pages\/2115\/revisions\/7729"}],"up":[{"embeddable":true,"href":"https:\/\/etti.upb.ro\/en\/wp-json\/wp\/v2\/pages\/2010"}],"wp:attachment":[{"href":"https:\/\/etti.upb.ro\/en\/wp-json\/wp\/v2\/media?parent=2115"}],"curies":[{"name":"wp","href":"https:\/\/api.w.org\/{rel}","templated":true}]}}