{"id":2135,"date":"2022-01-11T23:08:52","date_gmt":"2022-01-11T21:08:52","guid":{"rendered":"https:\/\/site.dcae.pub.ro\/?page_id=2135"},"modified":"2025-01-27T13:13:57","modified_gmt":"2025-01-27T11:13:57","slug":"practica-etapa-vi","status":"publish","type":"page","link":"https:\/\/etti.upb.ro\/en\/studenti\/practica\/practica-etapa-vi\/","title":{"rendered":"Practice - stage IV"},"content":{"rendered":"<p>Signing the internship agreement between the Company, the Student and the Faculty\/University.<br>This Agreement is downloaded by the student, directly generated, also from the UPB Connect platform. It is signed handwritten by the student, then by the company representative and brought to the Faculty, where it is uploaded to the platform.<br><br><br><br><\/p>\n\n\n\n<p><\/p>","protected":false},"excerpt":{"rendered":"<p>This Agreement is downloaded by the student, directly generated, also from the UPB Connect platform. It is signed holographically by the student, then by the company representative and brought to the Faculty, where it is uploaded to the platform.<\/p>","protected":false},"author":1,"featured_media":0,"parent":2010,"menu_order":0,"comment_status":"closed","ping_status":"closed","template":"","meta":{"_acf_changed":false,"_coblocks_attr":"","_coblocks_dimensions":"","_coblocks_responsive_height":"","_coblocks_accordion_ie_support":"","_eb_attr":"","_uag_custom_page_level_css":"","footnotes":""},"class_list":["post-2135","page","type-page","status-publish","hentry"],"acf":[],"featured_image_src":null,"uagb_featured_image_src":{"full":false,"thumbnail":false,"medium":false,"medium_large":false,"large":false,"elegant_blocks_team_1":false,"elegant_blocks_blog_1":false,"elegant_blocks_slider_1":false,"1536x1536":false,"2048x2048":false,"trp-custom-language-flag":false,"bizberg_medium":false,"bizberg_gallery":false,"bizberg_blog_list":false,"bizberg_detail_image":false,"bizberg_portfolio_homepage":false,"bizberg_blog_list_no_sidebar_1":false,"bizberg_detail_image_no_sidebar":false},"uagb_author_info":{"display_name":"Radu Hobincu","author_link":"https:\/\/etti.upb.ro\/en\/author\/radu-hobincu\/"},"uagb_comment_info":0,"uagb_excerpt":"Semnarea conven\u021bie de practic\u0103 \u00eentre Companie, Student \u0219i Facultate\/Universitate.Acest Acord se descarc\u0103 de c\u0103tre student, direct generat, tot din platforma UPB Connect. El este semnat olograf de student, apoi de reprezentantul companiei \u0219i se aduce la Facultate, unde este \u00eenc\u0103rcat \u00een platform\u0103.","_links":{"self":[{"href":"https:\/\/etti.upb.ro\/en\/wp-json\/wp\/v2\/pages\/2135","targetHints":{"allow":["GET"]}}],"collection":[{"href":"https:\/\/etti.upb.ro\/en\/wp-json\/wp\/v2\/pages"}],"about":[{"href":"https:\/\/etti.upb.ro\/en\/wp-json\/wp\/v2\/types\/page"}],"author":[{"embeddable":true,"href":"https:\/\/etti.upb.ro\/en\/wp-json\/wp\/v2\/users\/1"}],"replies":[{"embeddable":true,"href":"https:\/\/etti.upb.ro\/en\/wp-json\/wp\/v2\/comments?post=2135"}],"version-history":[{"count":7,"href":"https:\/\/etti.upb.ro\/en\/wp-json\/wp\/v2\/pages\/2135\/revisions"}],"predecessor-version":[{"id":10244,"href":"https:\/\/etti.upb.ro\/en\/wp-json\/wp\/v2\/pages\/2135\/revisions\/10244"}],"up":[{"embeddable":true,"href":"https:\/\/etti.upb.ro\/en\/wp-json\/wp\/v2\/pages\/2010"}],"wp:attachment":[{"href":"https:\/\/etti.upb.ro\/en\/wp-json\/wp\/v2\/media?parent=2135"}],"curies":[{"name":"wp","href":"https:\/\/api.w.org\/{rel}","templated":true}]}}