{"id":3002,"date":"2023-08-24T23:40:09","date_gmt":"2023-08-24T20:40:09","guid":{"rendered":"https:\/\/site.dcae.pub.ro\/?page_id=3002"},"modified":"2024-09-27T12:05:45","modified_gmt":"2024-09-27T09:05:45","slug":"pagina-principala","status":"publish","type":"page","link":"https:\/\/etti.upb.ro\/en\/","title":{"rendered":"Home Page"},"content":{"rendered":"<div data-elementor-type=\"wp-page\" data-elementor-id=\"3002\" class=\"elementor elementor-3002\">\n<section class=\"elementor-section elementor-top-section elementor-element elementor-element-d435b33 elementor-section-full_width elementor-section-height-default elementor-section-height-default\" data-id=\"d435b33\" data-element_type=\"section\" data-e-type=\"section\">\n<div class=\"elementor-container elementor-column-gap-default\">\n<div class=\"elementor-column elementor-col-100 elementor-top-column elementor-element elementor-element-9e40338\" data-id=\"9e40338\" data-element_type=\"column\" data-e-type=\"column\">\n<div class=\"elementor-widget-wrap elementor-element-populated\">\n\t\t\t\t\t\t\t<\/div>\n<\/p><\/div>\n<\/p><\/div>\n<\/section>\n<div class=\"elementor-element elementor-element-b85a24f e-flex e-con-boxed e-con e-parent\" data-id=\"b85a24f\" data-element_type=\"container\" data-e-type=\"container\">\n<div class=\"e-con-inner\">\n<div class=\"elementor-element elementor-element-0f5c7d4 e-con-full e-flex e-con e-child\" data-id=\"0f5c7d4\" data-element_type=\"container\" data-e-type=\"container\">\n<div class=\"elementor-element elementor-element-23427eb elementor-widget elementor-widget-heading\" data-id=\"23427eb\" data-element_type=\"widget\" data-e-type=\"widget\" data-widget_type=\"heading.default\">\n<div class=\"elementor-widget-container\">\n<h2 class=\"elementor-heading-title elementor-size-default\"><a href=\"\/en\/noutati\/\">News<\/a><\/h2>\n<\/p><\/div>\n<\/p><\/div>\n<\/p><\/div>\n<div class=\"elementor-element elementor-element-778fd0d e-con-full e-flex e-con e-child\" data-id=\"778fd0d\" data-element_type=\"container\" data-e-type=\"container\">\n\t\t\t\t<\/div>\n<\/p><\/div>\n<\/p><\/div>\n<section class=\"elementor-section elementor-top-section elementor-element elementor-element-96a13cd elementor-section-height-min-height elementor-section-items-stretch elementor-section-content-top elementor-section-stretched elementor-section-boxed elementor-section-height-default\" data-id=\"96a13cd\" data-element_type=\"section\" data-e-type=\"section\" data-settings=\"{&quot;stretch_section&quot;:&quot;section-stretched&quot;}\">\n<div class=\"elementor-container elementor-column-gap-no\">\n<div class=\"elementor-column elementor-col-33 elementor-top-column elementor-element elementor-element-52dd040\" data-id=\"52dd040\" data-element_type=\"column\" data-e-type=\"column\" data-settings=\"{&quot;background_background&quot;:&quot;classic&quot;}\">\n<div class=\"elementor-widget-wrap elementor-element-populated\">\n<div class=\"elementor-element elementor-element-08c5d69 elementor-widget elementor-widget-text-editor\" data-id=\"08c5d69\" data-element_type=\"widget\" data-e-type=\"widget\" data-widget_type=\"text-editor.default\">\n<div class=\"elementor-widget-container\">\n<div class=\"uagb-ifb-title-wrap\">\n<h3 class=\"uagb-ifb-title\" style=\"text-align: center;\"><span style=\"color: #ffffff;\">Bachelor Programs<\/span><\/h3>\n<div><span style=\"color: #ffffff;\">&nbsp;<\/span><\/div>\n<\/div>\n<div class=\"uagb-ifb-text-wrap\">\n<p class=\"uagb-ifb-desc\" style=\"text-align: center;\"><span style=\"color: #ffffff;\">Our faculty offers two fields of study and three specialisations in Romanian or English<\/span><\/p>\n<p class=\"uagb-ifb-desc\" style=\"text-align: center;\"><span style=\"color: #ffffff;\">&nbsp;<\/span><\/p>\n<div class=\"uagb-ifb-cta uagb-infobox-cta-link-style\" style=\"text-align: center;\"><span style=\"color: #ff6600;\"><a class=\"uagb-infobox-cta-link\" style=\"color: #ff6600;\" href=\"\/en\/studii-de-licenta\/\" target=\"_self\" rel=\"noopener noreferrer\"><span class=\"uagb-inline-editing\"><b>Read more<\/b><\/span><\/a><\/span><\/div>\n<\/div><\/div>\n<\/p><\/div>\n<\/p><\/div>\n<\/p><\/div>\n<div class=\"elementor-column elementor-col-33 elementor-top-column elementor-element elementor-element-1f8a5d2\" data-id=\"1f8a5d2\" data-element_type=\"column\" data-e-type=\"column\" data-settings=\"{&quot;background_background&quot;:&quot;classic&quot;}\">\n<div class=\"elementor-widget-wrap elementor-element-populated\">\n<div class=\"elementor-element elementor-element-1f7d9b0 elementor-widget elementor-widget-text-editor\" data-id=\"1f7d9b0\" data-element_type=\"widget\" data-e-type=\"widget\" data-widget_type=\"text-editor.default\">\n<div class=\"elementor-widget-container\">\n<div class=\"uagb-ifb-title-wrap\">\n<h3 class=\"uagb-ifb-title\"><span style=\"color: #ffffff;\">Master Programs<\/span><\/h3>\n<div><span style=\"color: #ffffff;\">\u00a0<\/span><\/div>\n<\/div>\n<p><span style=\"color: #ffffff;\">The master&#039;s educational offer includes 20 programs, in Romanian or English<\/span><\/p>\n<p><span style=\"color: #ffffff;\">\u00a0<\/span><\/p>\n<div class=\"uagb-ifb-text-wrap\">\n<div class=\"uagb-ifb-cta uagb-infobox-cta-link-style\"><span style=\"color: #ffffff;\"><a class=\"uagb-infobox-cta-link\" style=\"color: #ffffff;\" href=\"\/en\/studii-de-masterat\/\" target=\"_self\" rel=\"noopener noreferrer\"><span class=\"uagb-inline-editing\"><b>Read more<\/b><\/span><\/a><\/span><\/div>\n<\/div><\/div>\n<\/p><\/div>\n<\/p><\/div>\n<\/p><\/div>\n<div class=\"elementor-column elementor-col-33 elementor-top-column elementor-element elementor-element-7aeea28\" data-id=\"7aeea28\" data-element_type=\"column\" data-e-type=\"column\" data-settings=\"{&quot;background_background&quot;:&quot;classic&quot;}\">\n<div class=\"elementor-widget-wrap elementor-element-populated\">\n<div class=\"elementor-element elementor-element-6d5831b elementor-widget elementor-widget-text-editor\" data-id=\"6d5831b\" data-element_type=\"widget\" data-e-type=\"widget\" data-widget_type=\"text-editor.default\">\n<div class=\"elementor-widget-container\">\n<div class=\"uagb-ifb-title-wrap\">\n<h3 class=\"uagb-ifb-title\"><span style=\"color: #ffffff;\">Doctoral Studies<\/span><\/h3>\n<div><span style=\"color: #ffffff;\">\u00a0<\/span><\/div>\n<\/div>\n<p><span style=\"color: #ffffff;\">ETTI Doctoral School offers access to the academic and research community in leading fields of Electronic Engineering<\/span><\/p>\n<p><span style=\"color: #ffffff;\">\u00a0<\/span><\/p>\n<div class=\"uagb-ifb-text-wrap\">\n<div class=\"uagb-ifb-cta uagb-infobox-cta-link-style\"><span style=\"color: #ff6600;\"><a class=\"uagb-infobox-cta-link\" style=\"color: #ff6600;\" href=\"\/en\/scoala-doctorala\/\" target=\"_self\" rel=\"noopener noreferrer\"><span class=\"uagb-inline-editing\"><b>Read more<\/b><\/span><\/a><\/span><\/div>\n<\/div><\/div>\n<\/p><\/div>\n<\/p><\/div>\n<\/p><\/div>\n<\/p><\/div>\n<\/section>\n<section class=\"elementor-section elementor-top-section elementor-element elementor-element-9612dd1 elementor-section-boxed elementor-section-height-default elementor-section-height-default\" data-id=\"9612dd1\" data-element_type=\"section\" data-e-type=\"section\">\n<div class=\"elementor-container elementor-column-gap-default\">\n<div class=\"elementor-column elementor-col-33 elementor-top-column elementor-element elementor-element-e490b62\" data-id=\"e490b62\" data-element_type=\"column\" data-e-type=\"column\">\n<div class=\"elementor-widget-wrap elementor-element-populated\">\n<div class=\"elementor-element elementor-element-58ea749 elementor-widget__width-initial elementor-widget elementor-widget-image\" data-id=\"58ea749\" data-element_type=\"widget\" data-e-type=\"widget\" data-widget_type=\"image.default\">\n<div class=\"elementor-widget-container\">\n\t\t\t\t\t\t\t\t\t\t\t\t\t\t\t\t<a href=\"https:\/\/lsebucuresti.org\/\"><br \/>\n\t\t\t\t\t\t\t<img decoding=\"async\" width=\"150\" height=\"150\" src=\"https:\/\/etti.upb.ro\/wp-content\/uploads\/2023\/08\/lse-150x150.webp\" class=\"attachment-thumbnail size-thumbnail wp-image-3083\" alt=\"\" srcset=\"https:\/\/etti.upb.ro\/wp-content\/uploads\/2023\/08\/lse-150x150.webp 150w, https:\/\/etti.upb.ro\/wp-content\/uploads\/2023\/08\/lse-300x300.webp 300w, https:\/\/etti.upb.ro\/wp-content\/uploads\/2023\/08\/lse-500x500.webp 500w, https:\/\/etti.upb.ro\/wp-content\/uploads\/2023\/08\/lse-12x12.webp 12w, https:\/\/etti.upb.ro\/wp-content\/uploads\/2023\/08\/lse.webp 708w\" sizes=\"(max-width: 150px) 100vw, 150px\" \/>\t\t\t\t\t\t\t\t<\/a>\n\t\t\t\t\t\t\t\t\t\t\t\t\t\t\t<\/div>\n<\/p><\/div>\n<\/p><\/div>\n<\/p><\/div>\n<div class=\"elementor-column elementor-col-66 elementor-top-column elementor-element elementor-element-3225e86\" data-id=\"3225e86\" data-element_type=\"column\" data-e-type=\"column\">\n<div class=\"elementor-widget-wrap elementor-element-populated\">\n<div class=\"elementor-element elementor-element-71f67cb elementor-widget elementor-widget-text-editor\" data-id=\"71f67cb\" data-element_type=\"widget\" data-e-type=\"widget\" data-widget_type=\"text-editor.default\">\n<div class=\"elementor-widget-container\">\n<h3>Electronics Student Ligue<\/h3>\n<p>\u00a0<\/p>\n<p>Get involved in faculty life, participate in extracurricular activities and boost your CV with volunteer work.<\/p>\n<\/p><\/div>\n<\/p><\/div>\n<\/p><\/div>\n<\/p><\/div>\n<\/p><\/div>\n<\/section>\n<section class=\"elementor-section elementor-top-section elementor-element elementor-element-8915f03 elementor-section-full_width elementor-section-stretched elementor-section-height-default elementor-section-height-default\" data-id=\"8915f03\" data-element_type=\"section\" data-e-type=\"section\" data-settings=\"{&quot;stretch_section&quot;:&quot;section-stretched&quot;}\">\n<div class=\"elementor-container elementor-column-gap-default\">\n<div class=\"elementor-column elementor-col-100 elementor-top-column elementor-element elementor-element-c002427\" data-id=\"c002427\" data-element_type=\"column\" data-e-type=\"column\" data-settings=\"{&quot;background_background&quot;:&quot;classic&quot;}\">\n<div class=\"elementor-widget-wrap elementor-element-populated\">\n<div class=\"elementor-element elementor-element-7ebc724 elementor-widget__width-initial elementor-widget elementor-widget-text-editor\" data-id=\"7ebc724\" data-element_type=\"widget\" data-e-type=\"widget\" data-widget_type=\"text-editor.default\">\n<div class=\"elementor-widget-container\">\n<p style=\"text-align: center;\"><span style=\"color: #ffffff;\"><b>Since 2016, we collaborate with many private companies to boost the summer internship program for\u00a0<u>over 600 students every year<\/u>.<\/b><\/span><\/p>\n<\/p><\/div>\n<\/p><\/div>\n<\/p><\/div>\n<\/p><\/div>\n<\/p><\/div>\n<\/section>\n<section class=\"elementor-section elementor-top-section elementor-element elementor-element-bce0684 elementor-section-boxed elementor-section-height-default elementor-section-height-default\" data-id=\"bce0684\" data-element_type=\"section\" data-e-type=\"section\">\n<div class=\"elementor-container elementor-column-gap-default\">\n<div class=\"elementor-column elementor-col-100 elementor-top-column elementor-element elementor-element-b46e0e7\" data-id=\"b46e0e7\" data-element_type=\"column\" data-e-type=\"column\">\n<div class=\"elementor-widget-wrap\">\n\t\t\t\t\t\t\t<\/div>\n<\/p><\/div>\n<\/p><\/div>\n<\/section>\n<section class=\"elementor-section elementor-top-section elementor-element elementor-element-5a7f352 elementor-section-boxed elementor-section-height-default elementor-section-height-default\" data-id=\"5a7f352\" data-element_type=\"section\" data-e-type=\"section\" data-settings=\"{&quot;background_background&quot;:&quot;classic&quot;}\">\n<div class=\"elementor-container elementor-column-gap-default\">\n<div class=\"elementor-column elementor-col-100 elementor-top-column elementor-element elementor-element-c590acd\" data-id=\"c590acd\" data-element_type=\"column\" data-e-type=\"column\">\n<div class=\"elementor-widget-wrap elementor-element-populated\">\n<div class=\"elementor-element elementor-element-3a5ce49 elementor-widget elementor-widget-heading\" data-id=\"3a5ce49\" data-element_type=\"widget\" data-e-type=\"widget\" data-widget_type=\"heading.default\">\n<div class=\"elementor-widget-container\">\n<h3 class=\"elementor-heading-title elementor-size-default\">Bachelor programmes<\/h3>\n<\/p><\/div>\n<\/p><\/div>\n<div class=\"elementor-element elementor-element-9f6bac0 elementor-widget elementor-widget-heading\" data-id=\"9f6bac0\" data-element_type=\"widget\" data-e-type=\"widget\" data-widget_type=\"heading.default\">\n<div class=\"elementor-widget-container\">\n<h2 class=\"elementor-heading-title elementor-size-default\">Fields of study<\/h2>\n<\/p><\/div>\n<\/p><\/div>\n<\/p><\/div>\n<\/p><\/div>\n<\/p><\/div>\n<\/section>\n<section class=\"elementor-section elementor-top-section elementor-element elementor-element-5254bd7 elementor-section-full_width elementor-section-stretched elementor-section-height-default elementor-section-height-default\" data-id=\"5254bd7\" data-element_type=\"section\" data-e-type=\"section\" data-settings=\"{&quot;stretch_section&quot;:&quot;section-stretched&quot;}\">\n<div class=\"elementor-container elementor-column-gap-default\">\n<div class=\"elementor-column elementor-col-100 elementor-top-column elementor-element elementor-element-51e4636\" data-id=\"51e4636\" data-element_type=\"column\" data-e-type=\"column\" data-settings=\"{&quot;background_background&quot;:&quot;classic&quot;}\">\n<div class=\"elementor-widget-wrap\">\n\t\t\t\t\t\t\t<\/div>\n<\/p><\/div>\n<\/p><\/div>\n<\/section>\n<section class=\"elementor-section elementor-top-section elementor-element elementor-element-5d7031a elementor-section-boxed elementor-section-height-default elementor-section-height-default\" data-id=\"5d7031a\" data-element_type=\"section\" data-e-type=\"section\">\n<div class=\"elementor-container elementor-column-gap-default\">\n<div class=\"elementor-column elementor-col-100 elementor-top-column elementor-element elementor-element-6a2d92d\" data-id=\"6a2d92d\" data-element_type=\"column\" data-e-type=\"column\">\n<div class=\"elementor-widget-wrap elementor-element-populated\">\n<div class=\"elementor-element elementor-element-214c56c elementor-widget__width-inherit elementor-widget elementor-widget-google_maps\" data-id=\"214c56c\" data-element_type=\"widget\" data-e-type=\"widget\" data-widget_type=\"google_maps.default\">\n<div class=\"elementor-widget-container\">\n<div class=\"elementor-custom-embed\">\n\t\t\t<iframe loading=\"lazy\"\n\t\t\t\t\tsrc=\"https:\/\/maps.google.com\/maps?q=ETTI%20UPB&#038;t=m&#038;z=17&#038;output=embed&#038;iwloc=near\"\n\t\t\t\t\ttitle=\"ETTI UPB\"\n\t\t\t\t\taria-label=\"ETTI UPB\"\n\t\t\t><\/iframe>\n\t\t<\/div>\n<\/p><\/div>\n<\/p><\/div>\n<\/p><\/div>\n<\/p><\/div>\n<\/p><\/div>\n<\/section><\/div>","protected":false},"excerpt":{"rendered":"<p>Nout\u0103\u021bi DESCHIDEREA ANULUI UNIVERSITAR 2024-2025 V\u0103 a\u0219tept\u0103m s\u0103 marc\u0103m \u00eempreun\u0103 \u00eenceputul unui nou an universitar!&nbsp;Festivitatea&#8230; Sesiunea I de caz\u0103ri 2024-2025 Anun\u021b 27 septembrie 2024 Ora 11:00 &#8211; Au fost \u00eencarcate&#8230; Adeverin\u021be Absolvire &#8211; Promo\u021bia Septembrie 2024 \u00a0 \u00ceN ATEN\u0162IA ABSOLVEN\u0162ILOR SESIUNEA SEPTEMBRIE 2024: \u00a0 ABSOLVEN\u0162II, PROMO\u0162IA&#8230; Anun\u021b privind acordare burse \u00een semestrul I,\u00a0 an universitar 2024\/2025\u00a0 \u00a0 \u00cen conformitate cu [&hellip;]<\/p>\n","protected":false},"author":1,"featured_media":0,"parent":0,"menu_order":0,"comment_status":"closed","ping_status":"closed","template":"page-templates\/full-width.php","meta":{"_acf_changed":false,"_coblocks_attr":"","_coblocks_dimensions":"","_coblocks_responsive_height":"","_coblocks_accordion_ie_support":"","_eb_attr":"","_uag_custom_page_level_css":"","footnotes":""},"class_list":["post-3002","page","type-page","status-publish","hentry"],"acf":[],"featured_image_src":null,"uagb_featured_image_src":{"full":false,"thumbnail":false,"medium":false,"medium_large":false,"large":false,"elegant_blocks_team_1":false,"elegant_blocks_blog_1":false,"elegant_blocks_slider_1":false,"1536x1536":false,"2048x2048":false,"trp-custom-language-flag":false,"bizberg_medium":false,"bizberg_gallery":false,"bizberg_blog_list":false,"bizberg_detail_image":false,"bizberg_portfolio_homepage":false,"bizberg_blog_list_no_sidebar_1":false,"bizberg_detail_image_no_sidebar":false},"uagb_author_info":{"display_name":"Radu Hobincu","author_link":"https:\/\/etti.upb.ro\/en\/author\/radu-hobincu\/"},"uagb_comment_info":0,"uagb_excerpt":"Nout\u0103\u021bi DESCHIDEREA ANULUI UNIVERSITAR 2024-2025 V\u0103 a\u0219tept\u0103m s\u0103 marc\u0103m \u00eempreun\u0103 \u00eenceputul unui nou an universitar!&nbsp;Festivitatea&#8230; Sesiunea I de caz\u0103ri 2024-2025 Anun\u021b 27 septembrie 2024 Ora 11:00 &#8211; Au fost \u00eencarcate&#8230; Adeverin\u021be Absolvire &#8211; Promo\u021bia Septembrie 2024 \u00a0 \u00ceN ATEN\u0162IA ABSOLVEN\u0162ILOR SESIUNEA SEPTEMBRIE 2024: \u00a0 ABSOLVEN\u0162II, PROMO\u0162IA&#8230; Anun\u021b privind acordare burse \u00een semestrul I,\u00a0 an universitar&hellip;","_links":{"self":[{"href":"https:\/\/etti.upb.ro\/en\/wp-json\/wp\/v2\/pages\/3002","targetHints":{"allow":["GET"]}}],"collection":[{"href":"https:\/\/etti.upb.ro\/en\/wp-json\/wp\/v2\/pages"}],"about":[{"href":"https:\/\/etti.upb.ro\/en\/wp-json\/wp\/v2\/types\/page"}],"author":[{"embeddable":true,"href":"https:\/\/etti.upb.ro\/en\/wp-json\/wp\/v2\/users\/1"}],"replies":[{"embeddable":true,"href":"https:\/\/etti.upb.ro\/en\/wp-json\/wp\/v2\/comments?post=3002"}],"version-history":[{"count":168,"href":"https:\/\/etti.upb.ro\/en\/wp-json\/wp\/v2\/pages\/3002\/revisions"}],"predecessor-version":[{"id":6375,"href":"https:\/\/etti.upb.ro\/en\/wp-json\/wp\/v2\/pages\/3002\/revisions\/6375"}],"wp:attachment":[{"href":"https:\/\/etti.upb.ro\/en\/wp-json\/wp\/v2\/media?parent=3002"}],"curies":[{"name":"wp","href":"https:\/\/api.w.org\/{rel}","templated":true}]}}