{"id":3224,"date":"2023-08-28T13:30:57","date_gmt":"2023-08-28T10:30:57","guid":{"rendered":"https:\/\/site.dcae.pub.ro\/?page_id=3224"},"modified":"2026-04-01T15:55:13","modified_gmt":"2026-04-01T12:55:13","slug":"admitere","status":"publish","type":"page","link":"https:\/\/etti.upb.ro\/en\/admitere\/","title":{"rendered":"Admission and Application"},"content":{"rendered":"<p><\/p>\n\n\n\n<div class=\"wp-block-columns is-layout-flex wp-container-core-columns-is-layout-9d6595d7 wp-block-columns-is-layout-flex\">\n<div class=\"wp-block-column is-layout-flow wp-block-column-is-layout-flow\">\n<h2 class=\"wp-block-heading has-text-align-center\">Bachelor programmes<\/h2>\n\n\n<div class=\"wp-block-image\">\n<figure class=\"aligncenter size-full\"><img decoding=\"async\" width=\"120\" height=\"120\" src=\"https:\/\/etti.upb.ro\/wp-content\/uploads\/2025\/01\/1-1.png\" alt=\"\" class=\"wp-image-7581\" srcset=\"https:\/\/etti.upb.ro\/wp-content\/uploads\/2025\/01\/1-1.png 120w, https:\/\/etti.upb.ro\/wp-content\/uploads\/2025\/01\/1-1-12x12.png 12w\" sizes=\"(max-width: 120px) 100vw, 120px\" \/><\/figure>\n<\/div>\n\n\n<p class=\"has-text-align-center\">Two fields, five specialisations, in Romanian and English.<\/p>\n\n\n\n<p class=\"has-text-align-center\"><a href=\"\/en\/oferta-educationala\/admitere-licenta\/\">Click here!<\/a><\/p>\n<\/div>\n\n\n\n<div class=\"wp-block-column is-layout-flow wp-block-column-is-layout-flow\">\n<h2 class=\"wp-block-heading has-text-align-center\">Master programmes<\/h2>\n\n\n<div class=\"wp-block-image\">\n<figure class=\"aligncenter size-full\"><img decoding=\"async\" width=\"120\" height=\"120\" src=\"https:\/\/etti.upb.ro\/wp-content\/uploads\/2025\/01\/2.png\" alt=\"\" class=\"wp-image-7582\" srcset=\"https:\/\/etti.upb.ro\/wp-content\/uploads\/2025\/01\/2.png 120w, https:\/\/etti.upb.ro\/wp-content\/uploads\/2025\/01\/2-12x12.png 12w\" sizes=\"(max-width: 120px) 100vw, 120px\" \/><\/figure>\n<\/div>\n\n\n<p class=\"has-text-align-center\">Twenty master&#039;s, research and in-depth programs.<\/p>\n\n\n\n<p class=\"has-text-align-center\"><a href=\"\/en\/oferta-educationala\/admitere-masterat-2\/\">Click here!<\/a><\/p>\n<\/div>\n\n\n\n<div class=\"wp-block-column is-layout-flow wp-block-column-is-layout-flow\">\n<h2 class=\"wp-block-heading has-text-align-center\">Doctoral studies<\/h2>\n\n\n<div class=\"wp-block-image\">\n<figure class=\"aligncenter size-full\"><img decoding=\"async\" width=\"120\" height=\"120\" src=\"https:\/\/etti.upb.ro\/wp-content\/uploads\/2025\/01\/3.png\" alt=\"\" class=\"wp-image-7583\" srcset=\"https:\/\/etti.upb.ro\/wp-content\/uploads\/2025\/01\/3.png 120w, https:\/\/etti.upb.ro\/wp-content\/uploads\/2025\/01\/3-12x12.png 12w\" sizes=\"(max-width: 120px) 100vw, 120px\" \/><\/figure>\n<\/div>\n\n\n<p class=\"has-text-align-center\">Fifty-seven PhD supervisors.<\/p>\n\n\n\n<p class=\"has-text-align-center\"><a href=\"https:\/\/www.sdettib.pub.ro\/\">Click here!<\/a><\/p>\n<\/div>\n<\/div>\n\n\n\n<p><\/p>","protected":false},"excerpt":{"rendered":"<p>Undergraduate studies Two fields, five majors, in Romanian and English. Click here! Master's studies Twenty Master's programmes, research and in-depth. Click here! Doctoral studies Fifty-seven PhD supervisors. Click here!<\/p>","protected":false},"author":1,"featured_media":0,"parent":0,"menu_order":0,"comment_status":"closed","ping_status":"closed","template":"","meta":{"_acf_changed":false,"_coblocks_attr":"","_coblocks_dimensions":"","_coblocks_responsive_height":"","_coblocks_accordion_ie_support":"","_eb_attr":"","_uag_custom_page_level_css":"","footnotes":""},"class_list":["post-3224","page","type-page","status-publish","hentry"],"acf":[],"featured_image_src":null,"uagb_featured_image_src":{"full":false,"thumbnail":false,"medium":false,"medium_large":false,"large":false,"elegant_blocks_team_1":false,"elegant_blocks_blog_1":false,"elegant_blocks_slider_1":false,"1536x1536":false,"2048x2048":false,"trp-custom-language-flag":false,"bizberg_medium":false,"bizberg_gallery":false,"bizberg_blog_list":false,"bizberg_detail_image":false,"bizberg_portfolio_homepage":false,"bizberg_blog_list_no_sidebar_1":false,"bizberg_detail_image_no_sidebar":false},"uagb_author_info":{"display_name":"Radu Hobincu","author_link":"https:\/\/etti.upb.ro\/en\/author\/radu-hobincu\/"},"uagb_comment_info":0,"uagb_excerpt":"Studii de licen\u021b\u0103 Dou\u0103 domenii, cinci specializ\u0103ri, \u00een rom\u00e2n\u0103 \u0219i englez\u0103. Click aici! Studii de masterat Dou\u0103zeci de programe de masterat, de cercetare \u0219i aprofundare. Click aici! Studii de doctorat Cincizeci \u0219i \u0219apte de conduc\u0103tori de doctorat. Click aici!","_links":{"self":[{"href":"https:\/\/etti.upb.ro\/en\/wp-json\/wp\/v2\/pages\/3224","targetHints":{"allow":["GET"]}}],"collection":[{"href":"https:\/\/etti.upb.ro\/en\/wp-json\/wp\/v2\/pages"}],"about":[{"href":"https:\/\/etti.upb.ro\/en\/wp-json\/wp\/v2\/types\/page"}],"author":[{"embeddable":true,"href":"https:\/\/etti.upb.ro\/en\/wp-json\/wp\/v2\/users\/1"}],"replies":[{"embeddable":true,"href":"https:\/\/etti.upb.ro\/en\/wp-json\/wp\/v2\/comments?post=3224"}],"version-history":[{"count":14,"href":"https:\/\/etti.upb.ro\/en\/wp-json\/wp\/v2\/pages\/3224\/revisions"}],"predecessor-version":[{"id":10333,"href":"https:\/\/etti.upb.ro\/en\/wp-json\/wp\/v2\/pages\/3224\/revisions\/10333"}],"wp:attachment":[{"href":"https:\/\/etti.upb.ro\/en\/wp-json\/wp\/v2\/media?parent=3224"}],"curies":[{"name":"wp","href":"https:\/\/api.w.org\/{rel}","templated":true}]}}