{"id":38,"date":"2020-05-20T20:26:41","date_gmt":"2020-05-20T17:26:41","guid":{"rendered":"http:\/\/wordpress.local\/?page_id=38"},"modified":"2026-04-06T23:03:18","modified_gmt":"2026-04-06T20:03:18","slug":"regulamente-si-proceduri","status":"publish","type":"page","link":"https:\/\/etti.upb.ro\/en\/studenti\/regulamente-si-proceduri\/","title":{"rendered":"Regulations and Procedures"},"content":{"rendered":"<div data-elementor-type=\"wp-page\" data-elementor-id=\"38\" class=\"elementor elementor-38\">\n<div class=\"elementor-element elementor-element-33ef0200 e-flex e-con-boxed e-con e-parent\" data-id=\"33ef0200\" data-element_type=\"container\" data-e-type=\"container\">\n<div class=\"e-con-inner\">\n<div class=\"elementor-element elementor-element-487d81f0 elementor-widget__width-initial elementor-widget elementor-widget-text-editor\" data-id=\"487d81f0\" data-element_type=\"widget\" data-e-type=\"widget\" data-widget_type=\"text-editor.default\">\n<div class=\"elementor-widget-container\">\n<p><style><span data-mce-type=\"bookmark\" style=\"display: inline-block; width: 0px; overflow: hidden; line-height: 0;\" class=\"mce_SELRES_start\">\ufeff<\/span><span data-mce-type=\"bookmark\" style=\"display: inline-block; width: 0px; overflow: hidden; line-height: 0;\" class=\"mce_SELRES_start\">\ufeff<\/span> .regulament {margin:0;float:left;}.iframe-regulament{background-color: #555555;} .ul-regulament {list-style-type: none; margin: 0;  padding: 0;  width: 200px;  background-color: #f1f1f1; float: left;}.li-regulament .a-regulament { display: block; color: black;  padding: 8px 16px;  text-decoration: none;}.li-regulament a:hover {  background-color: #dddddd;  color: black;} .li-regulament .a-regulament:hover { background-color: #dddddd; color: black;} .li-regulament .active {background-color: #dddddd; color: black;}<\/style>\n<\/p>\n<div class=\"container mt-3 regulament\">\n<div>\n<ul class=\"nav nav-list ul-regulament\">\n<li class=\"nav-item li-regulament\"><a class=\"nav-link active a-regulament\" href=\"https:\/\/upb.ro\/wp-content\/uploads\/2025\/07\/Regulament-privind-organizarea-si-functionarea-studiilor-universitare-de-licenta.pdf\" target=\"pdfFrame\">Regulation - undergraduate studies<\/a><\/li>\n<li class=\"nav-item li-regulament\"><a class=\"nav-link a-regulament\" href=\"https:\/\/upb.ro\/wp-content\/uploads\/2022\/11\/Regulament-privind-organizarea-si-functionarea-studiilor-universitare-de-masterat.pdf\" target=\"pdfFrame\">Regulations - Master's degree studies<\/a><\/li>\n<li class=\"nav-item li-regulament\"><a class=\"nav-link a-regulament\" href=\"https:\/\/etti.upb.ro\/wp-content\/uploads\/2026\/04\/4.-Regulament_finalizare_studii_2025-2026-1.pdf\" target=\"pdfFrame\">Graduation Regulation<\/a><\/li>\n<li class=\"nav-item li-regulament\"><a class=\"nav-link a-regulament\" href=\"https:\/\/etti.upb.ro\/wp-content\/uploads\/2021\/10\/regulament_etti_absolvire.pdf\" target=\"pdfFrame\">Rules on the preparation of the diploma \/ dissertation project<\/a><\/li>\n<li class=\"nav-item li-regulament\"><a href=\"https:\/\/etti.upb.ro\/wp-content\/uploads\/2025\/11\/Metodologie-burse_2025-2026_12.11.2025.pdf\">Methodology for awarding scholarships and other forms of material support for students starting from the academic year 2025-2026<\/a><\/li>\n<li class=\"nav-item li-regulament\"><a class=\"nav-link a-regulament\" href=\"https:\/\/etti.upb.ro\/wp-content\/uploads\/2024\/11\/2024_11_04_Criterii_Suplimentare_Burse_Anexa-1.pdf\" target=\"pdfFrame\">ETTI Annex on grants<\/a><\/li>\n<li class=\"nav-item li-regulament\"><a class=\"nav-link a-regulament\" href=\"https:\/\/upb.ro\/wp-content\/uploads\/2018\/02\/9-Regulament-privind-organizarea-\u015fi-func\u0163ionarea-c\u0103minelor-\u015fi-cantinelor-care-apar\u0163in-UPB-2012.pdf\" target=\"pdfFrame\">REGULATION on the organization and functioning of the dormitories and canteens belonging to the UNIVERSITY POLITEHNICA of BUCHAREST<\/a><\/li>\n<\/ul>\n<\/div>\n<div style=\"width: 60%; margin-left: 20%; height: 100%;\"><iframe class=\"iframe-regulament\" src=\"https:\/\/upb.ro\/wp-content\/uploads\/2025\/07\/Regulament-privind-organizarea-si-functionarea-studiilor-universitare-de-licenta.pdf\" name=\"pdfFrame\" height=\"800\"><\/iframe><\/div>\n<\/div><\/div>\n<\/p><\/div>\n<\/p><\/div>\n<\/p><\/div>\n<\/p><\/div>","protected":false},"excerpt":{"rendered":"<p>Regulament &#8211; studii universitare de licen\u021b\u0103 Regulament &#8211; studii universitare de masterat Regulament Absolvire Regulament privind preg\u0103tirea proiectului de diplom\u0103 \/ lucr\u0103rii de diserta\u021bie Metodologia privind acordarea burselor \u0219i a altor forme de sprijin material pentru studen\u021bii \u00eencep\u00e2nd cu anul universitar 2025-2026 Anexa ETTI privind acordarea burselor REGULAMENT privind organizarea \u015fi func\u0163ionarea c\u0103minelor \u015fi cantinelor care apar\u0163in UNIVERSIT\u0102\u0162II POLITEHNICA din [&hellip;]<\/p>\n","protected":false},"author":1,"featured_media":0,"parent":43,"menu_order":0,"comment_status":"closed","ping_status":"closed","template":"","meta":{"_acf_changed":false,"_coblocks_attr":"","_coblocks_dimensions":"","_coblocks_responsive_height":"","_coblocks_accordion_ie_support":"","_eb_attr":"","_uag_custom_page_level_css":"","footnotes":""},"class_list":["post-38","page","type-page","status-publish","hentry"],"acf":[],"featured_image_src":null,"uagb_featured_image_src":{"full":false,"thumbnail":false,"medium":false,"medium_large":false,"large":false,"elegant_blocks_team_1":false,"elegant_blocks_blog_1":false,"elegant_blocks_slider_1":false,"1536x1536":false,"2048x2048":false,"trp-custom-language-flag":false,"bizberg_medium":false,"bizberg_gallery":false,"bizberg_blog_list":false,"bizberg_detail_image":false,"bizberg_portfolio_homepage":false,"bizberg_blog_list_no_sidebar_1":false,"bizberg_detail_image_no_sidebar":false},"uagb_author_info":{"display_name":"Radu Hobincu","author_link":"https:\/\/etti.upb.ro\/en\/author\/radu-hobincu\/"},"uagb_comment_info":0,"uagb_excerpt":"Regulament &#8211; studii universitare de licen\u021b\u0103 Regulament &#8211; studii universitare de masterat Regulament Absolvire Regulament privind preg\u0103tirea proiectului de diplom\u0103 \/ lucr\u0103rii de diserta\u021bie Metodologia privind acordarea burselor \u0219i a altor forme de sprijin material pentru studen\u021bii \u00eencep\u00e2nd cu anul universitar 2025-2026 Anexa ETTI privind acordarea burselor REGULAMENT privind organizarea \u015fi func\u0163ionarea c\u0103minelor \u015fi cantinelor&hellip;","_links":{"self":[{"href":"https:\/\/etti.upb.ro\/en\/wp-json\/wp\/v2\/pages\/38","targetHints":{"allow":["GET"]}}],"collection":[{"href":"https:\/\/etti.upb.ro\/en\/wp-json\/wp\/v2\/pages"}],"about":[{"href":"https:\/\/etti.upb.ro\/en\/wp-json\/wp\/v2\/types\/page"}],"author":[{"embeddable":true,"href":"https:\/\/etti.upb.ro\/en\/wp-json\/wp\/v2\/users\/1"}],"replies":[{"embeddable":true,"href":"https:\/\/etti.upb.ro\/en\/wp-json\/wp\/v2\/comments?post=38"}],"version-history":[{"count":126,"href":"https:\/\/etti.upb.ro\/en\/wp-json\/wp\/v2\/pages\/38\/revisions"}],"predecessor-version":[{"id":10458,"href":"https:\/\/etti.upb.ro\/en\/wp-json\/wp\/v2\/pages\/38\/revisions\/10458"}],"up":[{"embeddable":true,"href":"https:\/\/etti.upb.ro\/en\/wp-json\/wp\/v2\/pages\/43"}],"wp:attachment":[{"href":"https:\/\/etti.upb.ro\/en\/wp-json\/wp\/v2\/media?parent=38"}],"curies":[{"name":"wp","href":"https:\/\/api.w.org\/{rel}","templated":true}]}}