{"id":4689,"date":"2024-04-01T10:31:59","date_gmt":"2024-04-01T07:31:59","guid":{"rendered":"https:\/\/etti.upb.ro\/?page_id=4689"},"modified":"2026-02-05T19:00:13","modified_gmt":"2026-02-05T17:00:13","slug":"proceduri-secretariat","status":"publish","type":"page","link":"https:\/\/etti.upb.ro\/en\/studenti\/proceduri-secretariat\/","title":{"rendered":"Secretarial procedures"},"content":{"rendered":"<div data-elementor-type=\"wp-page\" data-elementor-id=\"4689\" class=\"elementor elementor-4689\">\n\t\t\t\t<div class=\"elementor-element elementor-element-6710189b e-flex e-con-boxed e-con e-parent\" data-id=\"6710189b\" data-element_type=\"container\" data-e-type=\"container\">\n\t\t\t\t\t<div class=\"e-con-inner\">\n\t\t\t\t<div class=\"elementor-element elementor-element-313d1d09 elementor-widget elementor-widget-text-editor\" data-id=\"313d1d09\" data-element_type=\"widget\" data-e-type=\"widget\" data-widget_type=\"text-editor.default\">\n\t\t\t\t<div class=\"elementor-widget-container\">\n\t\t\t\t\t\t\t\t\t\n<div class=\"wp-block-group is-vertical is-layout-flex wp-container-core-group-is-layout-8cf370e7 wp-block-group-is-layout-flex\" style=\"border: 1px solid #808080; padding: 20px; border-radius: 5px;\">\n<p><a href=\"https:\/\/etti.upb.ro\/wp-content\/uploads\/2023\/11\/Procedura-e-depunere-si-eliberare-documente-_16.10.2025.docx\" target=\"_blank\" rel=\"noreferrer noopener\"> <strong style=\"font-size: 20px; color: darkblue;\">ETTI Procedure for submission and release of documents<\/strong> <\/a><\/p>\n<p><a href=\"https:\/\/etti.upb.ro\/wp-content\/uploads\/2024\/11\/CERERE-ELIBERARE-Adev-Autenticitate-Anexa-23.doc\" target=\"_blank\" rel=\"noreferrer noopener\">REQUEST FOR RELEASE Authenticity Certificate - (Annex 23)<\/a><\/p>\n<p><a href=\"https:\/\/etti.upb.ro\/wp-content\/uploads\/2024\/11\/CERERE-ELIBERARE-ADEVERINTA-fara-ex-abs-Anexa-17.doc\" target=\"_blank\" rel=\"noreferrer noopener\">REQUEST FOR RELEASE Certificate of graduation without examination (Annex 17)<\/a><\/p>\n<p><a href=\"https:\/\/etti.upb.ro\/wp-content\/uploads\/2024\/11\/CERERE-ELIBERARE-ADEVERINTA-SCOLARIZARE-Anexa-15.doc\" target=\"_blank\" rel=\"noreferrer noopener\">APPLICATION FOR RELEASE School certificate (Annex 15)<\/a><\/p>\n<p><a href=\"https:\/\/etti.upb.ro\/wp-content\/uploads\/2024\/11\/CERERE-ELIBERARE-AS-noul-nume-Anexa-2.doc\" target=\"_blank\" rel=\"noreferrer noopener\">AS REQUEST - new name (Annex 2)<\/a><\/p>\n<p><a href=\"https:\/\/etti.upb.ro\/wp-content\/uploads\/2024\/11\/CERERE-ELIBERARE-ASDU-DECES-Anexa-5.doc\" target=\"_blank\" rel=\"noreferrer noopener\">APPLICATION FOR REMOVAL AS,DU - DEATH (Annex 5)<\/a><\/p>\n<p><a href=\"https:\/\/etti.upb.ro\/wp-content\/uploads\/2024\/11\/CERERE-ELIBERARE-ASDU-IMPUTERNICIT-Anexa-3.doc\" target=\"_blank\" rel=\"noreferrer noopener\">REQUEST FOR RELEASE AS,DU - IMPUTERNICIT (Annex 3)<\/a><\/p>\n<p><a href=\"https:\/\/etti.upb.ro\/wp-content\/uploads\/2024\/11\/CERERE-ELIBERARE-DUPLICAT-Anexa-6.doc\" target=\"_blank\" rel=\"noreferrer noopener\">REQUEST FOR DUPLICATE ISSUE (Annex 6)<\/a><\/p>\n<p><a href=\"https:\/\/etti.upb.ro\/wp-content\/uploads\/2024\/11\/CERERE-ELIBERARE-FM-AN-Anexa-10.doc\" target=\"_blank\" rel=\"noreferrer noopener\">FM-AN REQUEST FOR RELEASE (Annex 10)<\/a><\/p>\n<p><a href=\"https:\/\/etti.upb.ro\/wp-content\/uploads\/2024\/11\/CERERE-ELIBERARE-in-regim-de-ugenta-AS-DU-Anexa-4.doc\" target=\"_blank\" rel=\"noreferrer noopener\">REQUEST FOR EMERGENCY RELEASE AS-DU (Annex 4)<\/a><\/p>\n<p><a href=\"https:\/\/etti.upb.ro\/wp-content\/uploads\/2024\/11\/CERERE-ELIBERARE-nou-AS-greseli-Anexa-8-.doc\" target=\"_blank\" rel=\"noreferrer noopener\">REQUEST FOR NEW AS - mistakes (Annex 8)<\/a><\/p>\n<p><a href=\"https:\/\/etti.upb.ro\/wp-content\/uploads\/2024\/11\/CERERE-ELIBERARE-nou-DU-Anexa-9.doc\" target=\"_blank\" rel=\"noreferrer noopener\">REQUEST FOR NEW DU (Annex 9)<\/a><\/p>\n<p><a href=\"https:\/\/etti.upb.ro\/wp-content\/uploads\/2024\/11\/CERERE-ELIBERARE-o-noua-Adeverinta-finalizare-studii-Anexa-21.doc\" target=\"_blank\" rel=\"noreferrer noopener\">REQUEST FOR RELEASE a new Certificate of Completion of Studies (Annex 21)<\/a><\/p>\n<p><a href=\"https:\/\/etti.upb.ro\/wp-content\/uploads\/2024\/11\/CERERE-ELIBERARE-PA-Anexa-11.doc\" target=\"_blank\" rel=\"noreferrer noopener\">APPLICATION FOR RELEASE OF IP (Annex 11)<\/a><\/p>\n<p><a href=\"https:\/\/etti.upb.ro\/wp-content\/uploads\/2024\/11\/CERERE-ELIBERARE-plic-sigilat-Anexa-24.doc\" target=\"_blank\" rel=\"noreferrer noopener\">REQUEST FOR RELEASE sealed envelope - (Annex 24)<\/a><\/p>\n<p><a href=\"https:\/\/etti.upb.ro\/wp-content\/uploads\/2024\/11\/CERERE-ELIBERARE-SS-Anexa-13.doc\" target=\"_blank\" rel=\"noreferrer noopener\">REQUEST FOR RELEASE SS (Annex 13)<\/a><\/p>\n<p><a href=\"https:\/\/etti.upb.ro\/wp-content\/uploads\/2024\/11\/DPPR-AS-Anexa-7.doc\" target=\"_blank\" rel=\"noreferrer noopener\">DPPR - AS (Annex 7)<\/a><\/p>\n<p><a href=\"https:\/\/etti.upb.ro\/wp-content\/uploads\/2025\/09\/Procedura-de-promovare-a-anului-2025-2026-LICENTA-si-MASTERAT-1-1.docx\">Promotion procedure for the year 2025-2026 Bachelor and Master<\/a><\/p>\n<p><a href=\"https:\/\/etti.upb.ro\/wp-content\/uploads\/2025\/08\/Procedura-de-refacere-a-anului-in-anul-universitar-2025-2026.docx\">The procedure for the year of the academic year 2025-2026<\/a><\/p>\n<p><a href=\"https:\/\/etti.upb.ro\/wp-content\/uploads\/2025\/08\/ETTI-Procedura-aprobare-schimbare-discipline_2025-2026.docx\">2025-2026 change of discipline approval procedure<\/a><\/p>\n<p><a href=\"https:\/\/etti.upb.ro\/wp-content\/uploads\/2024\/12\/Procedura-privind-depunerea-unei-contestatii-pentru-examen-scris.pdf\">Procedure for lodging appeals<\/a><\/p>\n<p><a href=\"https:\/\/etti.upb.ro\/wp-content\/uploads\/2025\/08\/ETTI-Procedura-schimbare-titular_2025-2026.docx\">Change of holder procedure 2025-2026<\/a><\/p>\n<p><a href=\"https:\/\/upb.ro\/wp-content\/uploads\/2025\/09\/Sistem-de-taxe-2025-2026-2.pdf\">Fee system for the academic year 2025-2026<\/a><\/p>\n<p>\u00a0<\/p>\n<\/div>\n\t\t\t\t\t\t\t\t<\/div>\n\t\t\t\t<\/div>\n\t\t\t\t\t<\/div>\n\t\t\t\t<\/div>\n\t\t\t\t<\/div>","protected":false},"excerpt":{"rendered":"<p>ETTI Procedur\u0103 de depunere \u0219i eliberare documente CERERE ELIBERARE Adeverin\u021b\u0103 Autenticitate &#8211; (Anexa 23) CERERE ELIBERARE Adeverin\u021b\u0103 absolvire f\u0103r\u0103 examen (Anexa 17) CERERE ELIBERARE Adeverin\u021b\u0103 \u0219colarizare (Anexa 15) CERERE ELIBERARE AS &#8211; noul nume (Anexa 2) CERERE ELIBERARE AS,DU &#8211; DECES (Anexa 5) CERERE ELIBERARE AS,DU &#8211; IMPUTERNICIT (Anexa 3) CERERE ELIBERARE DUPLICAT (Anexa 6) CERERE ELIBERARE FM-AN (Anexa 10) [&hellip;]<\/p>\n","protected":false},"author":29,"featured_media":0,"parent":43,"menu_order":0,"comment_status":"closed","ping_status":"closed","template":"","meta":{"_acf_changed":false,"_coblocks_attr":"","_coblocks_dimensions":"","_coblocks_responsive_height":"","_coblocks_accordion_ie_support":"","_eb_attr":"","_uag_custom_page_level_css":"","footnotes":""},"class_list":["post-4689","page","type-page","status-publish","hentry"],"acf":[],"featured_image_src":null,"uagb_featured_image_src":{"full":false,"thumbnail":false,"medium":false,"medium_large":false,"large":false,"elegant_blocks_team_1":false,"elegant_blocks_blog_1":false,"elegant_blocks_slider_1":false,"1536x1536":false,"2048x2048":false,"trp-custom-language-flag":false,"bizberg_medium":false,"bizberg_gallery":false,"bizberg_blog_list":false,"bizberg_detail_image":false,"bizberg_portfolio_homepage":false,"bizberg_blog_list_no_sidebar_1":false,"bizberg_detail_image_no_sidebar":false},"uagb_author_info":{"display_name":"Vanghele Ramona","author_link":"https:\/\/etti.upb.ro\/en\/author\/ramona-vanghele\/"},"uagb_comment_info":0,"uagb_excerpt":"ETTI Procedur\u0103 de depunere \u0219i eliberare documente CERERE ELIBERARE Adeverin\u021b\u0103 Autenticitate &#8211; (Anexa 23) CERERE ELIBERARE Adeverin\u021b\u0103 absolvire f\u0103r\u0103 examen (Anexa 17) CERERE ELIBERARE Adeverin\u021b\u0103 \u0219colarizare (Anexa 15) CERERE ELIBERARE AS &#8211; noul nume (Anexa 2) CERERE ELIBERARE AS,DU &#8211; DECES (Anexa 5) CERERE ELIBERARE AS,DU &#8211; IMPUTERNICIT (Anexa 3) CERERE ELIBERARE DUPLICAT (Anexa 6)&hellip;","_links":{"self":[{"href":"https:\/\/etti.upb.ro\/en\/wp-json\/wp\/v2\/pages\/4689","targetHints":{"allow":["GET"]}}],"collection":[{"href":"https:\/\/etti.upb.ro\/en\/wp-json\/wp\/v2\/pages"}],"about":[{"href":"https:\/\/etti.upb.ro\/en\/wp-json\/wp\/v2\/types\/page"}],"author":[{"embeddable":true,"href":"https:\/\/etti.upb.ro\/en\/wp-json\/wp\/v2\/users\/29"}],"replies":[{"embeddable":true,"href":"https:\/\/etti.upb.ro\/en\/wp-json\/wp\/v2\/comments?post=4689"}],"version-history":[{"count":134,"href":"https:\/\/etti.upb.ro\/en\/wp-json\/wp\/v2\/pages\/4689\/revisions"}],"predecessor-version":[{"id":9997,"href":"https:\/\/etti.upb.ro\/en\/wp-json\/wp\/v2\/pages\/4689\/revisions\/9997"}],"up":[{"embeddable":true,"href":"https:\/\/etti.upb.ro\/en\/wp-json\/wp\/v2\/pages\/43"}],"wp:attachment":[{"href":"https:\/\/etti.upb.ro\/en\/wp-json\/wp\/v2\/media?parent=4689"}],"curies":[{"name":"wp","href":"https:\/\/api.w.org\/{rel}","templated":true}]}}