{"id":4762,"date":"2024-04-11T15:47:41","date_gmt":"2024-04-11T12:47:41","guid":{"rendered":"https:\/\/etti.upb.ro\/?page_id=4762"},"modified":"2026-04-07T16:07:52","modified_gmt":"2026-04-07T13:07:52","slug":"sesiunea-i-master-admitere-anticipata","status":"publish","type":"page","link":"https:\/\/etti.upb.ro\/en\/admitere-masterat-ciorna-veche__trashed\/sesiunea-i-master-admitere-anticipata\/","title":{"rendered":"Session I Master - Early Admission"},"content":{"rendered":"<div data-elementor-type=\"wp-page\" data-elementor-id=\"4762\" class=\"elementor elementor-4762\">\n\t\t\t\t<div class=\"elementor-element elementor-element-2e83a67d e-flex e-con-boxed e-con e-parent\" data-id=\"2e83a67d\" data-element_type=\"container\" data-e-type=\"container\">\n\t\t\t\t\t<div class=\"e-con-inner\">\n\t\t\t\t<div class=\"elementor-element elementor-element-7645c20d elementor-widget elementor-widget-text-editor\" data-id=\"7645c20d\" data-element_type=\"widget\" data-e-type=\"widget\" data-widget_type=\"text-editor.default\">\n\t\t\t\t<div class=\"elementor-widget-container\">\n\t\t\t\t\t\t\t\t\t<p style=\"font-size: 15px; text-align: justify;\"><strong>Competition Calendar: 2026 Early Admission Session<\/strong>\u00a0<\/p>\n<p><!-- \/wp:paragraph --><\/p>\n<p><!-- wp:table {\"className\":\"is-style-stripes\"} --><\/p>\n<figure>\n<table>\n<tbody>\n<tr>\n<td style=\"font-size: 15px; text-align: center;\">Registration of candidates<\/td>\n<td style=\"font-size: 15px; text-align: center;\"><strong>15.01 - 08.05.2026<\/strong>*<\/td>\n<td>A candidate can apply for budget places at only one faculty.<\/td>\n<\/tr>\n<tr>\n<td style=\"font-size: 15px; text-align: center;\">Admission competition<\/td>\n<td style=\"font-size: 15px; text-align: center;\"><strong>11.05 - 14.05.2026<\/strong><\/td>\n<td>\u00a0<\/td>\n<\/tr>\n<tr>\n<td style=\"font-size: 15px; text-align: center;\">Communication of results<\/td>\n<td style=\"font-size: 15px; text-align: center;\"><strong>15.05.2026<\/strong><\/td>\n<td>\u00a0<\/td>\n<\/tr>\n<tr>\n<td style=\"font-size: 15px; text-align: center;\">Registration of candidates (at the faculty secretariat)**<\/td>\n<td style=\"font-size: 15px; text-align: center;\"><strong>15.05 - 20.05.2026<\/strong><\/td>\n<td style=\"font-size: 15px; text-align: center;\">between 9-15<\/td>\n<\/tr>\n<tr>\n<td>\u00a0<\/td>\n<td style=\"font-size: 15px; text-align: center;\"><b>02.07 <strong>- 07.07.2026<\/strong><\/b><\/td>\n<td style=\"font-size: 15px; text-align: center;\">between 9-15<\/td>\n<\/tr>\n<\/tbody>\n<\/table>\n<figcaption>*On the last registration day of each period, registration can only be done until 16:00.\n<p>**Enrolment takes place on working days and is subject to the presentation by the admitted student of the proof of graduation from the Bachelor's Degree, for the 2025-2026 graduating class, respectively the Bachelor's Degree diploma for the previous graduating classes.<\/p>\n<\/figcaption>\n<\/figure>\n<p><!-- \/wp:table --><\/p>\n<p><!-- wp:paragraph --><\/p>\n<p><span style=\"text-align: justify;\">In the context of the admission competition for admission to the Master's degree programme in <\/span><strong style=\"text-align: justify;\">early admission session<\/strong><span style=\"text-align: justify;\">a candidate can apply <\/span><strong style=\"text-align: justify;\">only at one faculty in POLITEHNICA Bucharest.<\/strong><\/p>\n<p><!-- \/wp:paragraph --><\/p>\n<p><!-- wp:paragraph --><\/p>\n<p style=\"font-size: 15px; text-align: justify;\">List of master's programs with places open for early admission:<\/p>\n<p><!-- \/wp:paragraph --><\/p>\n<p><!-- wp:table {\"hasFixedLayout\":false,\"className\":\"is-style-stripes\"} --><\/p>\n<figure>\n<table>\n<tbody>\n<tr>\n<td style=\"font-size: 15px; text-align: center;\"><strong>Name of study programme<\/strong>\u00a0\u00a0<\/td>\n<td style=\"font-size: 15px; text-align: center;\" data-align=\"center\"><strong>Master places<\/strong><\/td>\n<td style=\"font-size: 15px; text-align: center;\" data-align=\"center\">Of which <strong>early admission places<\/strong><\/td>\n<\/tr>\n<tr>\n<td style=\"font-size: 15px; text-align: center;\">Advanced Computing in Embedded Systems<\/td>\n<td style=\"font-size: 15px; text-align: center;\" data-align=\"center\">30\u00a0<\/td>\n<td style=\"font-size: 15px; text-align: center;\" data-align=\"center\">20B + 5Tx<\/td>\n<\/tr>\n<tr>\n<td style=\"font-size: 15px; text-align: center;\">Advanced Microelectronics\u00a0<\/td>\n<td style=\"font-size: 15px; text-align: center;\" data-align=\"center\">30\u00a0<\/td>\n<td style=\"font-size: 15px; text-align: center;\" data-align=\"center\">15B + 5Tx<\/td>\n<\/tr>\n<tr>\n<td style=\"font-size: 15px; text-align: center;\">Advanced Wireless Communications\u00a0<\/td>\n<td style=\"font-size: 15px; text-align: center;\" data-align=\"center\">30\u00a0<\/td>\n<td style=\"font-size: 15px; text-align: center;\" data-align=\"center\">20B + 5Tx<\/td>\n<\/tr>\n<tr>\n<td style=\"font-size: 15px; text-align: center;\">Mobile communications\u00a0<\/td>\n<td style=\"font-size: 15px; text-align: center;\" data-align=\"center\">30\u00a0<\/td>\n<td style=\"font-size: 15px; text-align: center;\" data-align=\"center\">20B + 5Tx<\/td>\n<\/tr>\n<tr>\n<td style=\"font-size: 15px; text-align: center;\">Electric Vehicle Propulsion and Control\u00a0<\/td>\n<td style=\"font-size: 15px; text-align: center;\" data-align=\"center\">30\u00a0<\/td>\n<td style=\"font-size: 15px; text-align: center;\" data-align=\"center\">15B + 5Tx<\/td>\n<\/tr>\n<tr>\n<td style=\"font-size: 15px; text-align: center;\">Electronics and applied computer science\u00a0<\/td>\n<td style=\"font-size: 15px; text-align: center;\" data-align=\"center\">30\u00a0<\/td>\n<td style=\"font-size: 15px; text-align: center;\" data-align=\"center\">20B + 5Tx<\/td>\n<\/tr>\n<tr>\n<td style=\"font-size: 15px; text-align: center;\">Medical electronics and informatics\u00a0<\/td>\n<td style=\"font-size: 15px; text-align: center;\" data-align=\"center\">30\u00a0<\/td>\n<td style=\"font-size: 15px; text-align: center;\" data-align=\"center\">20B + 5Tx<\/td>\n<\/tr>\n<tr>\n<td style=\"font-size: 15px; text-align: center;\">Quality and safety engineering in electronics and telecommunications\u00a0<\/td>\n<td style=\"font-size: 15px; text-align: center;\" data-align=\"center\">30<\/td>\n<td style=\"font-size: 15px; text-align: center;\" data-align=\"center\">20B + 5Tx<\/td>\n<\/tr>\n<tr>\n<td style=\"font-size: 15px; text-align: center;\">Information and computer systems engineering\u00a0<\/td>\n<td style=\"font-size: 15px; text-align: center;\" data-align=\"center\">30<\/td>\n<td style=\"font-size: 15px; text-align: center;\" data-align=\"center\">20B + 5Tx<\/td>\n<\/tr>\n<tr>\n<td style=\"font-size: 15px; text-align: center;\">Management of services and networks\u00a0<\/td>\n<td style=\"font-size: 15px; text-align: center;\" data-align=\"center\">30<\/td>\n<td style=\"font-size: 15px; text-align: center;\" data-align=\"center\">20B + 5Tx<\/td>\n<\/tr>\n<tr>\n<td style=\"font-size: 15px; text-align: center;\">Microelectronics and nanoelectronics\u00a0<\/td>\n<td style=\"font-size: 15px; text-align: center;\" data-align=\"center\">30<\/td>\n<td style=\"font-size: 15px; text-align: center;\" data-align=\"center\">20B + 5Tx<\/td>\n<\/tr>\n<tr>\n<td style=\"font-size: 15px; text-align: center;\">Microsystems\u00a0<\/td>\n<td style=\"font-size: 15px; text-align: center;\" data-align=\"center\">30<\/td>\n<td style=\"font-size: 15px; text-align: center;\" data-align=\"center\">15B + 5Tx<\/td>\n<\/tr>\n<tr>\n<td style=\"font-size: 15px; text-align: center;\">Optoelectronics\u00a0<\/td>\n<td style=\"font-size: 15px; text-align: center;\" data-align=\"center\">30<\/td>\n<td style=\"font-size: 15px; text-align: center;\" data-align=\"center\">15B + 5Tx<\/td>\n<\/tr>\n<tr>\n<td style=\"font-size: 15px; text-align: center;\"><span style=\"color: #475467; text-align: left;\">Security Management of Informational and Communication Equipment and Systems<\/span><\/td>\n<td style=\"font-size: 15px; text-align: center;\" data-align=\"center\">30<\/td>\n<td style=\"font-size: 15px; text-align: center;\" data-align=\"center\">20B + 5Tx<\/td>\n<\/tr>\n<tr>\n<td style=\"font-size: 15px; text-align: center;\">Advanced techniques for digital imaging\u00a0<\/td>\n<td style=\"font-size: 15px; text-align: center;\" data-align=\"center\">30<\/td>\n<td style=\"font-size: 15px; text-align: center;\" data-align=\"center\">20B + 5Tx<\/td>\n<\/tr>\n<tr>\n<td style=\"font-size: 15px; text-align: center;\">Advanced integrated technologies in car electronics\u00a0<\/td>\n<td style=\"font-size: 15px; text-align: center;\" data-align=\"center\">30<\/td>\n<td style=\"font-size: 15px; text-align: center;\" data-align=\"center\">20B + 5Tx<\/td>\n<\/tr>\n<tr>\n<td style=\"font-size: 15px; text-align: center;\">Multimedia technologies in biometrics and information security applications\u00a0<\/td>\n<td style=\"font-size: 15px; text-align: center;\" data-align=\"center\">30<\/td>\n<td style=\"font-size: 15px; text-align: center;\" data-align=\"center\">20B + 5Tx<\/td>\n<\/tr>\n<tr>\n<td style=\"font-size: 15px; text-align: center;\">Multimedia technologies for content production in audiovisual and communications\u00a0<\/td>\n<td style=\"font-size: 15px; text-align: center;\" data-align=\"center\">30<\/td>\n<td style=\"font-size: 15px; text-align: center;\" data-align=\"center\">20B + 5Tx<\/td>\n<\/tr>\n<tr>\n<td style=\"font-size: 15px; text-align: center;\">Advanced software technologies for communications\u00a0<\/td>\n<td style=\"font-size: 15px; text-align: center;\" data-align=\"center\">30<\/td>\n<td style=\"font-size: 15px; text-align: center;\" data-align=\"center\">20B + 5Tx<\/td>\n<\/tr>\n<tr>\n<td style=\"font-size: 15px; text-align: center;\">Telecomunications\u00a0<\/td>\n<td style=\"font-size: 15px; text-align: center;\" data-align=\"center\">30<\/td>\n<td style=\"font-size: 15px; text-align: center;\" data-align=\"center\">20B + 5Tx<\/td>\n<\/tr>\n<tr>\n<td style=\"font-size: 15px; text-align: center;\">Intelligent systems and machine vision\u00a0<\/td>\n<td style=\"font-size: 15px; text-align: center;\" data-align=\"center\">30<\/td>\n<td style=\"font-size: 15px; text-align: center;\" data-align=\"center\">20B + 5Tx<\/td>\n<\/tr>\n<\/tbody>\n<\/table>\n<\/figure>\n<p><!-- \/wp:table --><\/p>\n<p style=\"font-size: 15px; text-align: justify;\">In the event that there are several candidates with equal overall admission averages, the faculty may supplement the number of budget places allocated to a master's program within the total number of places per faculty or will be applied to the candidates according to the average of the undergraduate years of study.<\/p>\n<p><!-- wp:paragraph --><\/p>\n<p style=\"font-size: 15px; text-align: justify;\">The two competition rounds will take place online on the Microsoft Teams platform. Details of the content of the Master Interview tests can be found at<a style=\"color: #ff5202;\" href=\"https:\/\/etti.upb.ro\/wp-content\/uploads\/2024\/05\/Proba-1-si-2_ETTI_2024.pdf\" target=\"_blank\" rel=\"noopener\">here. <\/a><\/p>\n<p style=\"font-size: 15px; text-align: justify;\"><strong>Application fee<\/strong> is of<strong> 50 RON to register for early admission<span style=\"font-size: revert; color: initial;\">, and was set by the University Senate:<\/span><\/strong><\/p>\n<ol>\n<li style=\"list-style-type: none;\">\n<ol><!-- wp:list-item --><\/ol>\n<\/li>\n<\/ol>\n<ol>\n<li style=\"list-style-type: none;\">\n<ol>\n<li style=\"font-size: 15px; text-align: justify;\">Children of active or retired teachers and teaching assistants are exempt from the payment of application fees for higher education entrance examinations.<\/li>\n<\/ol>\n<\/li>\n<\/ol>\n<p><!-- \/wp:list-item --><\/p>\n<p><!-- wp:list-item --><\/p>\n<ol>\n<li style=\"list-style-type: none;\">\n<ol>\n<li style=\"font-size: 15px; text-align: justify;\">The provisions of para. (1.) children with one or both parents deceased, children from single-parent families and persons at risk of losing the ability to meet their daily living needs due to illness, disability, poverty.<\/li>\n<\/ol>\n<\/li>\n<\/ol>\n<p><!-- \/wp:list-item --><\/p>\n<p><!-- wp:list-item --><\/p>\n<ol>\n<li style=\"list-style-type: none;\">\n<ol>\n<li style=\"font-size: 15px; text-align: justify;\">These fees are waived only on the basis of supporting documents submitted by candidates. The approval of the exemption is made by the technical admissions committees of faculties\/departments.<\/li>\n<\/ol>\n<\/li>\n<\/ol>\n<p><!-- \/wp:list-item --><\/p>\n<p style=\"font-size: 15px; text-align: justify; padding-top: 20px;\"><strong>The application file must contain the following documents:&lt;\/strong&gt; <\/strong><\/p>\n<ol style=\"list-style-type: lower-alpha;\">\n<li style=\"list-style-type: none;\">\n<ol style=\"list-style-type: lower-alpha;\"><!-- wp:list-item --><\/ol>\n<\/li>\n<\/ol>\n<p>a) <strong style=\"color: #0693e3;\">registration form <\/strong>form, according to Annex 2 (to be generated from admitere.pub.ro), in which they will mention, under electronic or scanned signature and under their own responsibility, all the data required by the form (download from the regulation);\u00a0<\/p>\n<p><!-- \/wp:list-item --><\/p>\n<p><!-- wp:list-item --><\/p>\n<p>b) <strong style=\"color: #0693e3;\">birth certificate <\/strong>;<\/p>\n<p><!-- \/wp:list-item --><\/p>\n<p><!-- wp:list-item --><\/p>\n<p>c) <strong style=\"color: #0693e3;\">marriage certificate<\/strong>(if applicable);<\/p>\n<p><!-- \/wp:list-item --><\/p>\n<p><!-- wp:list-item --><\/p>\n<p>d) <strong style=\"color: #0693e3;\">school situation <\/strong>of undergraduate years prior to the current year in which they are in, or<strong style=\"color: #0693e3;\"> the transcript of records\/ diploma supplement<\/strong> if they graduated from an undergraduate program in a previous year;<\/p>\n<p><!-- \/wp:list-item --><\/p>\n<p><!-- wp:list-item --><\/p>\n<p>e) identity card<strong style=\"color: #0693e3;\"> identity card\/passport;<\/strong><\/p>\n<ul>\n<li><span data-teams=\"true\">Information on your home address, in the case of the Electronic Identity Card (EIC):<br \/>- by reading the CEI with the RO CEI Reader mobile app, Android or iOS version - a pdf is generated and you can upload it together with your copy of the CEI;<br \/>- by requesting an electronic certificate of attestation of the address of domicile\/residence - you can obtain it online, free of charge and electronically signed by the General Directorate for the Register of Persons, by going to <a id=\"menurap\" class=\"fui-Link ___1q1shib f2hkw1w f3rmtva f1ewtqcl fyind8e f1k6fduh f1w7gpdv fk6fouc fjoy568 figsok6 f1s184ao f1mk8lai fnbmjn9 f1o700av f13mvf36 f1cmlufx f9n3di6 f1ids18y f1tx3yz7 f1deo86v f1eh06m1 f1iescvh fhgqx19 f1olyrje f1p93eir f1nev41a f1h8hb77 f1lqvz6u f10aw75t fsle3fq f17ae5zn\" title=\"https:\/\/carteadeidentitate.gov.ro\/utile\/\" href=\"https:\/\/carteadeidentitate.gov.ro\/utile\/\" target=\"_blank\" rel=\"noreferrer noopener\" aria-label=\"Link https:\/\/carteadeidentitate.gov.ro\/utile\/\">https:\/\/carteadeidentitate.gov.ro\/utile\/<\/a>.<\/span><\/li>\n<\/ul>\n<p><!-- \/wp:list-item --><\/p>\n<p><!-- wp:list-item --><\/p>\n<p>(f) proof<strong style=\"color: #0693e3;\"> payment of the early admission application fee; <\/strong><\/p>\n<p><!-- \/wp:list-item --><\/p>\n<p><!-- wp:list-item --><\/p>\n<p>g)<strong style=\"color: #0693e3;\"> an affidavit (included in Annex 2) stating that the candidate has not previously been awarded a budgeted place on a Master's degree course if applying for a tuition-free place. <\/strong><\/p>\n<p><!-- \/wp:list-item --><\/p>\n<p style=\"font-size: 15px; text-align: justify; padding-top: 15px;\">By exception, candidates who are students in a final year of undergraduate studies at POLITEHNICA Bucharest in the academic year 2025-2026 do not need to submit the document specified in point (d).<\/p>\n<p style=\"font-size: 15px; text-align: justify; padding-top: 25px;\"><strong>Certification of language skills <\/strong>is done in one of the following ways:<\/p>\n<ul>\n<li style=\"list-style-type: none;\">\n<ul><!-- wp:list-item --><\/ul>\n<\/li>\n<\/ul>\n<ul>\n<li style=\"list-style-type: none;\">\n<ul>\n<li style=\"font-size: 15px; text-align: justify;\">The candidate has a certificate of language proficiency in the language of instruction (minimum B2); the certificate is uploaded to the online application platform;<\/li>\n<\/ul>\n<\/li>\n<\/ul>\n<p><!-- \/wp:list-item --><\/p>\n<p><!-- wp:list-item --><\/p>\n<ul>\n<li style=\"list-style-type: none;\">\n<ul>\n<li style=\"font-size: 15px; text-align: justify;\">The candidate must have a Bachelor's or Master's degree in the language concerned;<\/li>\n<\/ul>\n<\/li>\n<\/ul>\n<p><!-- \/wp:list-item --><\/p>\n<p><!-- wp:list-item --><\/p>\n<ul>\n<li style=\"list-style-type: none;\">\n<ul>\n<li style=\"font-size: 15px; text-align: justify;\">The candidate has a foreign language subject for the respective language of instruction promoted in the first year of undergraduate studies with an average of at least 8,00;<\/li>\n<\/ul>\n<\/li>\n<\/ul>\n<p><!-- \/wp:list-item --><\/p>\n<p><!-- wp:list-item --><\/p>\n<ul>\n<li style=\"list-style-type: none;\">\n<ul>\n<li style=\"font-size: 15px; text-align: justify;\">The candidate takes the online test in POLITEHNICA Bucharest of language skills for the respective language of instruction (if he\/she does not fall into one of the 3 previous conditions) and obtains the qualification PROMOTED;<\/li>\n<\/ul>\n<\/li>\n<\/ul>\n<p><!-- \/wp:list-item --><\/p>\n<p><!-- wp:list-item --><\/p>\n<ul>\n<li style=\"list-style-type: none;\">\n<ul>\n<li style=\"font-size: 15px; text-align: justify;\">The candidate takes the foreign language test during the interview with the examination board.<\/li>\n<\/ul>\n<\/li>\n<\/ul>\n<p><!-- \/wp:list-item --><\/p>\t\t\t\t\t\t\t\t<\/div>\n\t\t\t\t<\/div>\n\t\t\t\t\t<\/div>\n\t\t\t\t<\/div>\n\t\t\t\t<\/div>","protected":false},"excerpt":{"rendered":"<p>Calendar concurs: Sesiunea Admitere anticipat\u0103 2026\u00a0 \u00censcrierea candida\u021bilor\u202f 15.01 \u2013 08.05.2026* Un candidat se poate \u00eenscrie pe locurile de buget la o singur\u0103 facultate. Concurs de admitere 11.05 \u2013 14.05.2026 \u00a0 Comunicarea rezultatelor 15.05.2026 \u00a0 \u00cenmatricularea candida\u021bilor (la secretariatul facult\u0103\u0163ii)** 15.05 \u2013 20.05.2026 \u00eentre orele 9-15 \u00a0 02.07 \u2013 07.07.2026 \u00eentre orele 9-15 *\u00cen ultima zi de \u00eenscriere a fiec\u0103rei [&hellip;]<\/p>\n","protected":false},"author":1,"featured_media":0,"parent":3225,"menu_order":0,"comment_status":"closed","ping_status":"closed","template":"","meta":{"_acf_changed":false,"_coblocks_attr":"","_coblocks_dimensions":"","_coblocks_responsive_height":"","_coblocks_accordion_ie_support":"","_eb_attr":"","_uag_custom_page_level_css":"","footnotes":""},"class_list":["post-4762","page","type-page","status-publish","hentry"],"acf":[],"featured_image_src":null,"uagb_featured_image_src":{"full":false,"thumbnail":false,"medium":false,"medium_large":false,"large":false,"elegant_blocks_team_1":false,"elegant_blocks_blog_1":false,"elegant_blocks_slider_1":false,"1536x1536":false,"2048x2048":false,"trp-custom-language-flag":false,"bizberg_medium":false,"bizberg_gallery":false,"bizberg_blog_list":false,"bizberg_detail_image":false,"bizberg_portfolio_homepage":false,"bizberg_blog_list_no_sidebar_1":false,"bizberg_detail_image_no_sidebar":false},"uagb_author_info":{"display_name":"Radu Hobincu","author_link":"https:\/\/etti.upb.ro\/en\/author\/radu-hobincu\/"},"uagb_comment_info":0,"uagb_excerpt":"Calendar concurs: Sesiunea Admitere anticipat\u0103 2026\u00a0 \u00censcrierea candida\u021bilor\u202f 15.01 \u2013 08.05.2026* Un candidat se poate \u00eenscrie pe locurile de buget la o singur\u0103 facultate. Concurs de admitere 11.05 \u2013 14.05.2026 \u00a0 Comunicarea rezultatelor 15.05.2026 \u00a0 \u00cenmatricularea candida\u021bilor (la secretariatul facult\u0103\u0163ii)** 15.05 \u2013 20.05.2026 \u00eentre orele 9-15 \u00a0 02.07 \u2013 07.07.2026 \u00eentre orele 9-15 *\u00cen ultima&hellip;","_links":{"self":[{"href":"https:\/\/etti.upb.ro\/en\/wp-json\/wp\/v2\/pages\/4762","targetHints":{"allow":["GET"]}}],"collection":[{"href":"https:\/\/etti.upb.ro\/en\/wp-json\/wp\/v2\/pages"}],"about":[{"href":"https:\/\/etti.upb.ro\/en\/wp-json\/wp\/v2\/types\/page"}],"author":[{"embeddable":true,"href":"https:\/\/etti.upb.ro\/en\/wp-json\/wp\/v2\/users\/1"}],"replies":[{"embeddable":true,"href":"https:\/\/etti.upb.ro\/en\/wp-json\/wp\/v2\/comments?post=4762"}],"version-history":[{"count":89,"href":"https:\/\/etti.upb.ro\/en\/wp-json\/wp\/v2\/pages\/4762\/revisions"}],"predecessor-version":[{"id":10473,"href":"https:\/\/etti.upb.ro\/en\/wp-json\/wp\/v2\/pages\/4762\/revisions\/10473"}],"up":[{"embeddable":true,"href":"https:\/\/etti.upb.ro\/en\/wp-json\/wp\/v2\/pages\/3225"}],"wp:attachment":[{"href":"https:\/\/etti.upb.ro\/en\/wp-json\/wp\/v2\/media?parent=4762"}],"curies":[{"name":"wp","href":"https:\/\/api.w.org\/{rel}","templated":true}]}}