{"id":4779,"date":"2024-04-11T15:56:26","date_gmt":"2024-04-11T12:56:26","guid":{"rendered":"https:\/\/etti.upb.ro\/?page_id=4779"},"modified":"2026-03-11T21:02:09","modified_gmt":"2026-03-11T19:02:09","slug":"sesiunea-iii-master-septembrie","status":"publish","type":"page","link":"https:\/\/etti.upb.ro\/en\/admitere-masterat-ciorna-veche__trashed\/sesiunea-iii-master-septembrie\/","title":{"rendered":"Session III Master - September"},"content":{"rendered":"<p><b>Competition Calendar: Admission Session 2026<\/b><\/p>\n\n\n<figure class=\"wp-block-table is-style-stripes\" style=\"display: flex; justify-content: center; align-items: center;\">\n<table>\n<tbody>\n<tr>\n<td>Registration of candidates *<\/td>\n<td><strong>01.09 - 15.09.2026<\/strong>**<\/td>\n<td>\n<p>* A candidate can apply for budget places at only one faculty<\/p>\n<p>**On the last registration day of each period, registration can only be done until 16:00.<\/p>\n<\/td>\n<\/tr>\n<tr>\n<td>Admission competition<\/td>\n<td><strong>16.09 - 17.09.2026<\/strong><\/td>\n<td>\u00a0<\/td>\n<\/tr>\n<tr>\n<td>Communication of results<\/td>\n<td><strong>17.09.2026<\/strong><\/td>\n<td>\u00a0<\/td>\n<\/tr>\n<tr>\n<td>Registration of candidates (at the faculty secretariat)<\/td>\n<td><strong>17.09 - 18.09.2026<\/strong><\/td>\n<td>between 9-15<\/td>\n<\/tr>\n<\/tbody>\n<\/table>\n<\/figure>\n<div data-olk-copy-source=\"MessageBody\">\u00a0<\/div>\n<p style=\"text-align: center;\"><strong>List of master's programs with places open for early admission<\/strong><\/p>\n<figure class=\"wp-block-table is-style-stripes\">\n<table>\n<tbody>\n<tr>\n<td><strong>Name of study programme<\/strong>\u00a0\u00a0<\/td>\n<td class=\"has-text-align-center\" width=\"20%\" data-align=\"center\"><strong>Number of places offered in Session III - September admission<\/strong><\/td>\n<\/tr>\n<tr>\n<td>Advanced Computing in Embedded Systems<\/td>\n<td class=\"has-text-align-center\" style=\"text-align: center;\" data-align=\"center\">\u00a0<\/td>\n<\/tr>\n<tr>\n<td>Advanced Microelectronics\u00a0<\/td>\n<td class=\"has-text-align-center\" data-align=\"center\">\u00a0<\/td>\n<\/tr>\n<tr>\n<td>Advanced Wireless Communications\u00a0<\/td>\n<td class=\"has-text-align-center\" data-align=\"center\">\u00a0<\/td>\n<\/tr>\n<tr>\n<td>Mobile communications\u00a0<\/td>\n<td class=\"has-text-align-center\" data-align=\"center\">\u00a0<\/td>\n<\/tr>\n<tr>\n<td>Electric Vehicle Propulsion and Control\u00a0<\/td>\n<td class=\"has-text-align-center\" data-align=\"center\">\u00a0<\/td>\n<\/tr>\n<tr>\n<td>Electronics and applied computer science\u00a0<\/td>\n<td class=\"has-text-align-center\" data-align=\"center\">\u00a0<\/td>\n<\/tr>\n<tr>\n<td>Medical electronics and informatics\u00a0<\/td>\n<td class=\"has-text-align-center\" data-align=\"center\">\u00a0<\/td>\n<\/tr>\n<tr>\n<td>Quality and safety engineering in electronics and telecommunications\u00a0<\/td>\n<td class=\"has-text-align-center\" data-align=\"center\">\u00a0<\/td>\n<\/tr>\n<tr>\n<td>Information and computer systems engineering\u00a0<\/td>\n<td class=\"has-text-align-center\" data-align=\"center\">\u00a0<\/td>\n<\/tr>\n<tr>\n<td>Management of services and networks\u00a0<\/td>\n<td class=\"has-text-align-center\" data-align=\"center\">\u00a0<\/td>\n<\/tr>\n<tr>\n<td>Microelectronics and nanoelectronics\u00a0<\/td>\n<td class=\"has-text-align-center\" data-align=\"center\">\u00a0<\/td>\n<\/tr>\n<tr>\n<td>Microsystems\u00a0<\/td>\n<td class=\"has-text-align-center\" data-align=\"center\">\u00a0<\/td>\n<\/tr>\n<tr>\n<td>Optoelectronics\u00a0<\/td>\n<td class=\"has-text-align-center\" data-align=\"center\">\u00a0<\/td>\n<\/tr>\n<tr>\n<td>Security Management of Informational and Communication Equipment and Systems<\/td>\n<td class=\"has-text-align-center\" data-align=\"center\">\u00a0<\/td>\n<\/tr>\n<tr>\n<td>Advanced techniques for digital imaging\u00a0<\/td>\n<td class=\"has-text-align-center\" data-align=\"center\">\u00a0<\/td>\n<\/tr>\n<tr>\n<td>Advanced integrated technologies in car electronics\u00a0<\/td>\n<td class=\"has-text-align-center\" data-align=\"center\">\u00a0<\/td>\n<\/tr>\n<tr>\n<td>Multimedia technologies in biometrics and information security applications\u00a0<\/td>\n<td class=\"has-text-align-center\" data-align=\"center\">\u00a0<\/td>\n<\/tr>\n<tr>\n<td>Multimedia technologies for audiovisual content production and<br \/>communications\u00a0<\/td>\n<td class=\"has-text-align-center\" data-align=\"center\">\u00a0<\/td>\n<\/tr>\n<tr>\n<td>Advanced software technologies for communications\u00a0<\/td>\n<td class=\"has-text-align-center\" data-align=\"center\">\u00a0<\/td>\n<\/tr>\n<tr>\n<td>Telecomunications\u00a0<\/td>\n<td class=\"has-text-align-center\" data-align=\"center\">\u00a0<\/td>\n<\/tr>\n<tr>\n<td>Intelligent systems and machine vision\u00a0<\/td>\n<td class=\"has-text-align-center\" data-align=\"center\">\u00a0<\/td>\n<\/tr>\n<\/tbody>\n<\/table>\n<\/figure>\n<p style=\"text-align: justify;\">In the event that there are several candidates with equal overall admission averages, the faculty may supplement the number of budget places allocated to a master's program within the total number of places per faculty or will be applied to the candidates according to the average of the undergraduate years of study.\u00a0<\/p>\n<p style=\"text-align: justify;\">The two competition rounds will take place online on the Microsoft Teams platform. Details of the content of the Master Interview tests can be found at <a href=\"https:\/\/etti.upb.ro\/wp-content\/uploads\/2024\/05\/Proba-1-si-2_ETTI_2024.pdf\" target=\"_blank\" rel=\"noopener\"><strong>here<\/strong><\/a>.<\/p>\n<p style=\"text-align: justify;\"><strong>Application fee<\/strong> is of <b>100 RON <\/b>and was established by the University Senate:<\/p>\n<ol>\n<li style=\"text-align: justify; font-size: 15px;\">Children of active or retired teachers and teaching assistants are exempt from the payment of application fees for higher education entrance examinations.<\/li>\n<li style=\"text-align: justify; font-size: 15px;\">The provisions of para. (1.) children with one or both parents deceased, children from single-parent families and persons at risk of losing the ability to meet their daily living needs due to illness, disability, poverty.<\/li>\n<li style=\"text-align: justify; font-size: 15px;\">These fees are waived only on the basis of supporting documents submitted by candidates. The approval of the exemption is made by the technical admissions committees of faculties\/departments.<\/li>\n<\/ol>\n\n\n<p><\/p>\n\n\n\n<p><\/p>\n\n\n\n<p><\/p>\n\n\n\n<p><strong>Certification of language skills<\/strong> is done in one of the following ways:<\/p>\n\n\n\n<ul class=\"wp-block-list\">\n<li>The candidate has a language proficiency certificate for\n    language of instruction (minimum B2); the certificate is uploaded in the online application platform;\n    <\/li>\n\n\n\n<li>The candidate is a graduate of an undergraduate degree program\n    or master's degree in the language of instruction;    \n    <\/li>\n\n\n\n<li>The candidate has a foreign language discipline for\n    that language of instruction passed in the first year of undergraduate studies with an average of at least 8,00;\n    <\/li>\n\n\n\n<li>The candidate takes the online test in POLITEHNICA Bucharest of\n    language proficiency test for the language of instruction (if he\/she does not fall into one of the 3\n    previous conditions) and obtains the grade PROMOTED;\n    <\/li>\n\n\n\n<li>The candidate takes the foreign language test as part of the\n    interview with the examination board.\n    <\/li>\n<\/ul>\n\n\n\n<p><\/p>\n\n\n\n<p><\/p>\n\n\n\n<p><strong>Application file<\/strong> must contain the following documents:<\/p>\n\n\n\n<ol style=\"list-style-type:lower-alpha\" class=\"wp-block-list\">\n<li><strong style=\"color: #0693e3;\">standard application form<\/strong>, according to Annex 1 (to be generated from admitere.pub.ro), in which they will mention, under electronic or scanned signature and under their own responsibility, all the data required by the form;<\/li>\n\n\n\n<li>\n      <strong style=\"color: #0693e3;\">baccalaureate diploma<\/strong>;\n    <\/li>\n\n\n\n<li><strong style=\"color: #0693e3;\">bachelor's\/engineer's degree<\/strong> or its equivalent; candidates who have passed the bachelor's degree examination in the June-July session or in the August-September session 2026 may submit their bachelor's degree diploma instead of their license diploma for the immediately following sessions, <strong style=\"color:       #0693e3;\">graduation certificate<\/strong> issued by the faculty, stating both the overall average of the diploma\/license exam and the overall average obtained in each year of study;<\/li>\n\n\n\n<li>\n      <strong style=\"color: #0693e3;\">transcript of records\/degree supplement<\/strong>, only if submitting\n      bachelor's degree;\n    <\/li>\n\n\n\n<li>\n      <strong style=\"color: #0693e3;\">birth certificate<\/strong>;\n    <\/li>\n\n\n\n<li>\n      <strong style=\"color: #0693e3;\">marriage certificate<\/strong> (if applicable);\n    <\/li>\n\n\n\n<li><strong style=\"color: #0693e3;\">identity card\/passport<\/strong>;<\/li>\n\n\n\n<li>\n      <strong style=\"color: #0693e3;\">proof of payment of the fee<\/strong> admission fee (payment is made in\n      admissions platform in the Enrolment Options section, after selecting the Master's degree you want);\n    <\/li>\n\n\n\n<li>\n      an affidavit (included in Annex 1) declaring that the applicant has never received\n      previously been awarded a budgeted place on a Master's degree course if he\/she is applying for a free place;\n    <\/li>\n<\/ol>\n\n\n<p style=\"text-align: justify;\">By exception, candidates who have passed the bachelor's degree exam in POLITEHNICA Bucharest in the sessions corresponding to the academic year 2025-2026 do not need to submit the documents specified in points (b)-(d)<\/p>\n\n\n<p><\/p>","protected":false},"excerpt":{"rendered":"<p>Calendar concurs: Sesiunea Admitere 2026 \u00censcrierea candida\u021bilor\u202f* 01.09 \u2013 15.09.2026** *Un candidat se poate \u00eenscrie pe locurile de buget la o singur\u0103 facultate **\u00cen ultima zi de \u00eenscriere a fiec\u0103rei perioade, \u00eenscrierea se poate face numai p\u00e2n\u0103 la ora 16:00. Concurs de admitere 16.09 \u2013 17.09.2026 \u00a0 Comunicarea rezultatelor 17.09.2026 \u00a0 \u00cenmatricularea candida\u021bilor (la secretariatul facult\u0103\u0163ii) 17.09 \u2013 18.09.2026 \u00eentre [&hellip;]<\/p>\n","protected":false},"author":1,"featured_media":0,"parent":3225,"menu_order":0,"comment_status":"closed","ping_status":"closed","template":"","meta":{"_acf_changed":false,"_coblocks_attr":"","_coblocks_dimensions":"","_coblocks_responsive_height":"","_coblocks_accordion_ie_support":"","_eb_attr":"","_uag_custom_page_level_css":"","footnotes":""},"class_list":["post-4779","page","type-page","status-publish","hentry"],"acf":[],"featured_image_src":null,"uagb_featured_image_src":{"full":false,"thumbnail":false,"medium":false,"medium_large":false,"large":false,"elegant_blocks_team_1":false,"elegant_blocks_blog_1":false,"elegant_blocks_slider_1":false,"1536x1536":false,"2048x2048":false,"trp-custom-language-flag":false,"bizberg_medium":false,"bizberg_gallery":false,"bizberg_blog_list":false,"bizberg_detail_image":false,"bizberg_portfolio_homepage":false,"bizberg_blog_list_no_sidebar_1":false,"bizberg_detail_image_no_sidebar":false},"uagb_author_info":{"display_name":"Radu Hobincu","author_link":"https:\/\/etti.upb.ro\/en\/author\/radu-hobincu\/"},"uagb_comment_info":0,"uagb_excerpt":"Calendar concurs: Sesiunea Admitere 2026 \u00censcrierea candida\u021bilor\u202f* 01.09 \u2013 15.09.2026** *Un candidat se poate \u00eenscrie pe locurile de buget la o singur\u0103 facultate **\u00cen ultima zi de \u00eenscriere a fiec\u0103rei perioade, \u00eenscrierea se poate face numai p\u00e2n\u0103 la ora 16:00. Concurs de admitere 16.09 \u2013 17.09.2026 \u00a0 Comunicarea rezultatelor 17.09.2026 \u00a0 \u00cenmatricularea candida\u021bilor (la secretariatul&hellip;","_links":{"self":[{"href":"https:\/\/etti.upb.ro\/en\/wp-json\/wp\/v2\/pages\/4779","targetHints":{"allow":["GET"]}}],"collection":[{"href":"https:\/\/etti.upb.ro\/en\/wp-json\/wp\/v2\/pages"}],"about":[{"href":"https:\/\/etti.upb.ro\/en\/wp-json\/wp\/v2\/types\/page"}],"author":[{"embeddable":true,"href":"https:\/\/etti.upb.ro\/en\/wp-json\/wp\/v2\/users\/1"}],"replies":[{"embeddable":true,"href":"https:\/\/etti.upb.ro\/en\/wp-json\/wp\/v2\/comments?post=4779"}],"version-history":[{"count":39,"href":"https:\/\/etti.upb.ro\/en\/wp-json\/wp\/v2\/pages\/4779\/revisions"}],"predecessor-version":[{"id":10188,"href":"https:\/\/etti.upb.ro\/en\/wp-json\/wp\/v2\/pages\/4779\/revisions\/10188"}],"up":[{"embeddable":true,"href":"https:\/\/etti.upb.ro\/en\/wp-json\/wp\/v2\/pages\/3225"}],"wp:attachment":[{"href":"https:\/\/etti.upb.ro\/en\/wp-json\/wp\/v2\/media?parent=4779"}],"curies":[{"name":"wp","href":"https:\/\/api.w.org\/{rel}","templated":true}]}}