{"id":5168,"date":"2024-06-10T18:51:37","date_gmt":"2024-06-10T15:51:37","guid":{"rendered":"https:\/\/etti.upb.ro\/?page_id=5168"},"modified":"2025-02-11T11:49:37","modified_gmt":"2025-02-11T09:49:37","slug":"activitati-extracurriculare","status":"publish","type":"page","link":"https:\/\/etti.upb.ro\/en\/activitati-extracurriculare\/","title":{"rendered":"Summer\/winter schools"},"content":{"rendered":"<div data-elementor-type=\"wp-page\" data-elementor-id=\"5168\" class=\"elementor elementor-5168\">\n\t\t\t\t<div class=\"elementor-element elementor-element-257753d4 e-flex e-con-boxed e-con e-parent\" data-id=\"257753d4\" data-element_type=\"container\" data-e-type=\"container\">\n\t\t\t\t\t<div class=\"e-con-inner\">\n\t\t\t\t<div class=\"elementor-element elementor-element-fe63b5a elementor-widget elementor-widget-text-editor\" data-id=\"fe63b5a\" data-element_type=\"widget\" data-e-type=\"widget\" data-widget_type=\"text-editor.default\">\n\t\t\t\t<div class=\"elementor-widget-container\">\n\t\t\t\t\t\t\t\t\t<p style=\"text-align: justify; font-size: 15px; padding-top: 15px;\">The Faculty of Electronics, Telecommunications and Information Technology organises with its partners summer schools with various engineering themes, schools that aim to increase students' skills.\u00a0<\/p>\n<p style=\"text-align: justify; font-size: 15px;\">We will post news on this page all information related to Summer\/Winter\/Fall\/Spring Schools.<\/p>\n<p><!-- \/wp:paragraph --><\/p>\n<p><!-- wp:paragraph --><\/p>\n<p><!-- \/wp:paragraph --><\/p>\t\t\t\t\t\t\t\t<\/div>\n\t\t\t\t<\/div>\n\t\t\t\t\t<\/div>\n\t\t\t\t<\/div>\n\t\t<div class=\"elementor-element elementor-element-fb055cf e-flex e-con-boxed e-con e-parent\" data-id=\"fb055cf\" data-element_type=\"container\" data-e-type=\"container\">\n\t\t\t\t\t<div class=\"e-con-inner\">\n\t\t\t\t\t<\/div>\n\t\t\t\t<\/div>\n\t\t\t\t<\/div>","protected":false},"excerpt":{"rendered":"<p>Facultatea de Electronic\u0103, Telecomunica\u021bii \u0219i Tehnologia Informa\u021biei oragnizeaz\u0103 \u00eempreun\u0103 cu partenerii s\u0103i \u0219coli de var\u0103 cu diverse tematici inginere\u0219ti, \u0219coli care au rolul de a cre\u0219te abilit\u0103\u021bile studen\u021bilor.\u00a0 Vom afi\u0219a nout\u0103\u021bile pe acest\u0103 pagin\u0103 toate informa\u021biile legate de \u0218colile de Var\u0103\/ Iarn\u0103\/Toamn\u0103\/Prim\u0103var\u0103. Google Romania AI &amp; Tech Summer Schools Google v\u0103 invit\u0103 s\u0103 participa\u021bi la patru \u0219coli de var\u0103&#8230;Read More [&hellip;]<\/p>\n","protected":false},"author":5,"featured_media":0,"parent":0,"menu_order":0,"comment_status":"closed","ping_status":"closed","template":"","meta":{"_acf_changed":false,"_coblocks_attr":"","_coblocks_dimensions":"","_coblocks_responsive_height":"","_coblocks_accordion_ie_support":"","_eb_attr":"","_uag_custom_page_level_css":"","footnotes":""},"class_list":["post-5168","page","type-page","status-publish","hentry"],"acf":[],"featured_image_src":null,"uagb_featured_image_src":{"full":false,"thumbnail":false,"medium":false,"medium_large":false,"large":false,"elegant_blocks_team_1":false,"elegant_blocks_blog_1":false,"elegant_blocks_slider_1":false,"1536x1536":false,"2048x2048":false,"trp-custom-language-flag":false,"bizberg_medium":false,"bizberg_gallery":false,"bizberg_blog_list":false,"bizberg_detail_image":false,"bizberg_portfolio_homepage":false,"bizberg_blog_list_no_sidebar_1":false,"bizberg_detail_image_no_sidebar":false},"uagb_author_info":{"display_name":"Cr\u0103ciunescu R\u0103zvan-Eusebiu","author_link":"https:\/\/etti.upb.ro\/en\/author\/razvan-craciunescu\/"},"uagb_comment_info":0,"uagb_excerpt":"Facultatea de Electronic\u0103, Telecomunica\u021bii \u0219i Tehnologia Informa\u021biei oragnizeaz\u0103 \u00eempreun\u0103 cu partenerii s\u0103i \u0219coli de var\u0103 cu diverse tematici inginere\u0219ti, \u0219coli care au rolul de a cre\u0219te abilit\u0103\u021bile studen\u021bilor.\u00a0 Vom afi\u0219a nout\u0103\u021bile pe acest\u0103 pagin\u0103 toate informa\u021biile legate de \u0218colile de Var\u0103\/ Iarn\u0103\/Toamn\u0103\/Prim\u0103var\u0103. Google Romania AI &amp; Tech Summer Schools Google v\u0103 invit\u0103 s\u0103 participa\u021bi la&hellip;","_links":{"self":[{"href":"https:\/\/etti.upb.ro\/en\/wp-json\/wp\/v2\/pages\/5168","targetHints":{"allow":["GET"]}}],"collection":[{"href":"https:\/\/etti.upb.ro\/en\/wp-json\/wp\/v2\/pages"}],"about":[{"href":"https:\/\/etti.upb.ro\/en\/wp-json\/wp\/v2\/types\/page"}],"author":[{"embeddable":true,"href":"https:\/\/etti.upb.ro\/en\/wp-json\/wp\/v2\/users\/5"}],"replies":[{"embeddable":true,"href":"https:\/\/etti.upb.ro\/en\/wp-json\/wp\/v2\/comments?post=5168"}],"version-history":[{"count":20,"href":"https:\/\/etti.upb.ro\/en\/wp-json\/wp\/v2\/pages\/5168\/revisions"}],"predecessor-version":[{"id":7886,"href":"https:\/\/etti.upb.ro\/en\/wp-json\/wp\/v2\/pages\/5168\/revisions\/7886"}],"wp:attachment":[{"href":"https:\/\/etti.upb.ro\/en\/wp-json\/wp\/v2\/media?parent=5168"}],"curies":[{"name":"wp","href":"https:\/\/api.w.org\/{rel}","templated":true}]}}