{"id":5192,"date":"2024-06-10T19:28:06","date_gmt":"2024-06-10T16:28:06","guid":{"rendered":"https:\/\/etti.upb.ro\/?page_id=5192"},"modified":"2025-02-11T11:48:18","modified_gmt":"2025-02-11T09:48:18","slug":"concursuri-si-hackathoane","status":"publish","type":"page","link":"https:\/\/etti.upb.ro\/en\/concursuri-si-hackathoane\/","title":{"rendered":"Competitions and Hackathons"},"content":{"rendered":"<div data-elementor-type=\"wp-page\" data-elementor-id=\"5192\" class=\"elementor elementor-5192\">\n\t\t\t\t<div class=\"elementor-element elementor-element-54b1deeb e-flex e-con-boxed e-con e-parent\" data-id=\"54b1deeb\" data-element_type=\"container\" data-e-type=\"container\">\n\t\t\t\t\t<div class=\"e-con-inner\">\n\t\t\t\t<div class=\"elementor-element elementor-element-190930e4 elementor-widget elementor-widget-text-editor\" data-id=\"190930e4\" data-element_type=\"widget\" data-e-type=\"widget\" data-widget_type=\"text-editor.default\">\n\t\t\t\t<div class=\"elementor-widget-container\">\n\t\t\t\t\t\t\t\t\t\n<p style=\"font-size: 15px; text-align: justify;\">The Faculty of Electronics, Telecommunications and Information Technology organizes professional competitions for students passionate about Signals and Electronic Systems and Circuits.<\/p>\n\n\n\n<p style=\"font-size: 15px; text-align: justify;\">ETTI is also a partner in a series of hackathons, where it gives students the chance to demonstrate their skills in competitions that last either a weekend or 24 hours.<\/p>\n\t\t\t\t\t\t\t\t<\/div>\n\t\t\t\t<\/div>\n\t\t\t\t\t<\/div>\n\t\t\t\t<\/div>\n\t\t<div class=\"elementor-element elementor-element-118be20 e-flex e-con-boxed e-con e-parent\" data-id=\"118be20\" data-element_type=\"container\" data-e-type=\"container\">\n\t\t\t\t\t<div class=\"e-con-inner\">\n\t\t\t\t\t<\/div>\n\t\t\t\t<\/div>\n\t\t\t\t<\/div>","protected":false},"excerpt":{"rendered":"<p>Facultatea de Electronic\u0103, Telecomunica\u021bii \u0219i Tehnologia Informa\u021biei organizeaz\u0103 concursuri profesionale pentru studen\u021bii pasiona\u021bi de Semnale \u0219i Sisteme si Circuite Electronice. De asemenea, ETTI este partener\u0103 \u00eentr-o serie de hackathoane, unde le ofer\u0103 studen\u021bilor \u0219ansa s\u0103 \u00ee\u0219i demonstreze aptitudinile \u00een concursuri care dureaz\u0103 fie un weekend, fie 24 de ore. Hackathon 25-26 octombrie 2024, criprografie , AI , electronica Hackathon de [&hellip;]<\/p>\n","protected":false},"author":5,"featured_media":0,"parent":0,"menu_order":0,"comment_status":"closed","ping_status":"closed","template":"","meta":{"_acf_changed":false,"_coblocks_attr":"","_coblocks_dimensions":"","_coblocks_responsive_height":"","_coblocks_accordion_ie_support":"","_eb_attr":"","_uag_custom_page_level_css":"","footnotes":""},"class_list":["post-5192","page","type-page","status-publish","hentry"],"acf":[],"featured_image_src":null,"uagb_featured_image_src":{"full":false,"thumbnail":false,"medium":false,"medium_large":false,"large":false,"elegant_blocks_team_1":false,"elegant_blocks_blog_1":false,"elegant_blocks_slider_1":false,"1536x1536":false,"2048x2048":false,"trp-custom-language-flag":false,"bizberg_medium":false,"bizberg_gallery":false,"bizberg_blog_list":false,"bizberg_detail_image":false,"bizberg_portfolio_homepage":false,"bizberg_blog_list_no_sidebar_1":false,"bizberg_detail_image_no_sidebar":false},"uagb_author_info":{"display_name":"Cr\u0103ciunescu R\u0103zvan-Eusebiu","author_link":"https:\/\/etti.upb.ro\/en\/author\/razvan-craciunescu\/"},"uagb_comment_info":0,"uagb_excerpt":"Facultatea de Electronic\u0103, Telecomunica\u021bii \u0219i Tehnologia Informa\u021biei organizeaz\u0103 concursuri profesionale pentru studen\u021bii pasiona\u021bi de Semnale \u0219i Sisteme si Circuite Electronice. De asemenea, ETTI este partener\u0103 \u00eentr-o serie de hackathoane, unde le ofer\u0103 studen\u021bilor \u0219ansa s\u0103 \u00ee\u0219i demonstreze aptitudinile \u00een concursuri care dureaz\u0103 fie un weekend, fie 24 de ore. Hackathon 25-26 octombrie 2024, criprografie ,&hellip;","_links":{"self":[{"href":"https:\/\/etti.upb.ro\/en\/wp-json\/wp\/v2\/pages\/5192","targetHints":{"allow":["GET"]}}],"collection":[{"href":"https:\/\/etti.upb.ro\/en\/wp-json\/wp\/v2\/pages"}],"about":[{"href":"https:\/\/etti.upb.ro\/en\/wp-json\/wp\/v2\/types\/page"}],"author":[{"embeddable":true,"href":"https:\/\/etti.upb.ro\/en\/wp-json\/wp\/v2\/users\/5"}],"replies":[{"embeddable":true,"href":"https:\/\/etti.upb.ro\/en\/wp-json\/wp\/v2\/comments?post=5192"}],"version-history":[{"count":16,"href":"https:\/\/etti.upb.ro\/en\/wp-json\/wp\/v2\/pages\/5192\/revisions"}],"predecessor-version":[{"id":7883,"href":"https:\/\/etti.upb.ro\/en\/wp-json\/wp\/v2\/pages\/5192\/revisions\/7883"}],"wp:attachment":[{"href":"https:\/\/etti.upb.ro\/en\/wp-json\/wp\/v2\/media?parent=5192"}],"curies":[{"name":"wp","href":"https:\/\/api.w.org\/{rel}","templated":true}]}}