{"id":5203,"date":"2024-06-10T19:34:09","date_gmt":"2024-06-10T16:34:09","guid":{"rendered":"https:\/\/etti.upb.ro\/?p=5203"},"modified":"2025-02-11T11:52:02","modified_gmt":"2025-02-11T09:52:02","slug":"cursuri-workshopuri-companii","status":"publish","type":"page","link":"https:\/\/etti.upb.ro\/en\/cursuri-workshopuri-companii\/","title":{"rendered":"Courses \/ Workshops Companies"},"content":{"rendered":"<div data-elementor-type=\"wp-post\" data-elementor-id=\"5203\" class=\"elementor elementor-5203\">\n\t\t\t\t<div class=\"elementor-element elementor-element-7cd5a8f5 e-flex e-con-boxed e-con e-parent\" data-id=\"7cd5a8f5\" data-element_type=\"container\" data-e-type=\"container\">\n\t\t\t\t\t<div class=\"e-con-inner\">\n\t\t\t\t<div class=\"elementor-element elementor-element-6c284dce elementor-widget elementor-widget-text-editor\" data-id=\"6c284dce\" data-element_type=\"widget\" data-e-type=\"widget\" data-widget_type=\"text-editor.default\">\n\t\t\t\t<div class=\"elementor-widget-container\">\n\t\t\t\t\t\t\t\t\t\n<p style=\"text-align: justify; font-size: 15px;\">On this page you will find the courses offered by the companies in collaboration with the Faculty of Electronics, Telecommunications and Information Technology.<\/p>\n\t\t\t\t\t\t\t\t<\/div>\n\t\t\t\t<\/div>\n\t\t\t\t\t<\/div>\n\t\t\t\t<\/div>\n\t\t<div class=\"elementor-element elementor-element-fd28572 e-flex e-con-boxed e-con e-parent\" data-id=\"fd28572\" data-element_type=\"container\" data-e-type=\"container\">\n\t\t\t\t\t<div class=\"e-con-inner\">\n\t\t\t\t\t<\/div>\n\t\t\t\t<\/div>\n\t\t\t\t<\/div>","protected":false},"excerpt":{"rendered":"<p>Pe aceast\u0103 pagin\u0103 vor fi afi\u0219ate cursurile realizate de c\u0103tre companiile de specialitate \u00een colaborare cu Facultatea de Electronic\u0103, Telecomunica\u021bii \u0219i Tehnologia Informa\u021biei. Tech Talks from Ericsson &#8211; 2024 (4G, 5G, Cloud) Specialistii Ericsson va dau intalnire la o serie de cinci&#8230;Read More 1 November 2024 Curs gratuit Linux by Ericsson 2024. \u00censcrie-te acum! Pentru construirea unei cariere \u00een domeniul [&hellip;]<\/p>\n","protected":false},"author":5,"featured_media":0,"parent":0,"menu_order":0,"comment_status":"closed","ping_status":"closed","template":"","meta":{"_acf_changed":false,"_coblocks_attr":"","_coblocks_dimensions":"","_coblocks_responsive_height":"","_coblocks_accordion_ie_support":"","_eb_attr":"","_uag_custom_page_level_css":"","footnotes":""},"class_list":["post-5203","page","type-page","status-publish","hentry"],"acf":[],"featured_image_src":null,"uagb_featured_image_src":{"full":false,"thumbnail":false,"medium":false,"medium_large":false,"large":false,"elegant_blocks_team_1":false,"elegant_blocks_blog_1":false,"elegant_blocks_slider_1":false,"1536x1536":false,"2048x2048":false,"trp-custom-language-flag":false,"bizberg_medium":false,"bizberg_gallery":false,"bizberg_blog_list":false,"bizberg_detail_image":false,"bizberg_portfolio_homepage":false,"bizberg_blog_list_no_sidebar_1":false,"bizberg_detail_image_no_sidebar":false},"uagb_author_info":{"display_name":"Cr\u0103ciunescu R\u0103zvan-Eusebiu","author_link":"https:\/\/etti.upb.ro\/en\/author\/razvan-craciunescu\/"},"uagb_comment_info":0,"uagb_excerpt":"Pe aceast\u0103 pagin\u0103 vor fi afi\u0219ate cursurile realizate de c\u0103tre companiile de specialitate \u00een colaborare cu Facultatea de Electronic\u0103, Telecomunica\u021bii \u0219i Tehnologia Informa\u021biei. Tech Talks from Ericsson &#8211; 2024 (4G, 5G, Cloud) Specialistii Ericsson va dau intalnire la o serie de cinci&#8230;Read More 1 November 2024 Curs gratuit Linux by Ericsson 2024. \u00censcrie-te acum! Pentru&hellip;","_links":{"self":[{"href":"https:\/\/etti.upb.ro\/en\/wp-json\/wp\/v2\/pages\/5203","targetHints":{"allow":["GET"]}}],"collection":[{"href":"https:\/\/etti.upb.ro\/en\/wp-json\/wp\/v2\/pages"}],"about":[{"href":"https:\/\/etti.upb.ro\/en\/wp-json\/wp\/v2\/types\/page"}],"author":[{"embeddable":true,"href":"https:\/\/etti.upb.ro\/en\/wp-json\/wp\/v2\/users\/5"}],"replies":[{"embeddable":true,"href":"https:\/\/etti.upb.ro\/en\/wp-json\/wp\/v2\/comments?post=5203"}],"version-history":[{"count":19,"href":"https:\/\/etti.upb.ro\/en\/wp-json\/wp\/v2\/pages\/5203\/revisions"}],"predecessor-version":[{"id":7889,"href":"https:\/\/etti.upb.ro\/en\/wp-json\/wp\/v2\/pages\/5203\/revisions\/7889"}],"wp:attachment":[{"href":"https:\/\/etti.upb.ro\/en\/wp-json\/wp\/v2\/media?parent=5203"}],"curies":[{"name":"wp","href":"https:\/\/api.w.org\/{rel}","templated":true}]}}