{"id":5610,"date":"2024-07-26T17:01:11","date_gmt":"2024-07-26T14:01:11","guid":{"rendered":"https:\/\/etti.upb.ro\/?page_id=5610"},"modified":"2025-09-03T09:14:29","modified_gmt":"2025-09-03T06:14:29","slug":"repartizare-programe-de-studii","status":"publish","type":"page","link":"https:\/\/etti.upb.ro\/en\/studenti\/repartizare-programe-de-studii\/","title":{"rendered":"Allocation - study programs"},"content":{"rendered":"<div data-elementor-type=\"wp-page\" data-elementor-id=\"5610\" class=\"elementor elementor-5610\">\n\t\t\t\t<div class=\"elementor-element elementor-element-2b05371d e-flex e-con-boxed e-con e-parent\" data-id=\"2b05371d\" data-element_type=\"container\" data-e-type=\"container\">\n\t\t\t\t\t<div class=\"e-con-inner\">\n\t\t\t\t<div class=\"elementor-element elementor-element-7d01c616 elementor-widget elementor-widget-text-editor\" data-id=\"7d01c616\" data-element_type=\"widget\" data-e-type=\"widget\" data-widget_type=\"text-editor.default\">\n\t\t\t\t<div class=\"elementor-widget-container\">\n\t\t\t\t\t\t\t\t\t\n<p>\u00a0<\/p>\n<p><strong>Procedure for assigning second year students to study programs (specializations) -<\/strong><\/p>\n<p><strong>field ELECTRONIC ENGINEERING, TELECOMMUNICATIONS AND INFORMATION TECHNOLOGIES (IETTI)<\/strong><\/p>\n<ul><\/ul>\n<!-- \/wp:list -->\t\t\t\t\t\t\t\t<\/div>\n\t\t\t\t<\/div>\n\t\t\t\t\t<\/div>\n\t\t\t\t<\/div>\n\t\t<div class=\"elementor-element elementor-element-1e3ce8f e-flex e-con-boxed e-con e-parent\" data-id=\"1e3ce8f\" data-element_type=\"container\" data-e-type=\"container\">\n\t\t\t\t\t<div class=\"e-con-inner\">\n\t\t\t\t<div class=\"elementor-element elementor-element-ec03b68 elementor-widget elementor-widget-text-editor\" data-id=\"ec03b68\" data-element_type=\"widget\" data-e-type=\"widget\" data-widget_type=\"text-editor.default\">\n\t\t\t\t<div class=\"elementor-widget-container\">\n\t\t\t\t\t\t\t\t\t<p>\u00a0<\/p>\n<p>\u00a0 \u00a0 \u00a0 \u00a0 \u00a0 \u00a0 In order to be assigned to study programs (specializations) <strong>students, enrolled in the second year, academic year 2024-2025, in the field of ELECTRONIC ENGINEERING, TELECOMMUNICATIONS AND INFORMATION TECHNOLOGIES (IETTI), can express their options until September 10, 2025<\/strong> via the online form available at <a href=\"http:\/\/etti.pub.ro\/specializari\">http:\/\/etti.pub.ro\/specializari<\/a>.<\/p>\n<ul>\n<li>There is no need to submit an application to the secretariat, the registration and processing of options is done in a similar way to the options for optional subjects in the study contract.<\/li>\n<li>Students enrolled in the field of COMPUTERS AND INFORMATION TECHNOLOGY (CTI) do not have to choose their options, because within this field there is only one specialization: 'Information Engineering' to which they will be assigned by default.<\/li>\n<\/ul>\n<p>\u00a0 \u00a0 \u00a0 \u00a0 \u00a0 \u00a0<\/p>\n<p>\u00a0 \u00a0 \u00a0 \u00a0 \u00a0 \u00a0 A limited number of requests for transfer from one domain to another (IETTI-CTI or CTI-IETTI) may be approved within the limits of the enrollment figure and depending on the average. Domain transfer requests will be uploaded in the assignment section created on the <strong>04-ETTI-SPEC: Specializations (2024)<\/strong> (<a href=\"https:\/\/curs.upb.ro\/2024\/course\/view.php?id=7983\">https:\/\/curs.upb.ro\/2024\/course\/view.php?id=7983<\/a>).<\/p>\n<ul>\n<li>Students who apply to transfer their major must first register their major choices on the online form regardless of whether or not the transfer request will be approved.<\/li>\n<\/ul>\n<p>\u00a0<\/p>\n<p>\u00a0 \u00a0 \u00a0 \u00a0 \u00a0 \u00a0 For the Romanian-taught series, the following study programs are available in the IETTI field:<\/p>\n<ul>\n<li>ELA (Applied Electronics);<\/li>\n<li>RST (Telecommunication networks and software);<\/li>\n<li>TST (Telecommunications Technologies and Systems);<\/li>\n<li>MON (Microelectronics, Optoelectronics and Nanotechnologies).<\/li>\n<\/ul>\n<p>\u00a0<\/p>\n<p>\u00a0 \u00a0 \u00a0 \u00a0 \u00a0 \u00a0 For study programs in English only the following options are available<\/p>\n<ul>\n<li>ELA (Applied Electronics);<\/li>\n<li>TST (Telecommunications Technologies and Systems).<\/li>\n<\/ul>\t\t\t\t\t\t\t\t<\/div>\n\t\t\t\t<\/div>\n\t\t\t\t\t<\/div>\n\t\t\t\t<\/div>\n\t\t\t\t<\/div>","protected":false},"excerpt":{"rendered":"<p>\u00a0 Procedura de repartizare la programele de studii (specializ\u0103ri) a studen\u021bilor din anul II \u2013 domeniul INGINERIE ELECTRONIC\u0102, TELECOMUNICA\u0162II \u015eI TEHNOLOGII INFORMA\u021aIONALE (IETTI) \u00a0 \u00a0 \u00a0 \u00a0 \u00a0 \u00a0 \u00a0 \u00cen vederea repartiz\u0103rii pe programe de studii (specializ\u0103ri) studen\u0163ii, \u00eenmatricula\u0163i \u00een anul II, anul universitar 2024-2025, la domeniul INGINERIE ELECTRONIC\u0102, TELECOMUNICA\u0162II \u015eI TEHNOLOGII INFORMA\u021aIONALE (IETTI), \u00ee\u015fi pot exprima op\u0163iunile p\u00e2n\u0103 [&hellip;]<\/p>\n","protected":false},"author":29,"featured_media":0,"parent":43,"menu_order":0,"comment_status":"closed","ping_status":"closed","template":"","meta":{"_acf_changed":false,"_coblocks_attr":"","_coblocks_dimensions":"","_coblocks_responsive_height":"","_coblocks_accordion_ie_support":"","_eb_attr":"","_uag_custom_page_level_css":"","footnotes":""},"class_list":["post-5610","page","type-page","status-publish","hentry"],"acf":[],"featured_image_src":null,"uagb_featured_image_src":{"full":false,"thumbnail":false,"medium":false,"medium_large":false,"large":false,"elegant_blocks_team_1":false,"elegant_blocks_blog_1":false,"elegant_blocks_slider_1":false,"1536x1536":false,"2048x2048":false,"trp-custom-language-flag":false,"bizberg_medium":false,"bizberg_gallery":false,"bizberg_blog_list":false,"bizberg_detail_image":false,"bizberg_portfolio_homepage":false,"bizberg_blog_list_no_sidebar_1":false,"bizberg_detail_image_no_sidebar":false},"uagb_author_info":{"display_name":"Vanghele Ramona","author_link":"https:\/\/etti.upb.ro\/en\/author\/ramona-vanghele\/"},"uagb_comment_info":0,"uagb_excerpt":"\u00a0 Procedura de repartizare la programele de studii (specializ\u0103ri) a studen\u021bilor din anul II \u2013 domeniul INGINERIE ELECTRONIC\u0102, TELECOMUNICA\u0162II \u015eI TEHNOLOGII INFORMA\u021aIONALE (IETTI) \u00a0 \u00a0 \u00a0 \u00a0 \u00a0 \u00a0 \u00a0 \u00cen vederea repartiz\u0103rii pe programe de studii (specializ\u0103ri) studen\u0163ii, \u00eenmatricula\u0163i \u00een anul II, anul universitar 2024-2025, la domeniul INGINERIE ELECTRONIC\u0102, TELECOMUNICA\u0162II \u015eI TEHNOLOGII INFORMA\u021aIONALE (IETTI),&hellip;","_links":{"self":[{"href":"https:\/\/etti.upb.ro\/en\/wp-json\/wp\/v2\/pages\/5610","targetHints":{"allow":["GET"]}}],"collection":[{"href":"https:\/\/etti.upb.ro\/en\/wp-json\/wp\/v2\/pages"}],"about":[{"href":"https:\/\/etti.upb.ro\/en\/wp-json\/wp\/v2\/types\/page"}],"author":[{"embeddable":true,"href":"https:\/\/etti.upb.ro\/en\/wp-json\/wp\/v2\/users\/29"}],"replies":[{"embeddable":true,"href":"https:\/\/etti.upb.ro\/en\/wp-json\/wp\/v2\/comments?post=5610"}],"version-history":[{"count":12,"href":"https:\/\/etti.upb.ro\/en\/wp-json\/wp\/v2\/pages\/5610\/revisions"}],"predecessor-version":[{"id":9046,"href":"https:\/\/etti.upb.ro\/en\/wp-json\/wp\/v2\/pages\/5610\/revisions\/9046"}],"up":[{"embeddable":true,"href":"https:\/\/etti.upb.ro\/en\/wp-json\/wp\/v2\/pages\/43"}],"wp:attachment":[{"href":"https:\/\/etti.upb.ro\/en\/wp-json\/wp\/v2\/media?parent=5610"}],"curies":[{"name":"wp","href":"https:\/\/api.w.org\/{rel}","templated":true}]}}