{"id":6502,"date":"2024-10-01T19:12:57","date_gmt":"2024-10-01T16:12:57","guid":{"rendered":"https:\/\/etti.upb.ro\/?page_id=6502"},"modified":"2025-02-19T09:05:47","modified_gmt":"2025-02-19T07:05:47","slug":"programul-de-mobilitati-erasmus","status":"publish","type":"page","link":"https:\/\/etti.upb.ro\/en\/programul-de-mobilitati-erasmus\/","title":{"rendered":"ERASMUS+ mobility program"},"content":{"rendered":"<div data-elementor-type=\"wp-page\" data-elementor-id=\"6502\" class=\"elementor elementor-6502\">\n\t\t\t\t<div class=\"elementor-element elementor-element-46e9b393 e-flex e-con-boxed e-con e-parent\" data-id=\"46e9b393\" data-element_type=\"container\" data-e-type=\"container\">\n\t\t\t\t\t<div class=\"e-con-inner\">\n\t\t\t\t<div class=\"elementor-element elementor-element-654aaa61 elementor-widget elementor-widget-text-editor\" data-id=\"654aaa61\" data-element_type=\"widget\" data-e-type=\"widget\" data-widget_type=\"text-editor.default\">\n\t\t\t\t<div class=\"elementor-widget-container\">\n\t\t\t\t\t\t\t\t\t\n<figure class=\"wp-block-image size-large\"><img fetchpriority=\"high\" decoding=\"async\" width=\"1024\" height=\"236\" class=\"wp-image-6507\" src=\"https:\/\/etti.upb.ro\/wp-content\/uploads\/2024\/10\/erasmus-upb-banner-1.jpg-1024x236.webp\" alt=\"\" srcset=\"https:\/\/etti.upb.ro\/wp-content\/uploads\/2024\/10\/erasmus-upb-banner-1.jpg-1024x236.webp 1024w, https:\/\/etti.upb.ro\/wp-content\/uploads\/2024\/10\/erasmus-upb-banner-1.jpg-300x69.webp 300w, https:\/\/etti.upb.ro\/wp-content\/uploads\/2024\/10\/erasmus-upb-banner-1.jpg-768x177.webp 768w, https:\/\/etti.upb.ro\/wp-content\/uploads\/2024\/10\/erasmus-upb-banner-1.jpg-18x4.webp 18w, https:\/\/etti.upb.ro\/wp-content\/uploads\/2024\/10\/erasmus-upb-banner-1.jpg.webp 1300w\" sizes=\"(max-width: 1024px) 100vw, 1024px\" \/><\/figure>\n\n<p style=\"text-align: justify; font-size: 15px;\"><strong>Application for ERASMUS+ grants (scholarships) for study and placement mobilities remains open throughout the academic year according to the ERASMUS+ Student Mobility Regulation.<\/strong><\/p>\n\n<p style=\"text-align: justify; font-size: 15px;\"><strong>The competition is organized mainly in OCTOBER and MARCH.<\/strong><\/p>\n\n<p style=\"text-align: justify; font-size: 15px;\">The main selection session for the following academic year is organized in March of each academic year. Thus in the second semester, students can apply for study mobilities for the first semester of the following academic year or for the whole academic year and\/or for practice mobilities for the following academic year.<\/p>\n\n<p style=\"text-align: justify; font-size: 15px;\">In October, students can apply for the 2nd semester study mobility and for the current academic year's practice mobility (Bachelor and Master).<\/p>\n<p>The Erasmus+ mobility regulations can be found here <a href=\"https:\/\/upb.ro\/wp-content\/uploads\/2023\/03\/Regulament_Mobilitati_ERASMUS_2024.pdf\">https:\/\/upb.ro\/wp-content\/uploads\/2023\/03\/Regulament_Mobilitati_ERASMUS_2024.pdf\u00a0<\/a><\/p>\n\n<p style=\"text-align: justify; font-size: 15px;\">More details about the ERASMUS+ grant competition: <a href=\"https:\/\/upb.ro\/concurs-granturi-erasmus\/\" target=\"_blank\" rel=\"noopener\">https:\/\/upb.ro\/concurs-granturi-erasmus\/<\/a>.<\/p>\n<hr class=\"wp-block-separator has-alpha-channel-opacity\" \/>\n<p style=\"text-align: justify; font-size: 15px;\"><strong>ERASMUS+ is the EU program in the fields of education, training, youth and sport for the period 2021-2027. <\/strong><\/p>\n\n<p style=\"text-align: justify; font-size: 15px; padding-top: 20px;\"><strong>TYPES OF ACTIVITIES<\/strong><\/p>\n\n<p><\/p>\n<p>\u00a0During their university studies, a student may benefit, for each of the following cycles<br \/>of study (bachelor, master, doctorate), up to a maximum of 12 months Erasmus+ study and placement mobility.<\/p>\n<ul>\n<li><em>Study mobility for students <\/em>- students can spend from 2 to 10 months (1 or 2 semesters) per study cycle in ERASMUS+ partner universities<\/li>\n<li><em>Placement mobility for students (internships)<\/em> - Students can do an internship (e.g. from year 3 to year 4) in a company, research centre or other organization in Europe. The duration of the placement is between 2 and 4 months for bachelor and master cycles and between 2 and 10 months for doctoral cycle.<\/li>\n<li>Short-term mobilities which can be Blended Mobility or PhD students - between 5 and 30 days.<\/li>\n<li><em>Teaching mobility for teachers <\/em>- teachers can teach in ERASMUS+ partner universities<\/li>\n<\/ul>\n<p>\u00a0<\/p>\n<p><span style=\"font-size: 15px; text-align: justify;\">More details on the ERASMUS+ page: <\/span><a style=\"font-size: 15px; text-align: justify;\" href=\"https:\/\/upb.ro\/erasmus\/\" target=\"_blank;\"> https:\/\/upb.ro\/erasmus\/<\/a><span style=\"font-size: 15px; text-align: justify;\">.<\/span><\/p>\n\t\t\t\t\t\t\t\t<\/div>\n\t\t\t\t<\/div>\n\t\t\t\t\t<\/div>\n\t\t\t\t<\/div>\n\t\t<div class=\"elementor-element elementor-element-3fd2035 e-flex e-con-boxed e-con e-parent\" data-id=\"3fd2035\" data-element_type=\"container\" data-e-type=\"container\">\n\t\t\t\t\t<div class=\"e-con-inner\">\n\t\t\t\t\t<\/div>\n\t\t\t\t<\/div>\n\t\t\t\t<\/div>","protected":false},"excerpt":{"rendered":"<p>\u00censcrierea pentru ob\u0163inerea grantului (bursei) ERASMUS+ pentru mobilit\u0103\u0163ile de studiu \u015fi plasament r\u0103m\u00e2ne deschis\u0103 pe tot parcursul anului universitare conform Regulamentului Mobilita\u0163ilor Studen\u0163e\u015fti ERASMUS+. Concursul se organizeaz\u0103 \u00een principal \u00een lunile OCTOMBRIE \u015fi MARTIE. \u00cen luna Martie a fiec\u0103rui an academic se organizeaz\u0103 principala sesiune de selec\u0163ie aferent\u0103 urm\u0103torului anu academic. Astfel \u00een al doilea semestru, studen\u0163ii pot aplica pentru [&hellip;]<\/p>\n","protected":false},"author":5,"featured_media":0,"parent":0,"menu_order":0,"comment_status":"closed","ping_status":"closed","template":"","meta":{"_acf_changed":false,"_coblocks_attr":"","_coblocks_dimensions":"","_coblocks_responsive_height":"","_coblocks_accordion_ie_support":"","_eb_attr":"","_uag_custom_page_level_css":"","footnotes":""},"class_list":["post-6502","page","type-page","status-publish","hentry"],"acf":[],"featured_image_src":null,"uagb_featured_image_src":{"full":false,"thumbnail":false,"medium":false,"medium_large":false,"large":false,"elegant_blocks_team_1":false,"elegant_blocks_blog_1":false,"elegant_blocks_slider_1":false,"1536x1536":false,"2048x2048":false,"trp-custom-language-flag":false,"bizberg_medium":false,"bizberg_gallery":false,"bizberg_blog_list":false,"bizberg_detail_image":false,"bizberg_portfolio_homepage":false,"bizberg_blog_list_no_sidebar_1":false,"bizberg_detail_image_no_sidebar":false},"uagb_author_info":{"display_name":"Cr\u0103ciunescu R\u0103zvan-Eusebiu","author_link":"https:\/\/etti.upb.ro\/en\/author\/razvan-craciunescu\/"},"uagb_comment_info":0,"uagb_excerpt":"\u00censcrierea pentru ob\u0163inerea grantului (bursei) ERASMUS+ pentru mobilit\u0103\u0163ile de studiu \u015fi plasament r\u0103m\u00e2ne deschis\u0103 pe tot parcursul anului universitare conform Regulamentului Mobilita\u0163ilor Studen\u0163e\u015fti ERASMUS+. Concursul se organizeaz\u0103 \u00een principal \u00een lunile OCTOMBRIE \u015fi MARTIE. \u00cen luna Martie a fiec\u0103rui an academic se organizeaz\u0103 principala sesiune de selec\u0163ie aferent\u0103 urm\u0103torului anu academic. Astfel \u00een al doilea&hellip;","_links":{"self":[{"href":"https:\/\/etti.upb.ro\/en\/wp-json\/wp\/v2\/pages\/6502","targetHints":{"allow":["GET"]}}],"collection":[{"href":"https:\/\/etti.upb.ro\/en\/wp-json\/wp\/v2\/pages"}],"about":[{"href":"https:\/\/etti.upb.ro\/en\/wp-json\/wp\/v2\/types\/page"}],"author":[{"embeddable":true,"href":"https:\/\/etti.upb.ro\/en\/wp-json\/wp\/v2\/users\/5"}],"replies":[{"embeddable":true,"href":"https:\/\/etti.upb.ro\/en\/wp-json\/wp\/v2\/comments?post=6502"}],"version-history":[{"count":17,"href":"https:\/\/etti.upb.ro\/en\/wp-json\/wp\/v2\/pages\/6502\/revisions"}],"predecessor-version":[{"id":8030,"href":"https:\/\/etti.upb.ro\/en\/wp-json\/wp\/v2\/pages\/6502\/revisions\/8030"}],"wp:attachment":[{"href":"https:\/\/etti.upb.ro\/en\/wp-json\/wp\/v2\/media?parent=6502"}],"curies":[{"name":"wp","href":"https:\/\/api.w.org\/{rel}","templated":true}]}}