{"id":667,"date":"2020-05-23T04:20:01","date_gmt":"2020-05-23T01:20:01","guid":{"rendered":"http:\/\/wordpress.local\/?p=667"},"modified":"2025-03-12T13:02:44","modified_gmt":"2025-03-12T11:02:44","slug":"dispozitive-circuite-si-arhitecturi-electronice","status":"publish","type":"page","link":"https:\/\/etti.upb.ro\/en\/despre-noi\/departamente\/dispozitive-circuite-si-arhitecturi-electronice\/","title":{"rendered":"Electronic devices, circuits and architectures"},"content":{"rendered":"<div data-elementor-type=\"wp-page\" data-elementor-id=\"667\" class=\"elementor elementor-667\">\n\t\t\t\t<div class=\"elementor-element elementor-element-72c21a3c e-flex e-con-boxed e-con e-parent\" data-id=\"72c21a3c\" data-element_type=\"container\" data-e-type=\"container\">\n\t\t\t\t\t<div class=\"e-con-inner\">\n\t\t\t\t<div class=\"elementor-element elementor-element-7226cb96 elementor-widget elementor-widget-text-editor\" data-id=\"7226cb96\" data-element_type=\"widget\" data-e-type=\"widget\" data-widget_type=\"text-editor.default\">\n\t\t\t\t<div class=\"elementor-widget-container\">\n\t\t\t\t\t\t\t\t\t\n<p><strong>Director<\/strong>: Prof. Dr. Eng. Claudius DAN<\/p>\n<p><strong>Phone<\/strong>: 0214024824<\/p>\n\n<p><strong>Page address<\/strong>: <a style=\"color: #ff5202;\" href=\"https:\/\/www.dcae.pub.ro\" target=\"_blank\" rel=\"noopener\">https:\/\/www.dcae.pub.ro<\/a><\/p>\n\n<p style=\"text-align: justify;\">The specifics of the department can be briefly stated as the basics of electronics. The didactic and research concerns of the members cover the space delimited at one end by the physics of semiconductor devices, go through the field of semiconductor devices, go through the field of circuits and fundamental electronic systems, so that the other end reaches the level of computing architectures and programming languages. Over time, research programs have been conducted in the DCAE department in the field of semiconductor technology, electronic devices, computer systems technology (with applications in: graphics, video processing, spoken language technology and person-computer dialogue, advanced processing techniques). digital signaling, artificial intelligence and performance computing).<\/p>\n\t\t\t\t\t\t\t\t<\/div>\n\t\t\t\t<\/div>\n\t\t\t\t\t<\/div>\n\t\t\t\t<\/div>\n\t\t\t\t<\/div>","protected":false},"excerpt":{"rendered":"<p>Director: Prof. dr. ing. Claudius DAN Telefon: 0214024824 Adresa paginii: https:\/\/www.dcae.pub.ro Specificul departamentului poate fi pe scurt enun\u0163at ca fiind cel de bazele electronicii. Preocup\u0103rile didactice \u015fi de cercetare ale membrilor acoper\u0103 spa\u0163iul delimitat la o exterm\u0103 de fizica dispozitivelor semiconductoare, parcurge domeniul dispozitivelor semiconductoare, trece prin domeniul circuitelor \u015fi sistemelor electronice fundamentale, pentru ca cealalalt\u0103 extrem\u0103 s\u0103 ating\u0103 nivelul [&hellip;]<\/p>\n","protected":false},"author":1,"featured_media":670,"parent":18,"menu_order":0,"comment_status":"closed","ping_status":"closed","template":"","meta":{"_acf_changed":false,"_coblocks_attr":"","_coblocks_dimensions":"","_coblocks_responsive_height":"","_coblocks_accordion_ie_support":"","_eb_attr":"","_uag_custom_page_level_css":"","footnotes":""},"class_list":["post-667","page","type-page","status-publish","has-post-thumbnail","hentry"],"acf":[],"featured_image_src":"https:\/\/etti.upb.ro\/wp-content\/uploads\/2020\/05\/dcae.png","uagb_featured_image_src":{"full":["https:\/\/etti.upb.ro\/wp-content\/uploads\/2020\/05\/dcae.png",799,259,false],"thumbnail":["https:\/\/etti.upb.ro\/wp-content\/uploads\/2020\/05\/dcae-150x150.png",150,150,true],"medium":["https:\/\/etti.upb.ro\/wp-content\/uploads\/2020\/05\/dcae-300x97.png",300,97,true],"medium_large":["https:\/\/etti.upb.ro\/wp-content\/uploads\/2020\/05\/dcae-768x249.png",640,208,true],"large":["https:\/\/etti.upb.ro\/wp-content\/uploads\/2020\/05\/dcae.png",640,207,false],"elegant_blocks_team_1":["https:\/\/etti.upb.ro\/wp-content\/uploads\/2020\/05\/dcae-500x259.png",500,259,true],"elegant_blocks_blog_1":["https:\/\/etti.upb.ro\/wp-content\/uploads\/2020\/05\/dcae-693x259.png",693,259,true],"elegant_blocks_slider_1":["https:\/\/etti.upb.ro\/wp-content\/uploads\/2020\/05\/dcae.png",799,259,false],"1536x1536":["https:\/\/etti.upb.ro\/wp-content\/uploads\/2020\/05\/dcae.png",799,259,false],"2048x2048":["https:\/\/etti.upb.ro\/wp-content\/uploads\/2020\/05\/dcae.png",799,259,false],"trp-custom-language-flag":["https:\/\/etti.upb.ro\/wp-content\/uploads\/2020\/05\/dcae-16x5.png",16,5,true],"bizberg_medium":["https:\/\/etti.upb.ro\/wp-content\/uploads\/2020\/05\/dcae-300x259.png",300,259,true],"bizberg_gallery":["https:\/\/etti.upb.ro\/wp-content\/uploads\/2020\/05\/dcae-500x259.png",500,259,true],"bizberg_blog_list":["https:\/\/etti.upb.ro\/wp-content\/uploads\/2020\/05\/dcae-368x240.png",368,240,true],"bizberg_detail_image":["https:\/\/etti.upb.ro\/wp-content\/uploads\/2020\/05\/dcae.png",799,259,false],"bizberg_portfolio_homepage":["https:\/\/etti.upb.ro\/wp-content\/uploads\/2020\/05\/dcae-600x259.png",600,259,true],"bizberg_blog_list_no_sidebar_1":["https:\/\/etti.upb.ro\/wp-content\/uploads\/2020\/05\/dcae-220x190.png",220,190,true],"bizberg_detail_image_no_sidebar":["https:\/\/etti.upb.ro\/wp-content\/uploads\/2020\/05\/dcae.png",799,259,false]},"uagb_author_info":{"display_name":"Radu Hobincu","author_link":"https:\/\/etti.upb.ro\/en\/author\/radu-hobincu\/"},"uagb_comment_info":0,"uagb_excerpt":"Director: Prof. dr. ing. Claudius DAN Telefon: 0214024824 Adresa paginii: https:\/\/www.dcae.pub.ro Specificul departamentului poate fi pe scurt enun\u0163at ca fiind cel de bazele electronicii. Preocup\u0103rile didactice \u015fi de cercetare ale membrilor acoper\u0103 spa\u0163iul delimitat la o exterm\u0103 de fizica dispozitivelor semiconductoare, parcurge domeniul dispozitivelor semiconductoare, trece prin domeniul circuitelor \u015fi sistemelor electronice fundamentale, pentru ca&hellip;","_links":{"self":[{"href":"https:\/\/etti.upb.ro\/en\/wp-json\/wp\/v2\/pages\/667","targetHints":{"allow":["GET"]}}],"collection":[{"href":"https:\/\/etti.upb.ro\/en\/wp-json\/wp\/v2\/pages"}],"about":[{"href":"https:\/\/etti.upb.ro\/en\/wp-json\/wp\/v2\/types\/page"}],"author":[{"embeddable":true,"href":"https:\/\/etti.upb.ro\/en\/wp-json\/wp\/v2\/users\/1"}],"replies":[{"embeddable":true,"href":"https:\/\/etti.upb.ro\/en\/wp-json\/wp\/v2\/comments?post=667"}],"version-history":[{"count":23,"href":"https:\/\/etti.upb.ro\/en\/wp-json\/wp\/v2\/pages\/667\/revisions"}],"predecessor-version":[{"id":8106,"href":"https:\/\/etti.upb.ro\/en\/wp-json\/wp\/v2\/pages\/667\/revisions\/8106"}],"up":[{"embeddable":true,"href":"https:\/\/etti.upb.ro\/en\/wp-json\/wp\/v2\/pages\/18"}],"wp:featuredmedia":[{"embeddable":true,"href":"https:\/\/etti.upb.ro\/en\/wp-json\/wp\/v2\/media\/670"}],"wp:attachment":[{"href":"https:\/\/etti.upb.ro\/en\/wp-json\/wp\/v2\/media?parent=667"}],"curies":[{"name":"wp","href":"https:\/\/api.w.org\/{rel}","templated":true}]}}