{"id":6794,"date":"2024-10-22T11:52:48","date_gmt":"2024-10-22T08:52:48","guid":{"rendered":"https:\/\/etti.upb.ro\/?page_id=6794"},"modified":"2025-02-11T11:32:44","modified_gmt":"2025-02-11T09:32:44","slug":"sesiunea-de-comunicari-stiintifice-studentesti","status":"publish","type":"page","link":"https:\/\/etti.upb.ro\/en\/sesiunea-de-comunicari-stiintifice-studentesti\/","title":{"rendered":"Student Scientific Communications Session"},"content":{"rendered":"<div data-elementor-type=\"wp-page\" data-elementor-id=\"6794\" class=\"elementor elementor-6794\">\n\t\t\t\t<div class=\"elementor-element elementor-element-418efc3b e-flex e-con-boxed e-con e-parent\" data-id=\"418efc3b\" data-element_type=\"container\" data-e-type=\"container\">\n\t\t\t\t\t<div class=\"e-con-inner\">\n\t\t\t\t<div class=\"elementor-element elementor-element-4903b2fb elementor-widget elementor-widget-text-editor\" data-id=\"4903b2fb\" data-element_type=\"widget\" data-e-type=\"widget\" data-widget_type=\"text-editor.default\">\n\t\t\t\t<div class=\"elementor-widget-container\">\n\t\t\t\t\t\t\t\t\t\n<p style=\"font-size: 15px; text-align: justify;\">The student scientific communication session is addressed to undergraduate or Master students who want to present their original discoveries or implementations in a scientific event. Thus:<\/p>\n\n\n\n<ul class=\"wp-block-list\">\n<li style=\"font-size: 15px; text-align: justify;\">Students have the opportunity to present their research work, projects or studies carried out under the guidance of their teachers.<\/li>\n\n\n\n<li style=\"font-size: 15px; text-align: justify;\">Participation in this event helps to develop scientific communication, presentation and argumentation skills.<\/li>\n\n\n\n<li style=\"font-size: 15px; text-align: justify;\">It is a great event for exchanging ideas, constructive feedback and networking with other students and teachers.<\/li>\n\n\n\n<li style=\"font-size: 15px; text-align: justify;\">The best papers are often awarded prizes, both at ETTI and university level. The grand prize at university level is 10,000 lei.<\/li>\n<\/ul>\n\n\n\n<p style=\"font-size: 15px; text-align: justify; padding-top: 25px;\"><strong>Benefits for students:<\/strong><\/p>\n\n\n\n<ul class=\"wp-block-list\">\n<li style=\"font-size: 15px; text-align: justify;\"><strong>Research experience:<\/strong> Encourages engagement in undergraduate research and development<\/li>\n\n\n\n<li style=\"font-size: 15px; text-align: justify;\"><strong>Academic portfolio:<\/strong> It contributes to building a solid portfolio, useful for future applications to master's programs in the country or abroad or for employment in R&amp;D departments.<\/li>\n\n\n\n<li style=\"font-size: 15px; text-align: justify;\"><strong>Visibility:<\/strong> It gives the opportunity to get noticed by potential teachers or employers.<\/li>\n<\/ul>\n\t\t\t\t\t\t\t\t<\/div>\n\t\t\t\t<\/div>\n\t\t\t\t\t<\/div>\n\t\t\t\t<\/div>\n\t\t<div class=\"elementor-element elementor-element-1fbd48b e-flex e-con-boxed e-con e-parent\" data-id=\"1fbd48b\" data-element_type=\"container\" data-e-type=\"container\">\n\t\t\t\t\t<div class=\"e-con-inner\">\n\t\t\t\t\t<\/div>\n\t\t\t\t<\/div>\n\t\t\t\t<\/div>","protected":false},"excerpt":{"rendered":"<p>Sesiunea de comunic\u0103ri \u0219tiin\u021bifice studen\u021be\u0219ti se adreseaz\u0103 studen\u021bilor, de Licen\u021b\u0103 sau Masterat, care vor s\u0103 \u00ee\u0219i prezinte descoperirile sau implement\u0103rile originale \u00een cadrul unui eveniment \u0219tiin\u021bific. Astfel: Beneficii pentru studen\u021bi: Studentul Lefterache Alexandru-Gabriel c\u00e2\u0219tig\u0103 Premiul de Impact 2024 Facultatea de Electronic\u0103, Telecomunica\u021bii \u0219i Tehnologia Informa\u021biei are deosebita pl\u0103cere&#8230;Read More Sesiunea de Comunic\u0103ri \u0218tiin\u021bifice Studen\u021be\u0219ti 2024 Sesiunea de Comunic\u0103ri \u0218tiin\u021bifice ale [&hellip;]<\/p>\n","protected":false},"author":5,"featured_media":0,"parent":0,"menu_order":0,"comment_status":"closed","ping_status":"closed","template":"","meta":{"_acf_changed":false,"_coblocks_attr":"","_coblocks_dimensions":"","_coblocks_responsive_height":"","_coblocks_accordion_ie_support":"","_eb_attr":"","_uag_custom_page_level_css":"","footnotes":""},"class_list":["post-6794","page","type-page","status-publish","hentry"],"acf":[],"featured_image_src":null,"uagb_featured_image_src":{"full":false,"thumbnail":false,"medium":false,"medium_large":false,"large":false,"elegant_blocks_team_1":false,"elegant_blocks_blog_1":false,"elegant_blocks_slider_1":false,"1536x1536":false,"2048x2048":false,"trp-custom-language-flag":false,"bizberg_medium":false,"bizberg_gallery":false,"bizberg_blog_list":false,"bizberg_detail_image":false,"bizberg_portfolio_homepage":false,"bizberg_blog_list_no_sidebar_1":false,"bizberg_detail_image_no_sidebar":false},"uagb_author_info":{"display_name":"Cr\u0103ciunescu R\u0103zvan-Eusebiu","author_link":"https:\/\/etti.upb.ro\/en\/author\/razvan-craciunescu\/"},"uagb_comment_info":0,"uagb_excerpt":"Sesiunea de comunic\u0103ri \u0219tiin\u021bifice studen\u021be\u0219ti se adreseaz\u0103 studen\u021bilor, de Licen\u021b\u0103 sau Masterat, care vor s\u0103 \u00ee\u0219i prezinte descoperirile sau implement\u0103rile originale \u00een cadrul unui eveniment \u0219tiin\u021bific. Astfel: Beneficii pentru studen\u021bi: Studentul Lefterache Alexandru-Gabriel c\u00e2\u0219tig\u0103 Premiul de Impact 2024 Facultatea de Electronic\u0103, Telecomunica\u021bii \u0219i Tehnologia Informa\u021biei are deosebita pl\u0103cere&#8230;Read More Sesiunea de Comunic\u0103ri \u0218tiin\u021bifice Studen\u021be\u0219ti 2024&hellip;","_links":{"self":[{"href":"https:\/\/etti.upb.ro\/en\/wp-json\/wp\/v2\/pages\/6794","targetHints":{"allow":["GET"]}}],"collection":[{"href":"https:\/\/etti.upb.ro\/en\/wp-json\/wp\/v2\/pages"}],"about":[{"href":"https:\/\/etti.upb.ro\/en\/wp-json\/wp\/v2\/types\/page"}],"author":[{"embeddable":true,"href":"https:\/\/etti.upb.ro\/en\/wp-json\/wp\/v2\/users\/5"}],"replies":[{"embeddable":true,"href":"https:\/\/etti.upb.ro\/en\/wp-json\/wp\/v2\/comments?post=6794"}],"version-history":[{"count":7,"href":"https:\/\/etti.upb.ro\/en\/wp-json\/wp\/v2\/pages\/6794\/revisions"}],"predecessor-version":[{"id":7873,"href":"https:\/\/etti.upb.ro\/en\/wp-json\/wp\/v2\/pages\/6794\/revisions\/7873"}],"wp:attachment":[{"href":"https:\/\/etti.upb.ro\/en\/wp-json\/wp\/v2\/media?parent=6794"}],"curies":[{"name":"wp","href":"https:\/\/api.w.org\/{rel}","templated":true}]}}