{"id":710,"date":"2020-05-26T12:45:19","date_gmt":"2020-05-26T09:45:19","guid":{"rendered":"http:\/\/wordpress.local\/?page_id=710"},"modified":"2025-09-21T16:36:00","modified_gmt":"2025-09-21T13:36:00","slug":"domenii-licenta","status":"publish","type":"page","link":"https:\/\/etti.upb.ro\/en\/oferta-educationala\/domenii-licenta\/","title":{"rendered":"Domains"},"content":{"rendered":"<div data-elementor-type=\"wp-page\" data-elementor-id=\"710\" class=\"elementor elementor-710\">\n\t\t\t\t<div class=\"elementor-element elementor-element-21d7aedc e-flex e-con-boxed e-con e-parent\" data-id=\"21d7aedc\" data-element_type=\"container\" data-e-type=\"container\">\n\t\t\t\t\t<div class=\"e-con-inner\">\n\t\t\t\t<div class=\"elementor-element elementor-element-42f659b4 elementor-widget elementor-widget-text-editor\" data-id=\"42f659b4\" data-element_type=\"widget\" data-e-type=\"widget\" data-widget_type=\"text-editor.default\">\n\t\t\t\t<div class=\"elementor-widget-container\">\n\t\t\t\t\t\t\t\t\t\n<h3>ENGINEERING - 4 years<\/h3>\n<p style=\"text-align: justify;\">The field of study is chosen by the student when enrolling in college. This choice conditions the specialization that he can deepen starting with the third year. In the first five semesters, called <em>common trunk<\/em>, the subjects are the same for all students. At the moment, our faculty offers you three fields of study, each with its own specializations:<\/p>\n<p>\n\t\t<style>\n\t\t\t#services_1_0DPFsL8JJ4N6UabLyrhI .services_1_title_desc > h2:after{\n\t\t\t\tborder-color: #000\t\t\t}\n\n\t\t\t\n\t\t\t\/**\n\t\t\t * Responsive\n\t\t\t *\/\n\n\t\t\t@media (min-width: 768px) and (max-width: 1024px) , (min-width: 768px) and (max-width: 1024px) and (orientation: landscape) {\n\t\t\t  \t#services_1_0DPFsL8JJ4N6UabLyrhI .services-inner{\n\t\t\t  \t\tpadding-top : 50px !important;\n\t\t\t  \t\tpadding-bottom : 10px !important;\n\t\t\t  \t\tpadding-left : 0px !important;\n\t\t\t  \t\tpadding-right : 0px !important;\n\t\t\t  \t}\n\t\t\t}\n\n\t\t\t@media (min-width: 300px) and (max-width: 767px) {\n\t\t\t\t#services_1_0DPFsL8JJ4N6UabLyrhI .services-inner{\n\t\t\t  \t\tpadding-top : 50px !important;\n\t\t\t  \t\tpadding-bottom : 10px !important;\n\t\t\t  \t\tpadding-left : 0px !important;\n\t\t\t  \t\tpadding-right : 0px !important;\n\t\t\t  \t}\n\t\t\t}\n\n\t\t<\/style>\n\n\t\t<div class=\"services-main mb_services_style_1\" \n\t\t\tid=\"services_1_0DPFsL8JJ4N6UabLyrhI\">\n\n\t\t\t<div class=\"services-list\">\n\t\t        \n\t\t        <section \n\t\t        style=\"padding: 50px 0px 10px 0px\" \n\t\t        class=\"services-inner\">\n\n\t\t            <div class=\"container1\">\n\n\t\t            \t\n\t\t              \t<div class=\"row\">\n\n\t\t              \t\t\n\t\t              \t\t\t<a href=\"https:\/\/etti.upb.ro\/en\/cp_services\/cti\/\">\n\t\t\t                  \t<div class=\"col-md-4 col-sm-4 col-xs-12\">\n\t\t\t                      \t<div class=\"box shadow-large bor-lightgray text-center\">\n\t\t\t                          \t<div \n\t\t\t                          \tclass=\"icon\" \n\t\t\t                          \tstyle=\"background:#00008b\">\n\t\t\t                              \t<i class=\"fas fa-laptop-code\"><\/i>\n\t\t\t                          \t<\/div>\n\t\t\t                          \t<h3 class=\"mar-bottom-15\">\n\t\t\t                          \t\tCTI\t\t\t                          \t<\/h3>\n\t\t\t                          \t<p>Computing and Information Technology offers an outstanding software engineering education. Currently, there is only one specialization in CTI:<\/p>\n\t\t\t                      \t<\/div>\n\t\t\t                  \t<\/div>\t\n\t\t\t                  \t<\/a>\n\t\t              \t\t\t<a href=\"https:\/\/etti.upb.ro\/en\/cp_services\/etti-3\/\">\n\t\t\t                  \t<div class=\"col-md-4 col-sm-4 col-xs-12\">\n\t\t\t                      \t<div class=\"box shadow-large bor-lightgray text-center\">\n\t\t\t                          \t<div \n\t\t\t                          \tclass=\"icon\" \n\t\t\t                          \tstyle=\"background:#00008b\">\n\t\t\t                              \t<i class=\"fas fa-power-off\"><\/i>\n\t\t\t                          \t<\/div>\n\t\t\t                          \t<h3 class=\"mar-bottom-15\">\n\t\t\t                          \t\tIETTI\t\t\t                          \t<\/h3>\n\t\t\t                          \t<p>The field of electronic engineering, telecommunications and information technology provides training for a career in analog and digital electronics. At IETTI you can opt for the following specializations:<\/p>\n\t\t\t                      \t<\/div>\n\t\t\t                  \t<\/div>\t\n\t\t\t                  \t<\/a>\n\t\t              \t\t\t<a href=\"https:\/\/etti.upb.ro\/en\/cp_services\/etti-engleza\/\">\n\t\t\t                  \t<div class=\"col-md-4 col-sm-4 col-xs-12\">\n\t\t\t                      \t<div class=\"box shadow-large bor-lightgray text-center\">\n\t\t\t                          \t<div \n\t\t\t                          \tclass=\"icon\" \n\t\t\t                          \tstyle=\"background:#00008b\">\n\t\t\t                              \t<i class=\"fas fa-power-off\"><\/i>\n\t\t\t                          \t<\/div>\n\t\t\t                          \t<h3 class=\"mar-bottom-15\">\n\t\t\t                          \t\tIETTI in English\t\t\t                          \t<\/h3>\n\t\t\t                          \t<p>The field of electronics, telecommunications and information technology in English offers the same curriculum as ETTI, but in English, with the advantage of preparing students for a career in international corporations or abroad. At ETTI-EN you can opt for the following specializations:<\/p>\n\t\t\t                      \t<\/div>\n\t\t\t                  \t<\/div>\t\n\t\t\t                  \t<\/a>\n\t\t              <\/div>\n\n\t\t            <\/div>\n\n\t\t         <\/section>\n\n\t\t   \t<\/div>\n\n\t   \t<\/div>\n\n\t\t<\/p>\n<div class=\"wp-block-columns is-layout-flex wp-container-core-columns-is-layout-9d6595d7 wp-block-columns-is-layout-flex\">\n<div class=\"wp-block-column is-layout-flow wp-block-column-is-layout-flow\">\u00a0<\/div>\n\n<div class=\"wp-block-column is-layout-flow wp-block-column-is-layout-flow\">\u00a0<\/div>\n\n<div class=\"wp-block-column is-layout-flow wp-block-column-is-layout-flow\">\u00a0<\/div>\n<\/div>\n<p><\/p>\n<p>\u00a0<\/p>\n<p><\/p>\t\t\t\t\t\t\t\t<\/div>\n\t\t\t\t<\/div>\n\t\t\t\t\t<\/div>\n\t\t\t\t<\/div>\n\t\t<div class=\"elementor-element elementor-element-b013e95 e-flex e-con-boxed e-con e-parent\" data-id=\"b013e95\" data-element_type=\"container\" data-e-type=\"container\">\n\t\t\t\t\t<div class=\"e-con-inner\">\n\t\t\t\t<div class=\"elementor-element elementor-element-8234dd4 elementor-widget elementor-widget-text-editor\" data-id=\"8234dd4\" data-element_type=\"widget\" data-e-type=\"widget\" data-widget_type=\"text-editor.default\">\n\t\t\t\t<div class=\"elementor-widget-container\">\n\t\t\t\t\t\t\t\t\t<h3>Communication Sciences - 3 years&nbsp;<\/h3>\n<div>3-year undergraduate program in Social Sciences (non-engineering) with the following degree programs.&nbsp;<\/div>\t\t\t\t\t\t\t\t<\/div>\n\t\t\t\t<\/div>\n\t\t\t\t\t<\/div>\n\t\t\t\t<\/div>\n\t\t<div class=\"elementor-element elementor-element-b8eeb20 e-flex e-con-boxed e-con e-parent\" data-id=\"b8eeb20\" data-element_type=\"container\" data-e-type=\"container\" data-settings=\"{&quot;shape_divider_top&quot;:&quot;clouds&quot;}\">\n\t\t\t\t\t<div class=\"e-con-inner\">\n\t\t\t\t<div class=\"elementor-shape elementor-shape-top\" aria-hidden=\"true\" data-negative=\"false\">\n\t\t\t<svg xmlns=\"http:\/\/www.w3.org\/2000\/svg\" viewbox=\"0 0 283.5 27.8\" preserveaspectratio=\"xMidYMax slice\">\n  <path class=\"elementor-shape-fill\" d=\"M0 0v6.7c1.9-.8 4.7-1.4 8.5-1 9.5 1.1 11.1 6 11.1 6s2.1-.7 4.3-.2c2.1.5 2.8 2.6 2.8 2.6s.2-.5 1.4-.7c1.2-.2 1.7.2 1.7.2s0-2.1 1.9-2.8c1.9-.7 3.6.7 3.6.7s.7-2.9 3.1-4.1 4.7 0 4.7 0 1.2-.5 2.4 0 1.7 1.4 1.7 1.4h1.4c.7 0 1.2.7 1.2.7s.8-1.8 4-2.2c3.5-.4 5.3 2.4 6.2 4.4.4-.4 1-.7 1.8-.9 2.8-.7 4 .7 4 .7s1.7-5 11.1-6c9.5-1.1 12.3 3.9 12.3 3.9s1.2-4.8 5.7-5.7c4.5-.9 6.8 1.8 6.8 1.8s.6-.6 1.5-.9c.9-.2 1.9-.2 1.9-.2s5.2-6.4 12.6-3.3c7.3 3.1 4.7 9 4.7 9s1.9-.9 4 0 2.8 2.4 2.8 2.4 1.9-1.2 4.5-1.2 4.3 1.2 4.3 1.2.2-1 1.4-1.7 2.1-.7 2.1-.7-.5-3.1 2.1-5.5 5.7-1.4 5.7-1.4 1.5-2.3 4.2-1.1c2.7 1.2 1.7 5.2 1.7 5.2s.3-.1 1.3.5c.5.4.8.8.9 1.1.5-1.4 2.4-5.8 8.4-4 7.1 2.1 3.5 8.9 3.5 8.9s.8-.4 2 0 1.1 1.1 1.1 1.1 1.1-1.1 2.3-1.1 2.1.5 2.1.5 1.9-3.6 6.2-1.2 1.9 6.4 1.9 6.4 2.6-2.4 7.4 0c3.4 1.7 3.9 4.9 3.9 4.9s3.3-6.9 10.4-7.9 11.5 2.6 11.5 2.6.8 0 1.2.2c.4.2.9.9.9.9s4.4-3.1 8.3.2c1.9 1.7 1.5 5 1.5 5s.3-1.1 1.6-1.4c1.3-.3 2.3.2 2.3.2s-.1-1.2.5-1.9 1.9-.9 1.9-.9-4.7-9.3 4.4-13.4c5.6-2.5 9.2.9 9.2.9s5-6.2 15.9-6.2 16.1 8.1 16.1 8.1.7-.2 1.6-.4V0H0z\"\/>\n<\/svg>\n\t\t<\/div>\n\t\t<div class=\"elementor-element elementor-element-813b278 e-con-full e-flex e-con e-child\" data-id=\"813b278\" data-element_type=\"container\" data-e-type=\"container\">\n\t\t\t\t<div class=\"elementor-element elementor-element-c40ce7d elementor-widget elementor-widget-heading\" data-id=\"c40ce7d\" data-element_type=\"widget\" data-e-type=\"widget\" data-widget_type=\"heading.default\">\n\t\t\t\t<div class=\"elementor-widget-container\">\n\t\t\t\t\t<h2 class=\"elementor-heading-title elementor-size-default\"><a href=\"https:\/\/jurnalismsimediadigitala.upb.ro\/\">Digital Media<\/a><\/h2>\t\t\t\t<\/div>\n\t\t\t\t<\/div>\n\t\t\t\t<\/div>\n\t\t<div class=\"elementor-element elementor-element-328d395 e-con-full e-flex e-con e-child\" data-id=\"328d395\" data-element_type=\"container\" data-e-type=\"container\">\n\t\t\t\t<div class=\"elementor-element elementor-element-ff9f4a7 elementor-widget elementor-widget-heading\" data-id=\"ff9f4a7\" data-element_type=\"widget\" data-e-type=\"widget\" data-widget_type=\"heading.default\">\n\t\t\t\t<div class=\"elementor-widget-container\">\n\t\t\t\t\t<h2 class=\"elementor-heading-title elementor-size-default\"><a href=\"https:\/\/jurnalismsimediadigitala.upb.ro\/jurnalism\/\">Journalism<\/a><\/h2>\t\t\t\t<\/div>\n\t\t\t\t<\/div>\n\t\t\t\t<\/div>\n\t\t\t\t\t<\/div>\n\t\t\t\t<\/div>\n\t\t\t\t<\/div>","protected":false},"excerpt":{"rendered":"<p>INGINERIE &#8211; 4 ani Domeniul de studiu este ales de student la \u00eenscrierea la facultate. Aceast\u0103 alegere condi\u021bioneaz\u0103 specializarea pe care acesta o poate aprofunda \u00eencep\u00e2nd cu anul III. \u00cen primele cinci semestre, denumite trunchiul comun, disciplinele sunt acelea\u0219i pentru to\u021bi studen\u021bii. \u00cen momentul de fa\u021b\u0103, facultatea noastr\u0103 v\u0103 pune la dispozi\u021bie trei domenii de studiu, fiecare cu propriile specializ\u0103ri: [&hellip;]<\/p>\n","protected":false},"author":1,"featured_media":0,"parent":555,"menu_order":0,"comment_status":"closed","ping_status":"closed","template":"","meta":{"_acf_changed":false,"_coblocks_attr":"","_coblocks_dimensions":"","_coblocks_responsive_height":"","_coblocks_accordion_ie_support":"","_eb_attr":"","_uag_custom_page_level_css":"","footnotes":""},"class_list":["post-710","page","type-page","status-publish","hentry"],"acf":[],"featured_image_src":null,"uagb_featured_image_src":{"full":false,"thumbnail":false,"medium":false,"medium_large":false,"large":false,"elegant_blocks_team_1":false,"elegant_blocks_blog_1":false,"elegant_blocks_slider_1":false,"1536x1536":false,"2048x2048":false,"trp-custom-language-flag":false,"bizberg_medium":false,"bizberg_gallery":false,"bizberg_blog_list":false,"bizberg_detail_image":false,"bizberg_portfolio_homepage":false,"bizberg_blog_list_no_sidebar_1":false,"bizberg_detail_image_no_sidebar":false},"uagb_author_info":{"display_name":"Radu Hobincu","author_link":"https:\/\/etti.upb.ro\/en\/author\/radu-hobincu\/"},"uagb_comment_info":0,"uagb_excerpt":"INGINERIE &#8211; 4 ani Domeniul de studiu este ales de student la \u00eenscrierea la facultate. Aceast\u0103 alegere condi\u021bioneaz\u0103 specializarea pe care acesta o poate aprofunda \u00eencep\u00e2nd cu anul III. \u00cen primele cinci semestre, denumite trunchiul comun, disciplinele sunt acelea\u0219i pentru to\u021bi studen\u021bii. \u00cen momentul de fa\u021b\u0103, facultatea noastr\u0103 v\u0103 pune la dispozi\u021bie trei domenii de&hellip;","_links":{"self":[{"href":"https:\/\/etti.upb.ro\/en\/wp-json\/wp\/v2\/pages\/710","targetHints":{"allow":["GET"]}}],"collection":[{"href":"https:\/\/etti.upb.ro\/en\/wp-json\/wp\/v2\/pages"}],"about":[{"href":"https:\/\/etti.upb.ro\/en\/wp-json\/wp\/v2\/types\/page"}],"author":[{"embeddable":true,"href":"https:\/\/etti.upb.ro\/en\/wp-json\/wp\/v2\/users\/1"}],"replies":[{"embeddable":true,"href":"https:\/\/etti.upb.ro\/en\/wp-json\/wp\/v2\/comments?post=710"}],"version-history":[{"count":83,"href":"https:\/\/etti.upb.ro\/en\/wp-json\/wp\/v2\/pages\/710\/revisions"}],"predecessor-version":[{"id":9293,"href":"https:\/\/etti.upb.ro\/en\/wp-json\/wp\/v2\/pages\/710\/revisions\/9293"}],"up":[{"embeddable":true,"href":"https:\/\/etti.upb.ro\/en\/wp-json\/wp\/v2\/pages\/555"}],"wp:attachment":[{"href":"https:\/\/etti.upb.ro\/en\/wp-json\/wp\/v2\/media?parent=710"}],"curies":[{"name":"wp","href":"https:\/\/api.w.org\/{rel}","templated":true}]}}