{"id":711,"date":"2020-05-26T12:45:19","date_gmt":"2020-05-26T09:45:19","guid":{"rendered":"http:\/\/wordpress.local\/?page_id=711"},"modified":"2026-04-03T16:41:57","modified_gmt":"2026-04-03T13:41:57","slug":"programe-de-masterat","status":"publish","type":"page","link":"https:\/\/etti.upb.ro\/en\/oferta-educationala\/programe-de-masterat\/","title":{"rendered":"Master Programs"},"content":{"rendered":"<div data-elementor-type=\"wp-page\" data-elementor-id=\"711\" class=\"elementor elementor-711\">\n<div class=\"elementor-element elementor-element-ea4ef4a e-flex e-con-boxed e-con e-parent\" data-id=\"ea4ef4a\" data-element_type=\"container\" data-e-type=\"container\">\n<div class=\"e-con-inner\">\n<div class=\"elementor-element elementor-element-06ed395 elementor-widget elementor-widget-text-editor\" data-id=\"06ed395\" data-element_type=\"widget\" data-e-type=\"widget\" data-widget_type=\"text-editor.default\">\n<div class=\"elementor-widget-container\">\n<p><em><strong>There are 21 master's (research-deep) programs grouped by fields of specialization and study:<\/strong><\/em><\/p>\n<ul>\n<li style=\"text-align: justify;\">\n<p>20 master programs in Electronic Engineering, Telecommunications and Information Technologies<\/p>\n<\/li>\n<li style=\"text-align: justify;\">\n<p>1 master&#039;s program in Computer and Information Technology<\/p>\n<\/li>\n<\/ul><\/div>\n<\/p><\/div>\n<\/p><\/div>\n<\/p><\/div>\n<div class=\"elementor-element elementor-element-764be13 e-flex e-con-boxed e-con e-parent\" data-id=\"764be13\" data-element_type=\"container\" data-e-type=\"container\">\n<div class=\"e-con-inner\">\n<div class=\"elementor-element elementor-element-1d03494 elementor-widget elementor-widget-text-editor\" data-id=\"1d03494\" data-element_type=\"widget\" data-e-type=\"widget\" data-widget_type=\"text-editor.default\">\n<div class=\"elementor-widget-container\">\n<div class=\"container-fluid pt-0 pb-20\" style=\"border-radius: 25px; border: 2px solid #EFEFEF;\">\n<p>Study specializations:<\/p>\n<ul style=\"list-style-type: none;\">\n<li><a href=\"#section1\">Telecomunications<\/a><\/li>\n<li><a href=\"#section2\">Microelectronics<\/a><\/li>\n<li><a href=\"#section3\">Applications of electronics and information technology<\/a><\/li>\n<li><a href=\"#section4\">Signal, image and multimedia<\/a><\/li>\n<\/ul>\n<\/div>\n<div id=\"section1\" class=\"container-fluid bg-white pt-50 pb-50 mt-5\" style=\"border-radius: 25px; border: 2px solid #EFEFEF;\">\n<p style=\"font-size: 30px;\">Telecomunications<\/p>\n<div style=\"padding-top: 20px;\">\n<p style=\"font-size: 20px;\"><a title=\"Advanced Wireless Communications\" href=\"https:\/\/etti.upb.ro\/en\/2024\/11\/29\/advanced-wireless-communications\/\"><strong>Advanced Wireless Communications<\/strong><\/a><\/p>\n<p>Coordinator: C\u0103lin VL\u0102DEANU<\/p>\n<p><a href=\"https:\/\/etti.upb.ro\/en\/2024\/11\/29\/advanced-wireless-communications\/\">Read more<\/a><\/p>\n<\/div>\n<div style=\"padding-top: 20px;\">\n<p style=\"font-size: 20px;\"><a title=\"Mobile communications\" href=\"https:\/\/etti.upb.ro\/en\/2024\/11\/29\/comunicatii-mobile\/\"><strong>Mobile communications<\/strong><\/a><\/p>\n<p>Coordinator: Octavian FRATU<\/p>\n<p><a href=\"https:\/\/etti.upb.ro\/en\/2024\/11\/29\/comunicatii-mobile\/\">Read more<\/a><\/p>\n<\/div>\n<div style=\"padding-top: 20px;\">\n<p style=\"font-size: 20px;\"><a title=\"Management of services and networks\" href=\"https:\/\/etti.upb.ro\/en\/2024\/11\/29\/managementul-serviciilor-si-retelelor\/\"><strong>Management of services and networks<\/strong><\/a><\/p>\n<p>Coordinator: Roxana ZOICAN<\/p>\n<p><a href=\"https:\/\/etti.upb.ro\/en\/2024\/11\/29\/managementul-serviciilor-si-retelelor\/\">Read more<\/a><\/p>\n<\/div>\n<div style=\"padding-top: 20px;\">\n<p style=\"font-size: 20px;\"><a title=\"Advanced software technologies for communications\" href=\"https:\/\/etti.upb.ro\/en\/2024\/12\/02\/tehnologii-software-avansate-pentru-comunicatii\/\"><strong>Advanced software technologies for communications<\/strong><\/a><\/p>\n<p>Coordinator: Sorin ZOICAN<\/p>\n<p><a href=\"https:\/\/etti.upb.ro\/en\/2024\/12\/02\/tehnologii-software-avansate-pentru-comunicatii\/\">Read more<\/a><\/p>\n<\/div>\n<div style=\"padding-top: 20px;\">\n<p style=\"font-size: 20px;\"><a title=\"Telecomunications\" href=\"https:\/\/etti.upb.ro\/en\/2024\/12\/02\/telecomunicatii-2\/\"><strong>Telecomunications<\/strong><\/a><\/p>\n<p>Coordinator: Simona HALUNGA<\/p>\n<p><a href=\"https:\/\/etti.upb.ro\/en\/2024\/12\/02\/telecomunicatii-2\/\">Read more<\/a><\/p>\n<\/div>\n<p style=\"font-family: OpenSansRegular; font-size: 15px; text-align: justify; padding-top: 20px;\">Note: The Telecommunications complementary master's program is addressed to bachelor graduates from fields of study other than those of the ETTI faculty.<\/p>\n<\/div>\n<div id=\"section2\" class=\"container-fluid pt-50 pb-50 mt-5\" style=\"border-radius: 25px; border: 2px solid #EFEFEF;\">\n<p style=\"font-size: 30px;\">Microelectronics<\/p>\n<div style=\"padding-top: 20px;\">\n<p style=\"font-size: 20px;\"><a title=\"Advanced Computing in Embedded Systems\" href=\"https:\/\/etti.upb.ro\/en\/2024\/12\/02\/advanced-computing-in-embedded-systems\/\"><strong>Advanced Computing in Embedded Systems<\/strong><\/a><\/p>\n<p>Coordinator: George Vl\u0103du\u021b POPESCU<\/p>\n<p><a href=\"https:\/\/etti.upb.ro\/en\/2024\/12\/02\/advanced-computing-in-embedded-systems\/\">Read more<\/a><\/p>\n<\/div>\n<div style=\"padding-top: 20px;\">\n<p style=\"font-size: 20px;\"><a title=\"Advanced Microelectronics (English)\" href=\"https:\/\/etti.upb.ro\/en\/2024\/12\/02\/advanced-microelectronics\/\"><strong>Advanced Microelectronics (English)<\/strong><\/a><\/p>\n<p>Coordinator: Claudius DAN<\/p>\n<p><a href=\"https:\/\/etti.upb.ro\/en\/2024\/12\/02\/advanced-microelectronics\/\">Read more<\/a><\/p>\n<\/div>\n<div style=\"padding-top: 20px;\">\n<p style=\"font-size: 20px;\"><a title=\"Microelectronics and nanoelectronics\" href=\"https:\/\/etti.upb.ro\/en\/2024\/12\/02\/micro-si-nanoelectronica\/\"><strong>Microelectronics and nanoelectronics<\/strong><\/a><\/p>\n<p>Coordinator: Lidia DOBRESCU<\/p>\n<p><a href=\"https:\/\/etti.upb.ro\/en\/2024\/12\/02\/micro-si-nanoelectronica\/\">Read more<\/a><\/p>\n<\/div>\n<div style=\"padding-top: 20px;\">\n<p style=\"font-size: 20px;\"><a title=\"Microsystems\" href=\"https:\/\/etti.upb.ro\/en\/2024\/12\/02\/microsisteme\/\"><strong>Microsystems<\/strong><\/a><\/p>\n<p>Coordinator Gheorghe BREZEANU<\/p>\n<p><a href=\"https:\/\/etti.upb.ro\/en\/2024\/12\/02\/microsisteme\/\">Read more<\/a><\/p>\n<\/div>\n<div style=\"padding-top: 20px;\">\n<p style=\"font-size: 20px;\"><a title=\"Optoelectronics\" href=\"https:\/\/etti.upb.ro\/en\/2024\/12\/02\/optoelectronica\/\"><strong>Optoelectronics<\/strong><\/a><\/p>\n<p>Coordinator: Marian VL\u0102DESCU<\/p>\n<p><a href=\"https:\/\/etti.upb.ro\/en\/2024\/12\/02\/optoelectronica\/\">Read more<\/a><\/p>\n<\/div>\n<h2><\/h2>\n<\/div>\n<div id=\"section3\" class=\"container-fluid bg-white pt-50 pb-50 mt-5\" style=\"border-radius: 25px; border: 2px solid #EFEFEF;\">\n<h3>Applications of electronics and information technology<\/h3>\n<article data-id=\"2417\">\n<header>\n<h4><a title=\"Electric Vehicle Propulsion and Control\" href=\"https:\/\/etti.upb.ro\/en\/2024\/12\/02\/electric-vehicle-propulsion-and-control-english\/\">Electric Vehicle Propulsion and Control<\/a><\/h4>\n<\/header>\n<p>Coordinator: M\u0103d\u0103lin FRUNZETE<\/p>\n<p><a href=\"https:\/\/etti.upb.ro\/en\/2024\/12\/02\/electric-vehicle-propulsion-and-control-english\/\">Read more<\/a><\/p>\n<\/article>\n<article data-id=\"2408\">\n<header>\n<h4><a title=\"Electronics and Applied Informatics\" href=\"https:\/\/etti.upb.ro\/en\/2024\/12\/02\/electronica-si-informatica-aplicata\/\">Electronics and Applied Informatics<\/a><\/h4>\n<\/header>\n<p>Coordinator: Adriana FLORESCU<\/p>\n<p><a href=\"https:\/\/etti.upb.ro\/en\/2024\/12\/02\/electronica-si-informatica-aplicata\/\">Read more<\/a><\/p>\n<\/article>\n<article data-id=\"2384\">\n<header>\n<h4><a title=\"Electronics and Medical Informatics\" href=\"https:\/\/etti.upb.ro\/en\/2024\/12\/02\/electronica-si-informatica-medicala-2\/\">Electronics and Medical Informatics<\/a><\/h4>\n<\/header>\n<p>Coordinator: Drago\u0219 \u021aAR\u0102LUNG\u0102<\/p>\n<p><a href=\"https:\/\/etti.upb.ro\/en\/2024\/12\/02\/electronica-si-informatica-medicala-2\/\">Read more<\/a><\/p>\n<\/article>\n<article data-id=\"2434\">\n<header>\n<h4><a title=\"Quality and safety engineering in electronics and telecommunications\" href=\"https:\/\/etti.upb.ro\/en\/2024\/12\/02\/ingineria-calitatii-si-sigurantei-in-functionare-in-electronica-si-telecomunicatii\/\">Quality and safety engineering in electronics and telecommunications<\/a><\/h4>\n<\/header>\n<p>Coordinator: Ioan BACIVAROV<\/p>\n<p><a href=\"https:\/\/etti.upb.ro\/en\/2024\/12\/02\/ingineria-calitatii-si-sigurantei-in-functionare-in-electronica-si-telecomunicatii\/\">Read more<\/a><\/p>\n<\/article>\n<article data-id=\"2443\">\n<header>\n<h4><a title=\"Information and computer systems engineering\" href=\"https:\/\/etti.upb.ro\/en\/2024\/11\/29\/ingineria-informatiei-si-a-sistemelor-de-calcul\/\">Information and computer systems engineering<\/a><\/h4>\n<\/header>\n<p>Coordinator: Radu DOGARU<\/p>\n<p><a href=\"https:\/\/etti.upb.ro\/en\/2024\/11\/29\/ingineria-informatiei-si-a-sistemelor-de-calcul\/\">Read more<\/a><\/p>\n<\/article>\n<article data-id=\"2452\">\n<header>\n<h4><a title=\"Advanced integrated technologies in car electronics\" href=\"https:\/\/etti.upb.ro\/en\/2024\/12\/02\/tehnologii-integrate-avansate-in-electronica-auto\/\">Advanced integrated technologies in car electronics<\/a><\/h4>\n<\/header>\n<p>Coordinator: Alexandru VASILE<\/p>\n<p><a href=\"https:\/\/etti.upb.ro\/en\/2024\/12\/02\/tehnologii-integrate-avansate-in-electronica-auto\/\">Read more<\/a><\/p>\n<\/article>\n<\/div>\n<div id=\"section4\" class=\"container-fluid pt-50 pb-50 mt-5\" style=\"border-radius: 25px; border: 2px solid #EFEFEF;\">\n<h3>Signal, image and multimedia<\/h3>\n<article data-id=\"1021\">\n<header>\n<h4><a title=\"Intelligent Systems and Artificial Vision\" href=\"https:\/\/etti.upb.ro\/en\/2024\/12\/02\/sisteme-inteligente-pentru-vedere-artificiala\/\">Intelligent Systems and Artificial Vision<\/a><\/h4>\n<\/header>\n<p>Coordinator: Victor NEAGOE<\/p>\n<p><a href=\"https:\/\/etti.upb.ro\/en\/2024\/12\/02\/sisteme-inteligente-pentru-vedere-artificiala\/\">Read more<\/a><\/p>\n<\/article>\n<article data-id=\"1005\">\n<header>\n<h4><a title=\"Advanced techniques for digital imaging\" href=\"https:\/\/etti.upb.ro\/en\/2024\/12\/02\/tehnici-avansate-pentru-imagistica-digitala\/\">Advanced techniques for digital imaging<\/a><\/h4>\n<\/header>\n<p>Coordinator: Constantin VERTAN<\/p>\n<p><a href=\"https:\/\/etti.upb.ro\/en\/2024\/12\/02\/tehnici-avansate-pentru-imagistica-digitala\/\">Read more<\/a><\/p>\n<\/article>\n<article data-id=\"3150\">\n<header>\n<h4><a title=\"Multimedia Technologies in Biometrics and Information Security Applications\" href=\"https:\/\/etti.upb.ro\/en\/2024\/12\/02\/tehnologii-multimedia-in-aplicatii-de-biometrie-si-securitatea-informatiei-2\/\">Multimedia Technologies in Biometrics and Information Security Applications<\/a><\/h4>\n<\/header>\n<p>Coordinator: Drago\u0219 BURILEANU<\/p>\n<p><a href=\"https:\/\/etti.upb.ro\/en\/2024\/12\/02\/tehnologii-multimedia-in-aplicatii-de-biometrie-si-securitatea-informatiei-2\/\">Read more<\/a><\/p>\n<\/article>\n<article data-id=\"1011\">\n<header>\n<h4><a title=\"Multimedia technologies for the production of audiovisual and communications content\" href=\"https:\/\/etti.upb.ro\/en\/2024\/12\/02\/tehnologii-multimedia-pentru-productia-de-continut-in-domeniul-audiovizualului-si-comunicatiilor\/\">Multimedia technologies for the production of audiovisual and communications content<\/a><\/h4>\n<\/header>\n<p>Coordinator: Cristian NEGRESCU<\/p>\n<p><a href=\"https:\/\/etti.upb.ro\/en\/2024\/12\/02\/tehnologii-multimedia-pentru-productia-de-continut-in-domeniul-audiovizualului-si-comunicatiilor\/\">Read more<\/a><\/p>\n<\/article>\n<\/div><\/div>\n<\/p><\/div>\n<\/p><\/div>\n<\/p><\/div>\n<\/p><\/div>","protected":false},"excerpt":{"rendered":"<p>Exist\u0103 21 de programe de masterat (cercetare-aprofundare) grupate pe domenii de specializare \u015fi studiu: 20 programe de masterat \u00een domeniul Inginerie Electronic\u0103, Telecomunica\u0163ii \u015fi Tehnologii Informa\u0163ionale 1 program de masterat \u00een domeniul Calculatoare \u015fi Tehnologia Informa\u0163iei Specializ\u0103rile de studiu: Telecomunica\u021bii Microelectronic\u0103 Aplica\u0163ii ale electronicii \u015fi\u00a0tehnologiei informa\u0163iei Semnal, imagine \u015fi multimedia Telecomunica\u021bii Advanced Wireless Communications (English) Coordinator: C\u0103lin VL\u0102DEANU Cite\u0219te mai [&hellip;]<\/p>\n","protected":false},"author":1,"featured_media":0,"parent":555,"menu_order":0,"comment_status":"closed","ping_status":"closed","template":"","meta":{"_acf_changed":false,"_coblocks_attr":"","_coblocks_dimensions":"","_coblocks_responsive_height":"","_coblocks_accordion_ie_support":"","_eb_attr":"","_uag_custom_page_level_css":"","footnotes":""},"class_list":["post-711","page","type-page","status-publish","hentry"],"acf":[],"featured_image_src":null,"uagb_featured_image_src":{"full":false,"thumbnail":false,"medium":false,"medium_large":false,"large":false,"elegant_blocks_team_1":false,"elegant_blocks_blog_1":false,"elegant_blocks_slider_1":false,"1536x1536":false,"2048x2048":false,"trp-custom-language-flag":false,"bizberg_medium":false,"bizberg_gallery":false,"bizberg_blog_list":false,"bizberg_detail_image":false,"bizberg_portfolio_homepage":false,"bizberg_blog_list_no_sidebar_1":false,"bizberg_detail_image_no_sidebar":false},"uagb_author_info":{"display_name":"Radu Hobincu","author_link":"https:\/\/etti.upb.ro\/en\/author\/radu-hobincu\/"},"uagb_comment_info":0,"uagb_excerpt":"Exist\u0103 21 de programe de masterat (cercetare-aprofundare) grupate pe domenii de specializare \u015fi studiu: 20 programe de masterat \u00een domeniul Inginerie Electronic\u0103, Telecomunica\u0163ii \u015fi Tehnologii Informa\u0163ionale 1 program de masterat \u00een domeniul Calculatoare \u015fi Tehnologia Informa\u0163iei Specializ\u0103rile de studiu: Telecomunica\u021bii Microelectronic\u0103 Aplica\u0163ii ale electronicii \u015fi\u00a0tehnologiei informa\u0163iei Semnal, imagine \u015fi multimedia Telecomunica\u021bii Advanced Wireless Communications (English)&hellip;","_links":{"self":[{"href":"https:\/\/etti.upb.ro\/en\/wp-json\/wp\/v2\/pages\/711","targetHints":{"allow":["GET"]}}],"collection":[{"href":"https:\/\/etti.upb.ro\/en\/wp-json\/wp\/v2\/pages"}],"about":[{"href":"https:\/\/etti.upb.ro\/en\/wp-json\/wp\/v2\/types\/page"}],"author":[{"embeddable":true,"href":"https:\/\/etti.upb.ro\/en\/wp-json\/wp\/v2\/users\/1"}],"replies":[{"embeddable":true,"href":"https:\/\/etti.upb.ro\/en\/wp-json\/wp\/v2\/comments?post=711"}],"version-history":[{"count":180,"href":"https:\/\/etti.upb.ro\/en\/wp-json\/wp\/v2\/pages\/711\/revisions"}],"predecessor-version":[{"id":10409,"href":"https:\/\/etti.upb.ro\/en\/wp-json\/wp\/v2\/pages\/711\/revisions\/10409"}],"up":[{"embeddable":true,"href":"https:\/\/etti.upb.ro\/en\/wp-json\/wp\/v2\/pages\/555"}],"wp:attachment":[{"href":"https:\/\/etti.upb.ro\/en\/wp-json\/wp\/v2\/media?parent=711"}],"curies":[{"name":"wp","href":"https:\/\/api.w.org\/{rel}","templated":true}]}}