{"id":9302,"date":"2025-09-22T19:13:27","date_gmt":"2025-09-22T16:13:27","guid":{"rendered":"https:\/\/etti.upb.ro\/?page_id=9302"},"modified":"2026-02-04T19:57:30","modified_gmt":"2026-02-04T17:57:30","slug":"cercetare-stiintifica","status":"publish","type":"page","link":"https:\/\/etti.upb.ro\/en\/cercetare-stiintifica\/","title":{"rendered":"Scientific research"},"content":{"rendered":"<p>At the Faculty of Electronics, Telecommunications and Information Technology, research and innovation are an integral part of our mission, complementary to the training of future specialists in modern technical fields.<\/p>\n\n\n\n<p>The close link between teaching and research ensures the training of specialists capable of participating in innovative projects, while the involvement of teaching staff in cutting-edge research adds value to the educational process, enriching the content and teaching methods. ETTI thus promotes academic excellence through a stimulating environment that combines theory with practice and innovation.<\/p>\n\n\n\n<p>Within the Faculty of Electronics, Telecommunications and Information Technology, scientific research activity is carried out in <strong>research centers and laboratories<\/strong> with tradition and international recognition. The promotion of excellence in research is a strategic priority of the faculty, the activity being oriented towards national, European and international projects and programs.<\/p>\n\n\n\n<p>The fields covered cover areas of major interest, such as micro- and nanoelectronics, integrated systems and circuits, modern telecommunications, image and signal processing and analysis, multimedia technologies, communication systems and networks, as well as emerging information technologies. The research carried out in the faculty is reflected in valuable scientific results, recognized at national and international level, in projects won in prestigious competitions, in cooperations with renowned industrial partners and in publications in journals and conferences.<\/p>\n\n\n\n<p>The Faculty has a modern research infrastructure with state-of-the-art equipment, representative for higher technical education in Romania. It is used by teachers and researchers, as well as undergraduate, master and PhD students. Some of the research laboratories have been developed in partnership with research institutes and prestigious companies in the field, strengthening the link between academia and industry.<\/p>\n\n\n\n<p>High-performing students are encouraged to participate in research activities, having the opportunity to get involved in projects, to carry out internships and to complete their diploma or dissertation projects in the faculty centers and laboratories.<\/p>\n\n\n\n<p>There are currently 4 research centers within the faculty:<\/p>\n\n\n\n<figure class=\"wp-block-table is-style-stripes\"><table class=\"has-fixed-layout\"><tbody><tr><td><strong><mark style=\"background-color:rgba(0, 0, 0, 0)\" class=\"has-inline-color has-vivid-cyan-blue-color\">Research Center for Telecommunication Systems, Networks and Software (CCSRST)<\/mark><\/strong><br>Center Director: Prof. dr. eng. Eugen Borcoci<br><a href=\"http:\/\/www.telecom.pub.ro\/cercetare\/ccsrst\/\">http:\/\/www.telecom.pub.ro\/cercetare\/ccsrst\/<\/a><br>Self-Evaluation Report 2019-2024 - <a href=\"https:\/\/etti.upb.ro\/wp-content\/uploads\/2026\/01\/CCSRST_Raport_Farasemnatura.pdf\">here<\/a><br><br><\/td><\/tr><tr><td><strong><mark style=\"background-color:rgba(0, 0, 0, 0)\" class=\"has-inline-color has-vivid-cyan-blue-color\">Center for Space Information Research (CEOSpace Tech)<\/mark><\/strong><br>Competence Center for Smart Sensors and Big Data Technology for Space Applications<br>Competence Center for adaptation to climate change DTEClimate<br>Center Director: Prof. dr. eng. Mihai DATCU<br><a href=\"http:\/\/ceospacetech.pub.ro\/\">http:\/\/ceospacetech.pub.ro\/<\/a><br>Self-Evaluation Report 2019-2024 - <a href=\"https:\/\/etti.upb.ro\/wp-content\/uploads\/2026\/01\/CeoSpace_Raport_2019-2024.pdf\">here<\/a><br><br><\/td><\/tr><tr><td><strong><mark style=\"background-color:rgba(0, 0, 0, 0)\" class=\"has-inline-color has-vivid-cyan-blue-color\">Center for Electronics Technology and Interconnection Techniques - CETTI<\/mark><\/strong><br>Center Director: Prof. Dr. Dr. Ing. Paul SVASTA<br><a href=\"http:\/\/www.cetti.ro\">www.cetti.ro<\/a><br>Self-Evaluation Report 2019-2024 - <a href=\"https:\/\/etti.upb.ro\/wp-content\/uploads\/2026\/01\/CETTI_Raport_2019-2024_unsigned.pdf\">here<\/a><br><br><\/td><\/tr><tr><td><br><strong><mark style=\"background-color:rgba(0, 0, 0, 0)\" class=\"has-inline-color has-vivid-cyan-blue-color\">Microelectronics Research and Development Center EDIL<\/mark><\/strong><br>Center Director: Prof. dr. eng. Florin Babarada<br><a href=\"http:\/\/erris.gov.ro\/EDIL---UPB\">http:\/\/erris.gov.ro\/EDIL&#8211;UPB<\/a><br>Self-Evaluation Report 2019-2024 - <a href=\"https:\/\/etti.upb.ro\/wp-content\/uploads\/2026\/01\/EDIL_Raport.pdf\">here<\/a><br><\/td><\/tr><\/tbody><\/table><\/figure>\n\n\n<hr \/>\n<p>\u00a0<\/p>\n\n\n<p>ETTI's research activity is carried out in compliance with the Code of Ethics and Academic Deontology of the National University of Science and Technology POLITEHNICA Bucharest, as well as with the institutional procedures on academic integrity. Research ethics issues are analyzed by <a href=\"https:\/\/upb.ro\/comisia-de-etica\/\">Ethics Committee<\/a> of the University. The Regulation on the organization and functioning of the University Ethics Commission can be consulted at <a href=\"https:\/\/upb.ro\/wp-content\/uploads\/2022\/11\/Regulament-Comisia-de-Etica-Universitara.pdf\">here<\/a>.<\/p>\n\n\n<hr \/>\n<p>\u00a0<\/p>\n\n\n<p>ETTI Scientific Research Synthesis Report - <a href=\"https:\/\/etti.upb.ro\/wp-content\/uploads\/2026\/01\/Raport-De-Cercetare-\u2013-2025.pdf\">2025<\/a><\/p>\n\n\n\n<p>Full list of patents, research contracts and ETTI publications and how they fit into the assumed research directions - <a href=\"https:\/\/etti.upb.ro\/wp-content\/uploads\/2026\/02\/2025_ETTI_DateComplete_Cercetare_DePublicat.pdf\">2025<\/a><\/p>\n\n\n\n<p>Scientific Research Synthesis Report - <a href=\"https:\/\/etti.upb.ro\/wp-content\/uploads\/2023\/11\/RaportCercetare2024_pt-site-1.pdf\">the year 2024<\/a><\/p>\n\n\n\n<p>Research strategy and infrastructure - <a href=\"https:\/\/etti.upb.ro\/wp-content\/uploads\/2026\/02\/ETTI_Strategie_2024.pdf\">2024 - 2029<\/a><\/p>\n\n\n\n<p>Integrating report on scientific research from 2020 - 2023 <a href=\"https:\/\/etti.upb.ro\/wp-content\/uploads\/2026\/01\/ETTI_Raport2020-2023.pdf\">here<\/a><\/p>\n\n\n<p><\/p>","protected":false},"excerpt":{"rendered":"<p>La Facultatea de Electronic\u0103, Telecomunica\u021bii \u0219i Tehnologia Informa\u021biei, cercetarea \u0219i inovarea sunt parte integrant\u0103 din misiunea noastr\u0103, complementar preg\u0103tirii viitorilor speciali\u0219ti \u00een domenii tehnice moderne. Leg\u0103tura str\u00e2ns\u0103 dintre \u00eenv\u0103\u021b\u0103m\u00e2nt \u0219i cercetare asigur\u0103 formarea unor speciali\u0219ti capabili s\u0103 participe la proiecte inovatoare, \u00een timp ce implicarea cadrelor didactice \u00een cercetare de v\u00e2rf aduce plus-valoare procesului educa\u021bional, \u00eembog\u0103\u021bind con\u021binutul \u0219i metodele de [&hellip;]<\/p>\n","protected":false},"author":15,"featured_media":0,"parent":0,"menu_order":0,"comment_status":"closed","ping_status":"closed","template":"","meta":{"_acf_changed":false,"_coblocks_attr":"","_coblocks_dimensions":"","_coblocks_responsive_height":"","_coblocks_accordion_ie_support":"","_eb_attr":"","_uag_custom_page_level_css":"","footnotes":""},"class_list":["post-9302","page","type-page","status-publish","hentry"],"acf":[],"featured_image_src":null,"uagb_featured_image_src":{"full":false,"thumbnail":false,"medium":false,"medium_large":false,"large":false,"elegant_blocks_team_1":false,"elegant_blocks_blog_1":false,"elegant_blocks_slider_1":false,"1536x1536":false,"2048x2048":false,"trp-custom-language-flag":false,"bizberg_medium":false,"bizberg_gallery":false,"bizberg_blog_list":false,"bizberg_detail_image":false,"bizberg_portfolio_homepage":false,"bizberg_blog_list_no_sidebar_1":false,"bizberg_detail_image_no_sidebar":false},"uagb_author_info":{"display_name":"Florea Laura","author_link":"https:\/\/etti.upb.ro\/en\/author\/laura-florea\/"},"uagb_comment_info":0,"uagb_excerpt":"La Facultatea de Electronic\u0103, Telecomunica\u021bii \u0219i Tehnologia Informa\u021biei, cercetarea \u0219i inovarea sunt parte integrant\u0103 din misiunea noastr\u0103, complementar preg\u0103tirii viitorilor speciali\u0219ti \u00een domenii tehnice moderne. Leg\u0103tura str\u00e2ns\u0103 dintre \u00eenv\u0103\u021b\u0103m\u00e2nt \u0219i cercetare asigur\u0103 formarea unor speciali\u0219ti capabili s\u0103 participe la proiecte inovatoare, \u00een timp ce implicarea cadrelor didactice \u00een cercetare de v\u00e2rf aduce plus-valoare procesului educa\u021bional,&hellip;","_links":{"self":[{"href":"https:\/\/etti.upb.ro\/en\/wp-json\/wp\/v2\/pages\/9302","targetHints":{"allow":["GET"]}}],"collection":[{"href":"https:\/\/etti.upb.ro\/en\/wp-json\/wp\/v2\/pages"}],"about":[{"href":"https:\/\/etti.upb.ro\/en\/wp-json\/wp\/v2\/types\/page"}],"author":[{"embeddable":true,"href":"https:\/\/etti.upb.ro\/en\/wp-json\/wp\/v2\/users\/15"}],"replies":[{"embeddable":true,"href":"https:\/\/etti.upb.ro\/en\/wp-json\/wp\/v2\/comments?post=9302"}],"version-history":[{"count":15,"href":"https:\/\/etti.upb.ro\/en\/wp-json\/wp\/v2\/pages\/9302\/revisions"}],"predecessor-version":[{"id":9988,"href":"https:\/\/etti.upb.ro\/en\/wp-json\/wp\/v2\/pages\/9302\/revisions\/9988"}],"wp:attachment":[{"href":"https:\/\/etti.upb.ro\/en\/wp-json\/wp\/v2\/media?parent=9302"}],"curies":[{"name":"wp","href":"https:\/\/api.w.org\/{rel}","templated":true}]}}