{"id":9309,"date":"2025-09-24T18:20:32","date_gmt":"2025-09-24T15:20:32","guid":{"rendered":"https:\/\/etti.upb.ro\/?page_id=9309"},"modified":"2025-09-25T11:51:47","modified_gmt":"2025-09-25T08:51:47","slug":"comisie-facultate","status":"publish","type":"page","link":"https:\/\/etti.upb.ro\/en\/comisie-facultate\/","title":{"rendered":"Faculty Council Committees"},"content":{"rendered":"<div data-elementor-type=\"wp-page\" data-elementor-id=\"9309\" class=\"elementor elementor-9309\">\n\t\t\t\t<div class=\"elementor-element elementor-element-53d0938a e-flex e-con-boxed e-con e-parent\" data-id=\"53d0938a\" data-element_type=\"container\" data-e-type=\"container\">\n\t\t\t\t\t<div class=\"e-con-inner\">\n\t\t\t\t<div class=\"elementor-element elementor-element-51a04d97 elementor-widget elementor-widget-text-editor\" data-id=\"51a04d97\" data-element_type=\"widget\" data-e-type=\"widget\" data-widget_type=\"text-editor.default\">\n\t\t\t\t<div class=\"elementor-widget-container\">\n\t\t\t\t\t\t\t\t\t\n<div class=\"wp-block-group is-vertical is-layout-flex wp-container-core-group-is-layout-8cf370e7 wp-block-group-is-layout-flex\">\n<div class=\"wp-block-group is-vertical is-layout-flex wp-container-core-group-is-layout-8cf370e7 wp-block-group-is-layout-flex\">\n<div class=\"wp-block-group\"><div class=\"wp-block-group__inner-container is-layout-constrained wp-block-group-is-layout-constrained\">\n<div class=\"wp-block-group\"><div class=\"wp-block-group__inner-container is-layout-constrained wp-block-group-is-layout-constrained\">\n<p><strong>Committee for <em>education, lifelong learning and masters<\/em><\/strong><\/p>\n\n<ol class=\"wp-block-list\">\n<li>Prof. dr. dr. eng. UDREA Mihnea<\/li>\n\n<li>Conf. dr. eng. CONSTANTINTINESCU Rodica<\/li>\n\n<li>Conf. dr. eng. FLOREA Carmen<\/li>\n\n<li>Prof. dr. dr. eng. DAN Claudius<\/li>\n\n<li>Conf. dr. eng. FLOREA Bogdan Cristian<\/li>\n\n<li>Conf. dr. eng. VL\u0102DESCU Marian<\/li>\n\n<li>Conf. dr. eng. OBREJA \u0218erban<\/li>\n\n<li>Prof. dr. eng. NEGRESCU Cristian<\/li>\n\n<li>Conf. dr. eng. \u021aAR\u0102LUNG\u0102 Drago\u0219 Daniel<\/li>\n\n<li>Prof. dr. eng. PALEOLOGU Constantin<\/li>\n\n<li>Prof. dr. eng. BURILEANU Drago\u0219<\/li>\n\n<li>Prof. dr. eng. IONESCU Bogdan<\/li>\n\n<li>Lect. dr. BERCIA Cristina<\/li>\n\n<li>Conf. dr. eng. DROSU Oana Mihaela<\/li>\n\n<li>Prof. Dr. STAFE Mihai<\/li>\n\n<li>student ANGAN Lavinia<\/li>\n<\/ol>\n<\/div><\/div>\n<\/div><\/div>\n<\/div>\n<\/div>\n<div class=\"wp-block-group\">\n<div class=\"wp-block-group\">\n<div class=\"wp-block-group\"><div class=\"wp-block-group__inner-container is-layout-constrained wp-block-group-is-layout-constrained\">\n<p>\u00a0<\/p>\n<p><strong>Committee for <em>strategies<\/em><\/strong><\/p>\n\n<ol class=\"wp-block-list\">\n<li>Prof. dr. dr. eng. UDREA Mihnea<\/li>\n\n<li>Prof. dr. eng. NEGRESCU Cristian<\/li>\n\n<li>Conf. dr. eng. FLOREA Laura Maria<\/li>\n\n<li>Prof. dr. dr. eng. DAN Claudius<\/li>\n\n<li>Conf. dr. eng. FLOREA Bogdan Cristian<\/li>\n\n<li>Conf. dr. eng. VL\u0102DESCU Marian<\/li>\n\n<li>Conf. dr. eng. OBREJA \u0218erban<\/li>\n\n<li>Prof. dr. eng. IONESCU Bogdan<\/li>\n\n<li>Prof. dr. eng. DR\u0102GHICI Florin<\/li>\n\n<li>student CARP Bogdan George<\/li>\n\n<li>student RO\u0218U Vlad Florin<\/li>\n<\/ol>\n<\/div><\/div>\n<\/div>\n<\/div>\n<!-- \/wp:group --><!-- wp:group {\"layout\":{\"type\":\"flex\",\"orientation\":\"vertical\"}} -->\n<div class=\"wp-block-group\"><!-- wp:group {\"layout\":{\"type\":\"constrained\"}} -->\n<div class=\"wp-block-group\"><!-- wp:paragraph -->\n<p>\u00a0<\/p>\n<p><strong>Committee for <em>computerization<\/em><\/strong><\/p>\n<!-- \/wp:paragraph --><!-- wp:list {\"ordered\":true} -->\n<ol class=\"wp-block-list\"><!-- wp:list-item -->\n<li>Conf. dr. eng. EN\u0102CHESCU Marius<\/li>\n<!-- \/wp:list-item --><!-- wp:list-item -->\n<li>Conf. dr. eng. HOBINCU Radu<\/li>\n<!-- \/wp:list-item --><!-- wp:list-item -->\n<li>Conf. dr. eng. ANTONESCU Alexandru Mihai<\/li>\n<!-- \/wp:list-item --><!-- wp:list-item -->\n<li>Conf. dr. eng. FLOREA Bogdan Cristian<\/li>\n<!-- \/wp:list-item --><!-- wp:list-item -->\n<li>Conf. dr. eng. \u021aAR\u0102LUNG\u0102 Drago\u0219 Daniel<\/li>\n<!-- \/wp:list-item --><!-- wp:list-item -->\n<li>Conf. dr. eng. BADEA Radu<\/li>\n<!-- \/wp:list-item --><!-- wp:list-item -->\n<li>Conf. dr. eng. OBREJA \u0218erban<\/li>\n<!-- \/wp:list-item --><!-- wp:list-item -->\n<li>\u0218.l. dr. eng. VOICULESCU Valentin-Gabriel<\/li>\n<!-- \/wp:list-item --><!-- wp:list-item -->\n<li>student MILOIU Cristi<\/li>\n<!-- \/wp:list-item --><\/ol>\n<!-- \/wp:list --><\/div>\n<!-- \/wp:group --><\/div>\n<!-- \/wp:group --><!-- wp:group {\"layout\":{\"type\":\"flex\",\"orientation\":\"vertical\"}} -->\n<div class=\"wp-block-group\"><!-- wp:group {\"layout\":{\"type\":\"constrained\"}} -->\n<div class=\"wp-block-group\"><!-- wp:paragraph -->\n<p>\u00a0<\/p>\n<p><strong>Committee for <em>scientific research<\/em><\/strong><\/p>\n<!-- \/wp:paragraph --><!-- wp:list {\"ordered\":true} -->\n<ol class=\"wp-block-list\"><!-- wp:list-item -->\n<li>Conf. dr. eng. FLOREA Laura Maria<\/li>\n<!-- \/wp:list-item --><!-- wp:list-item -->\n<li>Prof. dr. dr. eng. CR\u0102CIUNESCU R\u0103zvan-Eusebiu<\/li>\n<!-- \/wp:list-item --><!-- wp:list-item -->\n<li>Conf. dr. eng. EN\u0102CHESCU Marius<\/li>\n<!-- \/wp:list-item --><!-- wp:list-item -->\n<li>Prof. dr. eng. Octavian FRATU<\/li>\n<!-- \/wp:list-item --><!-- wp:list-item -->\n<li>Prof. dr. eng. DR\u0102GHICI Florin<\/li>\n<!-- \/wp:list-item --><!-- wp:list-item -->\n<li>Conf. dr. eng. R\u0102DOI Anamaria<\/li>\n<!-- \/wp:list-item --><!-- wp:list-item -->\n<li>\u0218.l. dr. eng. MIH\u0102ILESCU Bogdan-Traian<\/li>\n<!-- \/wp:list-item --><!-- wp:list-item -->\n<li>Prof. dr. eng. PALEOLOGU Constantin<\/li>\n<!-- \/wp:list-item --><!-- wp:list-item -->\n<li>Student NANU Ana Maria<\/li>\n<!-- \/wp:list-item --><\/ol>\n<!-- \/wp:list --><\/div>\n<!-- \/wp:group --><\/div>\n<!-- \/wp:group --><!-- wp:group {\"layout\":{\"type\":\"flex\",\"orientation\":\"vertical\"}} -->\n<div class=\"wp-block-group\"><!-- wp:group {\"layout\":{\"type\":\"constrained\"}} -->\n<div class=\"wp-block-group\"><!-- wp:paragraph -->\n<p>\u00a0<\/p>\n<p><strong>Committee for <em>student issues<\/em><\/strong><\/p>\n<!-- \/wp:paragraph --><!-- wp:list {\"ordered\":true} -->\n<ol class=\"wp-block-list\"><!-- wp:list-item -->\n<li>Conf. dr. eng. CONSTANTINTINESCU Rodica<\/li>\n<!-- \/wp:list-item --><!-- wp:list-item -->\n<li>Conf. dr. eng. CR\u0102CIUNESCU R\u0103zvan-Eusebiu<\/li>\n<!-- \/wp:list-item --><!-- wp:list-item -->\n<li>Prof. dr. eng. PANTAZIC\u0102 Mihaela<\/li>\n<!-- \/wp:list-item --><!-- wp:list-item -->\n<li>Prof. dr. eng. EN\u0102CHESCU Marius<\/li>\n<!-- \/wp:list-item --><!-- wp:list-item -->\n<li>\u0218.l. Dr. Ing. ALEXANDRESCU Bogdan<\/li>\n<!-- \/wp:list-item --><!-- wp:list-item -->\n<li>Prof. dr. eng. ANTONESCU Alexandru Mihai<\/li>\n<!-- \/wp:list-item --><!-- wp:list-item -->\n<li>Conf. dr. eng. MOCANU Iulia<\/li>\n<!-- \/wp:list-item --><!-- wp:list-item -->\n<li>Student FURTUNA Teodor Ioan<\/li>\n<!-- \/wp:list-item --><\/ol>\n<!-- \/wp:list --><\/div>\n<!-- \/wp:group --><\/div>\n<!-- \/wp:group --><!-- wp:group {\"layout\":{\"type\":\"flex\",\"orientation\":\"vertical\"}} -->\n<div class=\"wp-block-group\"><!-- wp:group {\"layout\":{\"type\":\"constrained\"}} -->\n<div class=\"wp-block-group\"><!-- wp:paragraph -->\n<p>\u00a0<\/p>\n<p><strong>Committee for <em>financing, patrimony, resources and relations with the administration<\/em><\/strong><\/p>\n<!-- \/wp:paragraph --><!-- wp:list {\"ordered\":true} -->\n<ol class=\"wp-block-list\"><!-- wp:list-item -->\n<li>Conf. dr. eng. PANTAZIC\u0102 Mihaela<\/li>\n<!-- \/wp:list-item --><!-- wp:list-item -->\n<li>Conf. dr. eng. OBREJA \u0218erban<\/li>\n<!-- \/wp:list-item --><!-- wp:list-item -->\n<li>Conf. dr. eng. HOBINCU Radu<\/li>\n<!-- \/wp:list-item --><!-- wp:list-item -->\n<li>Conf. dr. eng. R\u0102DOI Anamaria<\/li>\n<!-- \/wp:list-item --><!-- wp:list-item -->\n<li>Conf. dr. eng. BADEA Radu<\/li>\n<!-- \/wp:list-item --><!-- wp:list-item -->\n<li>Conf. dr. eng. ANTONESCU Alexandru Mihai<\/li>\n<!-- \/wp:list-item --><!-- wp:list-item -->\n<li>Conf. dr. eng. PERISOARA Lucian<\/li>\n<!-- \/wp:list-item --><!-- wp:list-item -->\n<li>Student RADU Alexandru Theodor Alexandru<\/li>\n<!-- \/wp:list-item --><\/ol>\n<!-- \/wp:list --><\/div>\n<!-- \/wp:group --><\/div>\n<!-- \/wp:group --><!-- wp:group {\"layout\":{\"type\":\"flex\",\"orientation\":\"vertical\"}} -->\n<div class=\"wp-block-group\"><!-- wp:group {\"layout\":{\"type\":\"constrained\"}} -->\n<div class=\"wp-block-group\"><!-- wp:paragraph -->\n<p>\u00a0<\/p>\n<p><strong>Commission<\/strong> <strong>to<\/strong> <strong><em>evaluation<\/em><\/strong> <strong><em>academi<\/em><\/strong><strong><em>c<\/em><\/strong><strong><em>\u0103,<\/em><\/strong> <strong><em>ethics,<\/em><\/strong> <strong><em>d<\/em><\/strong><strong><em>iscipline<\/em><\/strong><\/p>\n<!-- \/wp:paragraph --><!-- wp:list {\"ordered\":true} -->\n<ol class=\"wp-block-list\"><!-- wp:list-item -->\n<li>Conf. dr. eng. CONSTANTINTINESCU Rodica<\/li>\n<!-- \/wp:list-item --><!-- wp:list-item -->\n<li>Prof. dr. eng. BURILEANU Drago\u0219<\/li>\n<!-- \/wp:list-item --><!-- wp:list-item -->\n<li>Conf. dr. eng. MOCANU Iulia<\/li>\n<!-- \/wp:list-item --><!-- wp:list-item -->\n<li>Prof. dr. eng. PALEOLOGU Constantin<\/li>\n<!-- \/wp:list-item --><!-- wp:list-item -->\n<li>Prof. dr. eng. MIH\u0102ILESCU Bogdan-Traian<\/li>\n<!-- \/wp:list-item --><!-- wp:list-item -->\n<li>\u0218.l. dr. eng. ALEXANDRESCU Bogdan<\/li>\n<!-- \/wp:list-item --><!-- wp:list-item -->\n<li>Student BL\u00ceNDU Delia Valentina<\/li>\n<!-- \/wp:list-item --><\/ol>\n<!-- \/wp:list --><\/div>\n<!-- \/wp:group --><\/div>\n<!-- \/wp:group --><!-- wp:group {\"layout\":{\"type\":\"flex\",\"orientation\":\"vertical\"}} -->\n<div class=\"wp-block-group\"><!-- wp:group {\"layout\":{\"type\":\"constrained\"}} -->\n<div class=\"wp-block-group\"><!-- wp:paragraph -->\n<p>\u00a0<\/p>\n<p><strong>Committee for <em>image and internationalization<\/em><\/strong><\/p>\n<!-- \/wp:paragraph --><!-- wp:list {\"ordered\":true} -->\n<ol class=\"wp-block-list\"><!-- wp:list-item -->\n<li>Conf. dr. eng. FLOREA Laura Maria<\/li>\n<!-- \/wp:list-item --><!-- wp:list-item -->\n<li>Prof. dr. dr. eng. CR\u0102CIUNESCU R\u0103zvan-Eusebiu<\/li>\n<!-- \/wp:list-item --><!-- wp:list-item -->\n<li>Conf. dr. eng. EN\u0102CHESCU Marius<\/li>\n<!-- \/wp:list-item --><!-- wp:list-item -->\n<li>Conf. dr. eng. N\u0102STAC Dumitru Iulian<\/li>\n<!-- \/wp:list-item --><!-- wp:list-item -->\n<li>Conf. dr. eng. \u021aAR\u0102LUNG\u0102 Drago\u0219 Daniel<\/li>\n<!-- \/wp:list-item --><!-- wp:list-item -->\n<li>Conf. dr. eng. HOBINCU Radu<\/li>\n<!-- \/wp:list-item --><!-- wp:list-item -->\n<li>\u0218.l. dr. eng. MIH\u0102ILESCU Bogdan-Traian<\/li>\n<!-- \/wp:list-item --><!-- wp:list-item -->\n<li>Conf. dr. eng. MOCANU Iulia<\/li>\n<!-- \/wp:list-item --><!-- wp:list-item -->\n<li>\u0218.l. dr. eng. VOICULESCU Valentin-Gabriel<\/li>\n<!-- \/wp:list-item --><!-- wp:list-item -->\n<li>Conf. dr. eng. DROSU Oana Mihaela<\/li>\n<!-- \/wp:list-item --><!-- wp:list-item -->\n<li>Student LUNGU Radu Mihai<\/li>\n<!-- \/wp:list-item --><\/ol>\n<!-- \/wp:list --><\/div>\n<!-- \/wp:group --><\/div>\n<!-- \/wp:group --><!-- wp:group {\"layout\":{\"type\":\"flex\",\"orientation\":\"vertical\"}} -->\n<div class=\"wp-block-group\"><!-- wp:group {\"layout\":{\"type\":\"constrained\"}} -->\n<div class=\"wp-block-group\"><!-- wp:paragraph -->\n<p>\u00a0<\/p>\n<p><strong>Committee for<em> quality assurance and quality assessment<\/em><\/strong><\/p>\n<!-- \/wp:paragraph --><!-- wp:list {\"ordered\":true} -->\n<ol class=\"wp-block-list\"><!-- wp:list-item -->\n<li>Conf. dr. eng. FLOREA Carmen<\/li>\n<!-- \/wp:list-item --><!-- wp:list-item -->\n<li>Conf. dr. eng. PANTAZIC\u0102 Mihaela<\/li>\n<!-- \/wp:list-item --><!-- wp:list-item -->\n<li>Conf. dr. eng. FLOREA Bogdan Cristian<\/li>\n<!-- \/wp:list-item --><!-- wp:list-item -->\n<li>Prof. dr. eng. DR\u0102GHICI Florin<\/li>\n<!-- \/wp:list-item --><!-- wp:list-item -->\n<li>Prof. dr. eng. Octavian FRATU<\/li>\n<!-- \/wp:list-item --><!-- wp:list-item -->\n<li>Conf. dr. eng. MOCANU Iulia<\/li>\n<!-- \/wp:list-item --><!-- wp:list-item -->\n<li>Conf. dr. eng. \u021aAR\u0102LUNG\u0102 Drago\u0219 Daniel<\/li>\n<!-- \/wp:list-item --><!-- wp:list-item -->\n<li>Conf. dr. eng. PERI\u0218OAR\u0102 Lucian<\/li>\n<!-- \/wp:list-item --><!-- wp:list-item -->\n<li>student NAZ\u00ceRU Ionela Miruna<\/li>\n<!-- \/wp:list-item --><\/ol>\n<!-- \/wp:list --><\/div>\n<!-- \/wp:group --><\/div>\n<!-- \/wp:group --><!-- wp:paragraph -->\n<p>\u00a0<\/p>\n<!-- \/wp:paragraph -->\t\t\t\t\t\t\t\t<\/div>\n\t\t\t\t<\/div>\n\t\t\t\t\t<\/div>\n\t\t\t\t<\/div>\n\t\t\t\t<\/div>","protected":false},"excerpt":{"rendered":"<p>Comisia pentru \u00eenv\u0103\u0163\u0103m\u00e2nt, formare continu\u0103 \u015fi masterat \u00a0 Comisia pentru strategie \u00a0 Comisia pentru informatizare Conf. dr. ing. EN\u0102CHESCU Marius Conf. dr. ing. HOBINCU Radu Conf. dr. ing. ANTONESCU Alexandru Mihai Conf. dr. ing. FLOREA Bogdan Cristian Conf. dr. ing. \u021aAR\u0102LUNG\u0102 Drago\u0219 Daniel Conf. dr. ing. BADEA Radu Conf. dr. ing. OBREJA \u0218erban \u0218.l. dr. ing. VOICULESCU Valentin-Gabriel student MILOIU [&hellip;]<\/p>\n","protected":false},"author":29,"featured_media":0,"parent":0,"menu_order":0,"comment_status":"closed","ping_status":"closed","template":"","meta":{"_acf_changed":false,"_coblocks_attr":"","_coblocks_dimensions":"","_coblocks_responsive_height":"","_coblocks_accordion_ie_support":"","_eb_attr":"","_uag_custom_page_level_css":"","footnotes":""},"class_list":["post-9309","page","type-page","status-publish","hentry"],"acf":[],"featured_image_src":null,"uagb_featured_image_src":{"full":false,"thumbnail":false,"medium":false,"medium_large":false,"large":false,"elegant_blocks_team_1":false,"elegant_blocks_blog_1":false,"elegant_blocks_slider_1":false,"1536x1536":false,"2048x2048":false,"trp-custom-language-flag":false,"bizberg_medium":false,"bizberg_gallery":false,"bizberg_blog_list":false,"bizberg_detail_image":false,"bizberg_portfolio_homepage":false,"bizberg_blog_list_no_sidebar_1":false,"bizberg_detail_image_no_sidebar":false},"uagb_author_info":{"display_name":"Vanghele Ramona","author_link":"https:\/\/etti.upb.ro\/en\/author\/ramona-vanghele\/"},"uagb_comment_info":0,"uagb_excerpt":"Comisia pentru \u00eenv\u0103\u0163\u0103m\u00e2nt, formare continu\u0103 \u015fi masterat \u00a0 Comisia pentru strategie \u00a0 Comisia pentru informatizare Conf. dr. ing. EN\u0102CHESCU Marius Conf. dr. ing. HOBINCU Radu Conf. dr. ing. ANTONESCU Alexandru Mihai Conf. dr. ing. FLOREA Bogdan Cristian Conf. dr. ing. \u021aAR\u0102LUNG\u0102 Drago\u0219 Daniel Conf. dr. ing. BADEA Radu Conf. dr. ing. OBREJA \u0218erban \u0218.l. dr.&hellip;","_links":{"self":[{"href":"https:\/\/etti.upb.ro\/en\/wp-json\/wp\/v2\/pages\/9309","targetHints":{"allow":["GET"]}}],"collection":[{"href":"https:\/\/etti.upb.ro\/en\/wp-json\/wp\/v2\/pages"}],"about":[{"href":"https:\/\/etti.upb.ro\/en\/wp-json\/wp\/v2\/types\/page"}],"author":[{"embeddable":true,"href":"https:\/\/etti.upb.ro\/en\/wp-json\/wp\/v2\/users\/29"}],"replies":[{"embeddable":true,"href":"https:\/\/etti.upb.ro\/en\/wp-json\/wp\/v2\/comments?post=9309"}],"version-history":[{"count":27,"href":"https:\/\/etti.upb.ro\/en\/wp-json\/wp\/v2\/pages\/9309\/revisions"}],"predecessor-version":[{"id":9347,"href":"https:\/\/etti.upb.ro\/en\/wp-json\/wp\/v2\/pages\/9309\/revisions\/9347"}],"wp:attachment":[{"href":"https:\/\/etti.upb.ro\/en\/wp-json\/wp\/v2\/media?parent=9309"}],"curies":[{"name":"wp","href":"https:\/\/api.w.org\/{rel}","templated":true}]}}