{"id":9348,"date":"2025-09-25T12:05:21","date_gmt":"2025-09-25T09:05:21","guid":{"rendered":"https:\/\/etti.upb.ro\/?page_id=9348"},"modified":"2026-01-29T14:09:07","modified_gmt":"2026-01-29T12:09:07","slug":"calitate","status":"publish","type":"page","link":"https:\/\/etti.upb.ro\/en\/calitate\/","title":{"rendered":"Quality"},"content":{"rendered":"<div data-elementor-type=\"wp-page\" data-elementor-id=\"9348\" class=\"elementor elementor-9348\">\n\t\t\t\t<div class=\"elementor-element elementor-element-2ba0f8b1 e-flex e-con-boxed e-con e-parent\" data-id=\"2ba0f8b1\" data-element_type=\"container\" data-e-type=\"container\">\n\t\t\t\t\t<div class=\"e-con-inner\">\n\t\t\t\t<div class=\"elementor-element elementor-element-5608f63f elementor-widget elementor-widget-text-editor\" data-id=\"5608f63f\" data-element_type=\"widget\" data-e-type=\"widget\" data-widget_type=\"text-editor.default\">\n\t\t\t\t<div class=\"elementor-widget-container\">\n\t\t\t\t\t\t\t\t\t<div>\n<p>Nominal composition of the Faculty Commission for the Implementation of Quality Assurance Standards:<\/p>\n<ol class=\"wp-block-list\">\n<li style=\"list-style-type: none;\">\n<ol><\/ol>\n<\/li>\n<\/ol>\n<ol>\n<li style=\"list-style-type: none;\">\n<ol>\n<li>Prof. dr. dr. eng. Mihnea UDREA, President<\/li>\n<li>Associate Professor Carmen FLOREA, PhD<\/li>\n<li>Prof. Dr. Eng. Ruxandra \u021aAPU<\/li>\n<li>Prof. Dr. Eng. Constantin PALEOLOGU<\/li>\n<li>Conf. dr. eng. Daniela FAUR<\/li>\n<li>\u0218.l. dr. dr. eng. George-Vl\u0103du\u021b POPESCU<\/li>\n<li>Associate Professor Petru-Lucian MILEA, PhD<\/li>\n<li>Dan-Mihai LUPU - student<\/li>\n<li>Ana-Maria-Teodora MLADIN - student<\/li>\n<li>Florian BU\u0218ESCU \u2013 student<\/li>\n<\/ol>\n<\/li>\n<\/ol>\n<p><\/p>\n<p><\/p>\n<\/div>\n<p><!-- \/wp:group --><!-- wp:paragraph --><\/p>\n<p><!-- \/wp:paragraph --><!-- wp:paragraph --><\/p>\n<p><!-- \/wp:paragraph --><!-- wp:paragraph --><\/p>\n<p>Responsible for quality assurance at departmental level:<\/p>\n<ol>\n<li>Conf. dr. eng. Nicolae MILITARU, Telecommunications Department<\/li>\n<li>\u0218.l. dr. dr. eng. Valentin-Ionel FEIE\u0218, Electronic Technology and Reliability Department<\/li>\n<li>Conf. dr. eng. Anamaria R\u0102DOI, Applied Electronics and Information Engineering Department<\/li>\n<li>PhD Eng. Georgian NICOLAE, Electronic Devices, Circuits and Architectures Department<\/li>\n<\/ol>\n<ol><!-- \/wp:list-item --><!-- wp:list-item --><!-- \/wp:list-item --><!-- wp:list-item --><!-- \/wp:list-item --><!-- wp:list-item --><!-- \/wp:list-item --><\/ol>\n<p><!-- \/wp:list --><!-- wp:paragraph --><\/p>\n<p><!-- \/wp:paragraph --><\/p>\t\t\t\t\t\t\t\t<\/div>\n\t\t\t\t<\/div>\n\t\t\t\t\t<\/div>\n\t\t\t\t<\/div>\n\t\t\t\t<\/div>","protected":false},"excerpt":{"rendered":"<p>Componen\u021ba nominal\u0103 a Comisiei Facult\u0103\u021bii pentru Implementarea Standardelor de Asigurare a Calit\u0103\u021bii: Responsabil de asigurarea calit\u0103\u021bii la nivelul departamentelor: Conf. dr. ing. Nicolae MILITARU, departamentul Telecomunica\u021bii \u0218.l. dr. ing. Valentin-Ionel FEIE\u0218, departamentul Tehnologie Electronic\u0103 \u015fi Fiabilitate Conf. dr. ing. Anamaria R\u0102DOI, departamentul Electronic\u0103 aplicat\u0103 \u0219i ingineria informa\u021biei \u0218l. dr. ing. Georgian NICOLAE, departamentul Dispozitive, circuite \u0219i arhitecturi electronice<\/p>","protected":false},"author":16,"featured_media":0,"parent":0,"menu_order":0,"comment_status":"closed","ping_status":"closed","template":"","meta":{"_acf_changed":false,"_coblocks_attr":"","_coblocks_dimensions":"","_coblocks_responsive_height":"","_coblocks_accordion_ie_support":"","_eb_attr":"","_uag_custom_page_level_css":"","footnotes":""},"class_list":["post-9348","page","type-page","status-publish","hentry"],"acf":[],"featured_image_src":null,"uagb_featured_image_src":{"full":false,"thumbnail":false,"medium":false,"medium_large":false,"large":false,"elegant_blocks_team_1":false,"elegant_blocks_blog_1":false,"elegant_blocks_slider_1":false,"1536x1536":false,"2048x2048":false,"trp-custom-language-flag":false,"bizberg_medium":false,"bizberg_gallery":false,"bizberg_blog_list":false,"bizberg_detail_image":false,"bizberg_portfolio_homepage":false,"bizberg_blog_list_no_sidebar_1":false,"bizberg_detail_image_no_sidebar":false},"uagb_author_info":{"display_name":"Florea Carmen","author_link":"https:\/\/etti.upb.ro\/en\/author\/carmen-florea\/"},"uagb_comment_info":0,"uagb_excerpt":"Componen\u021ba nominal\u0103 a Comisiei Facult\u0103\u021bii pentru Implementarea Standardelor de Asigurare a Calit\u0103\u021bii: Responsabil de asigurarea calit\u0103\u021bii la nivelul departamentelor: Conf. dr. ing. Nicolae MILITARU, departamentul Telecomunica\u021bii \u0218.l. dr. ing. Valentin-Ionel FEIE\u0218, departamentul Tehnologie Electronic\u0103 \u015fi Fiabilitate Conf. dr. ing. Anamaria R\u0102DOI, departamentul Electronic\u0103 aplicat\u0103 \u0219i ingineria informa\u021biei \u0218l. dr. ing. Georgian NICOLAE, departamentul Dispozitive, circuite&hellip;","_links":{"self":[{"href":"https:\/\/etti.upb.ro\/en\/wp-json\/wp\/v2\/pages\/9348","targetHints":{"allow":["GET"]}}],"collection":[{"href":"https:\/\/etti.upb.ro\/en\/wp-json\/wp\/v2\/pages"}],"about":[{"href":"https:\/\/etti.upb.ro\/en\/wp-json\/wp\/v2\/types\/page"}],"author":[{"embeddable":true,"href":"https:\/\/etti.upb.ro\/en\/wp-json\/wp\/v2\/users\/16"}],"replies":[{"embeddable":true,"href":"https:\/\/etti.upb.ro\/en\/wp-json\/wp\/v2\/comments?post=9348"}],"version-history":[{"count":14,"href":"https:\/\/etti.upb.ro\/en\/wp-json\/wp\/v2\/pages\/9348\/revisions"}],"predecessor-version":[{"id":9824,"href":"https:\/\/etti.upb.ro\/en\/wp-json\/wp\/v2\/pages\/9348\/revisions\/9824"}],"wp:attachment":[{"href":"https:\/\/etti.upb.ro\/en\/wp-json\/wp\/v2\/media?parent=9348"}],"curies":[{"name":"wp","href":"https:\/\/api.w.org\/{rel}","templated":true}]}}