{"id":9810,"date":"2026-01-28T20:40:46","date_gmt":"2026-01-28T18:40:46","guid":{"rendered":"https:\/\/etti.upb.ro\/?page_id=9810"},"modified":"2026-01-31T19:05:12","modified_gmt":"2026-01-31T17:05:12","slug":"feedback","status":"publish","type":"page","link":"https:\/\/etti.upb.ro\/en\/feedback\/","title":{"rendered":"Feedback"},"content":{"rendered":"<div data-elementor-type=\"wp-page\" data-elementor-id=\"9810\" class=\"elementor elementor-9810\">\n<div class=\"elementor-element elementor-element-e4c5975 e-flex e-con-boxed e-con e-parent\" data-id=\"e4c5975\" data-element_type=\"container\" data-e-type=\"container\">\n<div class=\"e-con-inner\">\n<div class=\"elementor-element elementor-element-d9537b4 elementor-widget elementor-widget-text-editor\" data-id=\"d9537b4\" data-element_type=\"widget\" data-e-type=\"widget\" data-widget_type=\"text-editor.default\">\n<div class=\"elementor-widget-container\">\n<p data-path-to-node=\"4,0\"><a href=\"https:\/\/feedback.etti.upb.ro\/\"><b data-path-to-node=\"4,0\" data-index-in-node=\"0\">ETTI Feedback Platform<\/b><\/a><\/p>\n<p data-path-to-node=\"4,1\">By clicking on the link in the title, you have two main functions:<\/p>\n<ul data-path-to-node=\"4,2\">\n<li>\n<p data-path-to-node=\"4,2,0,0\"><b data-path-to-node=\"4,2,0,0\" data-index-in-node=\"0\">First Page (Evaluation Form):<\/b> Section dedicated to students to fill in questionnaires to evaluate their teaching activity.<\/p>\n<\/li>\n<li>\n<p data-path-to-node=\"4,2,1,0\"><b data-path-to-node=\"4,2,1,0\" data-index-in-node=\"0\">List Programs (Results):<\/b> Public section providing transparency of the process, allowing real-time viewing of aggregated feedback for each discipline of the ETTI study programs.<\/p>\n<\/li>\n<\/ul>\n<p>\u00a0<\/p>\n<\/p><\/div>\n<\/p><\/div>\n<\/p><\/div>\n<\/p><\/div>\n<\/p><\/div>","protected":false},"excerpt":{"rendered":"<p>ETTI Feedback Platform By clicking on the link in the title, two main functions are available: Home Page (Evaluation Form): the section dedicated to students to fill in the questionnaires for the evaluation of teaching activity. Program List (Results): The public section that ensures the transparency of the process, allowing you to view in real time the aggregated feedback for each discipline of the ETTI study programs. \u00a0<\/p>","protected":false},"author":29,"featured_media":0,"parent":0,"menu_order":0,"comment_status":"closed","ping_status":"closed","template":"","meta":{"_acf_changed":false,"_coblocks_attr":"","_coblocks_dimensions":"","_coblocks_responsive_height":"","_coblocks_accordion_ie_support":"","_eb_attr":"","_uag_custom_page_level_css":"","footnotes":""},"class_list":["post-9810","page","type-page","status-publish","hentry"],"acf":[],"featured_image_src":null,"uagb_featured_image_src":{"full":false,"thumbnail":false,"medium":false,"medium_large":false,"large":false,"elegant_blocks_team_1":false,"elegant_blocks_blog_1":false,"elegant_blocks_slider_1":false,"1536x1536":false,"2048x2048":false,"trp-custom-language-flag":false,"bizberg_medium":false,"bizberg_gallery":false,"bizberg_blog_list":false,"bizberg_detail_image":false,"bizberg_portfolio_homepage":false,"bizberg_blog_list_no_sidebar_1":false,"bizberg_detail_image_no_sidebar":false},"uagb_author_info":{"display_name":"Vanghele Ramona","author_link":"https:\/\/etti.upb.ro\/en\/author\/ramona-vanghele\/"},"uagb_comment_info":0,"uagb_excerpt":"Platforma de Feedback ETTI Prin accesarea link-ului din titlu, ave\u021bi la dispozi\u021bie dou\u0103 func\u021bii principale: Prima Pagin\u0103 (Formular de evaluare): Sec\u021biunea dedicat\u0103 studen\u021bilor pentru completarea chestionarelor de evaluare a activit\u0103\u021bii didactice. Lista Programe (Rezultate): Sec\u021biunea public\u0103 ce asigur\u0103 transparen\u021ba procesului, permi\u021b\u00e2nd vizualizarea \u00een timp real a feedback-ului agregat pentru fiecare disciplin\u0103 a programelor de studiu&hellip;","_links":{"self":[{"href":"https:\/\/etti.upb.ro\/en\/wp-json\/wp\/v2\/pages\/9810","targetHints":{"allow":["GET"]}}],"collection":[{"href":"https:\/\/etti.upb.ro\/en\/wp-json\/wp\/v2\/pages"}],"about":[{"href":"https:\/\/etti.upb.ro\/en\/wp-json\/wp\/v2\/types\/page"}],"author":[{"embeddable":true,"href":"https:\/\/etti.upb.ro\/en\/wp-json\/wp\/v2\/users\/29"}],"replies":[{"embeddable":true,"href":"https:\/\/etti.upb.ro\/en\/wp-json\/wp\/v2\/comments?post=9810"}],"version-history":[{"count":22,"href":"https:\/\/etti.upb.ro\/en\/wp-json\/wp\/v2\/pages\/9810\/revisions"}],"predecessor-version":[{"id":9976,"href":"https:\/\/etti.upb.ro\/en\/wp-json\/wp\/v2\/pages\/9810\/revisions\/9976"}],"wp:attachment":[{"href":"https:\/\/etti.upb.ro\/en\/wp-json\/wp\/v2\/media?parent=9810"}],"curies":[{"name":"wp","href":"https:\/\/api.w.org\/{rel}","templated":true}]}}